{"id":16566,"date":"2017-01-08T17:36:44","date_gmt":"2017-01-08T17:36:44","guid":{"rendered":"https:\/\/topholds.com\/oferta\/presas-escalada\/grand-canyon\/grand-canyon\/"},"modified":"2024-08-26T03:11:17","modified_gmt":"2024-08-26T03:11:17","slug":"grand-canyon","status":"publish","type":"product","link":"https:\/\/topholds.com\/de\/angebot\/klettergriffe\/grand-canyon\/","title":{"rendered":"Klettergriff Grand Canyon"},"content":{"rendered":"<p><strong>Der Grand Canyon ist ein au\u00dfergew\u00f6hnlich vielseitiger Klettergriff<\/strong>, der eine breite Palette von Griffen f\u00fcr eine oder zwei H\u00e4nde bietet, die \u00fcber seine gesamte Peripherie verteilt sind. Entwickelt mit einer <strong>weichen Sandsteintextur<\/strong>, gew\u00e4hrleistet dieser Griff einen guten Halt und ein authentisches Klettererlebnis.<\/p>\n<p>Mit gro\u00dfz\u00fcgigen <strong>Ma\u00dfen von 200 mm L\u00e4nge, 160 mm Breite und 100 mm H\u00f6he<\/strong> bietet der Grand Canyon eine gro\u00dfe Griffoberfl\u00e4che, die sich an verschiedene Kletterstile anpassen l\u00e4sst.<\/p>\n<p>F\u00fcr die Installation wird empfohlen, <strong>M10x50 oder M8x50 Schrauben<\/strong> zu verwenden. Au\u00dferdem verf\u00fcgt er \u00fcber zwei zus\u00e4tzliche L\u00f6cher, die f\u00fcr Schrauben vorgesehen sind und zus\u00e4tzliche Stabilit\u00e4t und Sicherheit bieten.<\/p>\n<p>Bitte beachten Sie, dass die Farben des Produkts von dem angezeigten Bild abweichen k\u00f6nnen. Wenn Sie eine bestimmte Farbe w\u00fcnschen, z\u00f6gern Sie nicht, uns zu kontaktieren.<\/p>\n","protected":false},"excerpt":{"rendered":"<ul>\n<li>Verschiedene Griffe f\u00fcr eine oder zwei H\u00e4nde, die \u00fcber den gesamten Umfang verteilt sind.<\/li>\n<li>Sandige Textur.<\/li>\n<li>Ausgestattet mit zwei zus\u00e4tzlichen L\u00f6chern f\u00fcr Schrauben.<\/li>\n<\/ul>\n<p>&nbsp;<\/p>\n<p>&nbsp;<\/p>\n<p>&nbsp;<\/p>\n","protected":false},"featured_media":18875,"comment_status":"open","ping_status":"closed","template":"","meta":[],"product_brand":[],"product_cat":[418],"product_tag":[],"class_list":{"0":"post-16566","1":"product","2":"type-product","3":"status-publish","4":"has-post-thumbnail","6":"product_cat-klettergriffe","8":"first","9":"instock","10":"taxable","11":"shipping-taxable","12":"purchasable","13":"product-type-simple"},"_links":{"self":[{"href":"https:\/\/topholds.com\/de\/wp-json\/wp\/v2\/product\/16566","targetHints":{"allow":["GET"]}}],"collection":[{"href":"https:\/\/topholds.com\/de\/wp-json\/wp\/v2\/product"}],"about":[{"href":"https:\/\/topholds.com\/de\/wp-json\/wp\/v2\/types\/product"}],"replies":[{"embeddable":true,"href":"https:\/\/topholds.com\/de\/wp-json\/wp\/v2\/comments?post=16566"}],"wp:featuredmedia":[{"embeddable":true,"href":"https:\/\/topholds.com\/de\/wp-json\/wp\/v2\/media\/18875"}],"wp:attachment":[{"href":"https:\/\/topholds.com\/de\/wp-json\/wp\/v2\/media?parent=16566"}],"wp:term":[{"taxonomy":"product_brand","embeddable":true,"href":"https:\/\/topholds.com\/de\/wp-json\/wp\/v2\/product_brand?post=16566"},{"taxonomy":"product_cat","embeddable":true,"href":"https:\/\/topholds.com\/de\/wp-json\/wp\/v2\/product_cat?post=16566"},{"taxonomy":"product_tag","embeddable":true,"href":"https:\/\/topholds.com\/de\/wp-json\/wp\/v2\/product_tag?post=16566"}],"curies":[{"name":"wp","href":"https:\/\/api.w.org\/{rel}","templated":true}]}}