{"id":16571,"date":"2017-01-15T20:50:38","date_gmt":"2017-01-15T20:50:38","guid":{"rendered":"https:\/\/topholds.com\/oferta\/presas-escalada\/tubis-duck\/tubis-duck\/"},"modified":"2024-08-26T03:12:27","modified_gmt":"2024-08-26T03:12:27","slug":"tubis-duck","status":"publish","type":"product","link":"https:\/\/topholds.com\/de\/angebot\/klettergriffe\/kinder\/tubis-duck\/","title":{"rendered":"Kinder-Klettergriff Tubis Duck"},"content":{"rendered":"<p><strong>Tubis Duck ist ein Klettergriff f\u00fcr Kinder<\/strong>, der speziell entwickelt wurde, um psychomotorische Parcours zu schaffen, die die Kleinsten sowohl unterhalten als auch anregen.<\/p>\n<p>Dieser vielseitige <em>Klettergriff f\u00fcr Kinder<\/em> ist <strong>kompatibel mit Rohren und Stangen mit einem Durchmesser von 25 mm<\/strong>, wie sie in der Sanit\u00e4rtechnik verwendet werden. Gestalte und dekoriere die Rohre mit bunten B\u00e4ndern, um ein ansprechendes und lustiges Finish zu einem minimalen Preis zu erzielen.<\/p>\n<p>Mit den <strong>Tubis Duck Griffen<\/strong> kannst du <strong>herausfordernde Hindernisse und B\u00f6gen<\/strong> entwerfen, die die Kinder \u00fcberwinden und durchqueren m\u00fcssen, was ihre Kreativit\u00e4t und motorischen F\u00e4higkeiten f\u00f6rdert.<\/p>\n<p>Wenn die Rohre entfernt werden, verwandelt sich Tubis Duck in einen <strong>Griff, der eine leichte, gut greifbare Halterung bietet<\/strong>, die an kleine H\u00e4nde angepasst ist und einen sicheren und bequemen Halt bietet.<\/p>\n<p>Mit den Tubis Duck Griffen kannst du <strong>deine Wand mit Freude und Spa\u00df f\u00fcr die Kleinen f\u00fcllen<\/strong> und gleichzeitig eine Vielzahl von Spielen und Aktivit\u00e4ten f\u00fcr ihr Vergn\u00fcgen schaffen.<\/p>\n<p>F\u00fcr die Installation wird empfohlen, Schrauben M10x40 oder M8x40 zu verwenden.<\/p>\n<p>Bitte beachte, dass die Farben des Produkts von dem abgebildeten Bild abweichen k\u00f6nnen. Wenn du eine bestimmte Farbe w\u00fcnschst, z\u00f6gere nicht, uns zu kontaktieren.<\/p>\n","protected":false},"excerpt":{"rendered":"<ul>\n<li>Greifer zum Erstellen von abwechslungsreichen und unterhaltsamen Psychomotorik-Zirkeln.<\/li>\n<li>Geeignet f\u00fcr das Einsetzen von Stangen und Rohren mit einem Durchmesser von 25 mm, die Sie mit Farben personalisieren k\u00f6nnen.<\/li>\n<li>Erm\u00f6glicht das Erstellen von Hindernissen und B\u00f6gen, um die Bewegung und Koordination der Kleinen zu f\u00f6rdern.<\/li>\n<li>Greifer in Form einer Ente mit verschiedenen Griffarten (L\u00f6ffel, Kante oder Zange), die an die kleinen H\u00e4nde angepasst sind.<\/li>\n<\/ul>\n","protected":false},"featured_media":18930,"comment_status":"open","ping_status":"closed","template":"","meta":[],"product_brand":[],"product_cat":[457],"product_tag":[],"class_list":{"0":"post-16571","1":"product","2":"type-product","3":"status-publish","4":"has-post-thumbnail","6":"product_cat-kinder","8":"first","9":"instock","10":"taxable","11":"shipping-taxable","12":"purchasable","13":"product-type-simple"},"_links":{"self":[{"href":"https:\/\/topholds.com\/de\/wp-json\/wp\/v2\/product\/16571","targetHints":{"allow":["GET"]}}],"collection":[{"href":"https:\/\/topholds.com\/de\/wp-json\/wp\/v2\/product"}],"about":[{"href":"https:\/\/topholds.com\/de\/wp-json\/wp\/v2\/types\/product"}],"replies":[{"embeddable":true,"href":"https:\/\/topholds.com\/de\/wp-json\/wp\/v2\/comments?post=16571"}],"wp:featuredmedia":[{"embeddable":true,"href":"https:\/\/topholds.com\/de\/wp-json\/wp\/v2\/media\/18930"}],"wp:attachment":[{"href":"https:\/\/topholds.com\/de\/wp-json\/wp\/v2\/media?parent=16571"}],"wp:term":[{"taxonomy":"product_brand","embeddable":true,"href":"https:\/\/topholds.com\/de\/wp-json\/wp\/v2\/product_brand?post=16571"},{"taxonomy":"product_cat","embeddable":true,"href":"https:\/\/topholds.com\/de\/wp-json\/wp\/v2\/product_cat?post=16571"},{"taxonomy":"product_tag","embeddable":true,"href":"https:\/\/topholds.com\/de\/wp-json\/wp\/v2\/product_tag?post=16571"}],"curies":[{"name":"wp","href":"https:\/\/api.w.org\/{rel}","templated":true}]}}