{"id":16576,"date":"2017-01-18T20:27:15","date_gmt":"2017-01-18T20:27:15","guid":{"rendered":"https:\/\/topholds.com\/oferta\/presas-escalada\/tubis-dog\/tubis-dog\/"},"modified":"2024-08-26T03:13:59","modified_gmt":"2024-08-26T03:13:59","slug":"tubis-dog","status":"publish","type":"product","link":"https:\/\/topholds.com\/de\/angebot\/klettergriffe\/kinder\/tubis-dog\/","title":{"rendered":"Kinder Klettergriff Tubis Dog"},"content":{"rendered":"<p><strong>Tubis Dog ist ein Kindergreifer f\u00fcr das Klettern<\/strong>, der speziell entwickelt wurde, um psychomotorische Kreise zu schaffen, die die Kleinsten unterhalten und stimulieren.<\/p>\n<p>Dieser vielseitige <em>Kindergreifer<\/em> ist <strong>kompatibel mit Rohren und Stangen mit einem Durchmesser von 25 mm<\/strong>, wie sie in der Sanit\u00e4rinstallation verwendet werden. Gestalten und dekorieren Sie die Rohre mit bunten B\u00e4ndern, um ein attraktives und lustiges Finish zu einem minimalen Preis zu erreichen.<\/p>\n<p>Mit den <em>Tubis Dog Kindergreifern<\/em> k\u00f6nnen Sie <strong>herausfordernde Hindernisse und B\u00f6gen<\/strong> gestalten, die die Kinder \u00fcberwinden m\u00fcssen, und damit ihre Kreativit\u00e4t und motorischen F\u00e4higkeiten f\u00f6rdern.<\/p>\n<p>Wenn die Rohre entfernt werden, verwandeln sich die Tubis Dog Greifer in <strong>einen Greifer, der leicht zu fassen ist<\/strong>, angepasst an kleine H\u00e4nde und mit einem sicheren und bequemen Halt.<\/p>\n<p>Mit Tubis Dog k\u00f6nnen Sie Ihre Wand mit Freude und Spa\u00df f\u00fcr die Kleinen f\u00fcllen und dar\u00fcber hinaus <strong>eine Vielzahl von Spielen und Aktivit\u00e4ten<\/strong> f\u00fcr ihr Vergn\u00fcgen schaffen.<\/p>\n<p>F\u00fcr die Installation wird empfohlen, Schrauben M10x40 oder M8x40 zu verwenden.<\/p>\n<p>Nutzen Sie die Vorteile der <em>Tubis Dog Greifer<\/em> und verwandeln Sie Ihren Raum in ein Paradies des Spa\u00dfes f\u00fcr Kinder!<\/p>\n<p>Bitte beachten Sie, dass die Farben des Produkts von dem abgebildeten Bild abweichen k\u00f6nnen. Wenn Sie eine bestimmte Farbe w\u00fcnschen, z\u00f6gern Sie nicht, uns zu kontaktieren.<\/p>\n","protected":false},"excerpt":{"rendered":"<ul>\n<li>Greifhilfe zum Erstellen von unterhaltsamen und abwechslungsreichen Psychomotorikschaltungen.<\/li>\n<li>Geeignet f\u00fcr das Einf\u00fcgen von Stangen und Rohren mit 25 mm Durchmesser, die Sie mit Farben personalisieren k\u00f6nnen.<\/li>\n<li>Erm\u00f6glicht das Erstellen von Hindernissen und B\u00f6gen, um die Bewegung und Koordination der Kleinen zu f\u00f6rdern.<\/li>\n<li>Greifhilfe in Form eines Hundes und Pfanne f\u00fcr einen bequemen und sicheren Griff.<\/li>\n<\/ul>\n","protected":false},"featured_media":18950,"comment_status":"open","ping_status":"closed","template":"","meta":[],"product_brand":[],"product_cat":[457],"product_tag":[],"class_list":{"0":"post-16576","1":"product","2":"type-product","3":"status-publish","4":"has-post-thumbnail","6":"product_cat-kinder","8":"first","9":"instock","10":"taxable","11":"shipping-taxable","12":"purchasable","13":"product-type-simple"},"_links":{"self":[{"href":"https:\/\/topholds.com\/de\/wp-json\/wp\/v2\/product\/16576","targetHints":{"allow":["GET"]}}],"collection":[{"href":"https:\/\/topholds.com\/de\/wp-json\/wp\/v2\/product"}],"about":[{"href":"https:\/\/topholds.com\/de\/wp-json\/wp\/v2\/types\/product"}],"replies":[{"embeddable":true,"href":"https:\/\/topholds.com\/de\/wp-json\/wp\/v2\/comments?post=16576"}],"wp:featuredmedia":[{"embeddable":true,"href":"https:\/\/topholds.com\/de\/wp-json\/wp\/v2\/media\/18950"}],"wp:attachment":[{"href":"https:\/\/topholds.com\/de\/wp-json\/wp\/v2\/media?parent=16576"}],"wp:term":[{"taxonomy":"product_brand","embeddable":true,"href":"https:\/\/topholds.com\/de\/wp-json\/wp\/v2\/product_brand?post=16576"},{"taxonomy":"product_cat","embeddable":true,"href":"https:\/\/topholds.com\/de\/wp-json\/wp\/v2\/product_cat?post=16576"},{"taxonomy":"product_tag","embeddable":true,"href":"https:\/\/topholds.com\/de\/wp-json\/wp\/v2\/product_tag?post=16576"}],"curies":[{"name":"wp","href":"https:\/\/api.w.org\/{rel}","templated":true}]}}