{"id":16581,"date":"2017-01-29T15:55:59","date_gmt":"2017-01-29T15:55:59","guid":{"rendered":"https:\/\/topholds.com\/oferta\/presas-escalada\/thera\/thera\/"},"modified":"2024-08-26T03:15:43","modified_gmt":"2024-08-26T03:15:43","slug":"thera","status":"publish","type":"product","link":"https:\/\/topholds.com\/de\/angebot\/klettergriffe\/thera\/","title":{"rendered":"Klettergriff-Paket Thera"},"content":{"rendered":"<p><strong>Thera ist ein Set von 4 einzigartigen Klettergriffen<\/strong> mit einer sanften Sandsteintextur.<\/p>\n<p>Diese Griffe sind so gestaltet, dass sie <strong>verschiedene Griffformen einfach durch Drehen angepasst werden k\u00f6nnen<\/strong>, was es erm\u00f6glicht, die Schwierigkeit und die Art des Griffs je nach den Bed\u00fcrfnissen des Klettersportlers zu variieren.<\/p>\n<p>Das <em>Set von Thera-Griffen<\/em> enth\u00e4lt eine Seite mit <strong>zus\u00e4tzlicher Textur zur Erleichterung der Haftung auf flachen Oberfl\u00e4chen<\/strong>, w\u00e4hrend zwei Seiten eine gl\u00e4nzende Textur haben, die den Griff erschwert, jedoch mit einem Rand gestaltet ist, um zu verhindern, dass der Griff entgleitet.<\/p>\n<p>F\u00fcr die Installation wird empfohlen, <strong>M10x50 oder M8x50 Schrauben<\/strong> zu verwenden. Alle Griffe sind mit einem Anti-Rotationsschraubenloch ausgestattet, das ihre Sicherheit und Stabilit\u00e4t an der Wand garantiert.<\/p>\n<p>Genie\u00dfe die vielf\u00e4ltigen M\u00f6glichkeiten, die die Thera-Kollektion bietet, und bereichere deinen Kletterraum mit diesen Griffen.<\/p>\n<p>Bitte beachte, dass die Farben des Produkts von dem gezeigten Bild abweichen k\u00f6nnen. Wenn du eine bestimmte Farbe w\u00fcnschst, z\u00f6gere nicht, uns zu kontaktieren.<\/p>\n","protected":false},"excerpt":{"rendered":"<ul>\n<li>Thera ist ein Set mit 4 Klettergriffen.<\/li>\n<li>Sandsteink\u00f6rper.<\/li>\n<li>Sehr vielseitige Griffe, die wir durch Drehen in verschiedene Haltegriffe verwandeln.<\/li>\n<li>Zus\u00e4tzliche Textur auf einer Seite, um die Haftung auf der Fl\u00e4che zu erleichtern.<\/li>\n<li>Zwei Seiten mit glatter Textur, um das Zupacken schwieriger zu machen, aber mit einem Rand, damit sie uns niemals entgleiten.<\/li>\n<\/ul>\n","protected":false},"featured_media":18975,"comment_status":"open","ping_status":"closed","template":"","meta":[],"product_brand":[],"product_cat":[418],"product_tag":[],"class_list":{"0":"post-16581","1":"product","2":"type-product","3":"status-publish","4":"has-post-thumbnail","6":"product_cat-klettergriffe","8":"first","9":"instock","10":"taxable","11":"shipping-taxable","12":"purchasable","13":"product-type-simple"},"_links":{"self":[{"href":"https:\/\/topholds.com\/de\/wp-json\/wp\/v2\/product\/16581","targetHints":{"allow":["GET"]}}],"collection":[{"href":"https:\/\/topholds.com\/de\/wp-json\/wp\/v2\/product"}],"about":[{"href":"https:\/\/topholds.com\/de\/wp-json\/wp\/v2\/types\/product"}],"replies":[{"embeddable":true,"href":"https:\/\/topholds.com\/de\/wp-json\/wp\/v2\/comments?post=16581"}],"wp:featuredmedia":[{"embeddable":true,"href":"https:\/\/topholds.com\/de\/wp-json\/wp\/v2\/media\/18975"}],"wp:attachment":[{"href":"https:\/\/topholds.com\/de\/wp-json\/wp\/v2\/media?parent=16581"}],"wp:term":[{"taxonomy":"product_brand","embeddable":true,"href":"https:\/\/topholds.com\/de\/wp-json\/wp\/v2\/product_brand?post=16581"},{"taxonomy":"product_cat","embeddable":true,"href":"https:\/\/topholds.com\/de\/wp-json\/wp\/v2\/product_cat?post=16581"},{"taxonomy":"product_tag","embeddable":true,"href":"https:\/\/topholds.com\/de\/wp-json\/wp\/v2\/product_tag?post=16581"}],"curies":[{"name":"wp","href":"https:\/\/api.w.org\/{rel}","templated":true}]}}