{"id":16596,"date":"2017-02-26T20:22:57","date_gmt":"2017-02-26T20:22:57","guid":{"rendered":"https:\/\/topholds.com\/oferta\/presas-escalada\/tubis-frog\/tubis-frog\/"},"modified":"2024-08-26T03:20:36","modified_gmt":"2024-08-26T03:20:36","slug":"tubis-frog","status":"publish","type":"product","link":"https:\/\/topholds.com\/de\/angebot\/klettergriffe\/kinder\/tubis-frog\/","title":{"rendered":"Kinder-Klettergriff Tubis Frog"},"content":{"rendered":"<p><strong>Tubis Frog ist ein innovativer Klettergriff f\u00fcr Kinder<\/strong>, der speziell entwickelt wurde, um Psychomotorik-Parcours zu schaffen, die die Kleinen unterhalten und anregen.<\/p>\n<p>Dieser vielseitige Griff ist <strong>kompatibel mit Rohren und R\u00f6hren mit einem Durchmesser von 25 mm<\/strong>, wie sie in der Sanit\u00e4rtechnik verwendet werden. Gestalten und dekorieren Sie die Rohre mit bunten B\u00e4ndern, um ein ansprechendes und spa\u00dfiges Finish zu einem minimalen Kostenaufwand zu erreichen.<\/p>\n<p>Mit den Tubis Frog Griffen k\u00f6nnen Sie <strong>herausfordernde Hindernisse und B\u00f6gen<\/strong> entwerfen, die die Kinder \u00fcberwinden und durchqueren m\u00fcssen, wodurch ihre Kreativit\u00e4t und motorischen F\u00e4higkeiten gef\u00f6rdert werden.<\/p>\n<p>Wenn die Rohre entfernt werden, verwandelt sich Tubis Frog in einen <strong>Griff, der eine sichere und angepasste Handhabung<\/strong> f\u00fcr kleine H\u00e4nde bietet, sodass sie m\u00fchelos einen Henkel, eine Kante oder eine Pinzette finden k\u00f6nnen.<\/p>\n<p>Mit Tubis Frog k\u00f6nnen Sie Ihre Wand mit Freude und Spa\u00df f\u00fcr die Kleinen f\u00fcllen und eine Vielzahl von Spielen und Aktivit\u00e4ten zu ihrem Vergn\u00fcgen schaffen.<\/p>\n<p>F\u00fcr die Installation wird empfohlen, <strong>M10x40 oder M8x40 Schrauben<\/strong> zu verwenden.<\/p>\n<p>Bitte beachten Sie, dass die Farben des Produkts von dem gezeigten Bild abweichen k\u00f6nnen. Wenn Sie eine bestimmte Farbe w\u00fcnschen, z\u00f6gern Sie nicht, uns zu kontaktieren.<\/p>\n","protected":false},"excerpt":{"rendered":"<ul>\n<li>Greifst\u00fcck zum Erstellen von lustigen und abwechslungsreichen Psychomotorikschaltungen.<\/li>\n<li>Geeignet f\u00fcr die Verwendung von Stangen und Rohren mit einem Durchmesser von 25 mm, die du mit Farben personalisieren kannst.<\/li>\n<li>Erm\u00f6glicht es, Hindernisse und B\u00f6gen zu schaffen, um die Bewegung und Koordination der Kleinen zu f\u00f6rdern.<\/li>\n<li>Greifst\u00fcck mit unterschiedlichen Griffarten (L\u00f6ffel, Kante oder Zange), die an die kleinen H\u00e4nde angepasst sind.<\/li>\n<\/ul>\n","protected":false},"featured_media":19010,"comment_status":"open","ping_status":"closed","template":"","meta":[],"product_brand":[],"product_cat":[457],"product_tag":[],"class_list":{"0":"post-16596","1":"product","2":"type-product","3":"status-publish","4":"has-post-thumbnail","6":"product_cat-kinder","8":"first","9":"instock","10":"taxable","11":"shipping-taxable","12":"purchasable","13":"product-type-simple"},"_links":{"self":[{"href":"https:\/\/topholds.com\/de\/wp-json\/wp\/v2\/product\/16596","targetHints":{"allow":["GET"]}}],"collection":[{"href":"https:\/\/topholds.com\/de\/wp-json\/wp\/v2\/product"}],"about":[{"href":"https:\/\/topholds.com\/de\/wp-json\/wp\/v2\/types\/product"}],"replies":[{"embeddable":true,"href":"https:\/\/topholds.com\/de\/wp-json\/wp\/v2\/comments?post=16596"}],"wp:featuredmedia":[{"embeddable":true,"href":"https:\/\/topholds.com\/de\/wp-json\/wp\/v2\/media\/19010"}],"wp:attachment":[{"href":"https:\/\/topholds.com\/de\/wp-json\/wp\/v2\/media?parent=16596"}],"wp:term":[{"taxonomy":"product_brand","embeddable":true,"href":"https:\/\/topholds.com\/de\/wp-json\/wp\/v2\/product_brand?post=16596"},{"taxonomy":"product_cat","embeddable":true,"href":"https:\/\/topholds.com\/de\/wp-json\/wp\/v2\/product_cat?post=16596"},{"taxonomy":"product_tag","embeddable":true,"href":"https:\/\/topholds.com\/de\/wp-json\/wp\/v2\/product_tag?post=16596"}],"curies":[{"name":"wp","href":"https:\/\/api.w.org\/{rel}","templated":true}]}}