{"id":16601,"date":"2017-02-26T20:33:15","date_gmt":"2017-02-26T20:33:15","guid":{"rendered":"https:\/\/topholds.com\/oferta\/presas-escalada\/tubis-basic\/tubis-basic\/"},"modified":"2024-08-26T03:21:48","modified_gmt":"2024-08-26T03:21:48","slug":"tubis-basic","status":"publish","type":"product","link":"https:\/\/topholds.com\/de\/angebot\/klettergriffe\/kinder\/tubis-basic\/","title":{"rendered":"Kinder-Klettergriff Tubis Basic"},"content":{"rendered":"<p><strong>Tubis Basic ist ein kosteng\u00fcnstiger und vielseitiger Kinder-Klettergriff<\/strong>, der speziell daf\u00fcr entwickelt wurde, Bewegungsparcours zu schaffen, die die Kleinen unterhalten und stimulieren.<\/p>\n<p>Dieser Griff ist <strong>kompatibel mit Stangen und Rohren mit einem Durchmesser von 25 mm<\/strong>, wie sie in der Sanit\u00e4rtechnik verwendet werden. Gestalte und dekoriere die Rohre mit bunten B\u00e4ndern, um ein attraktives und lustiges Finish zu einem niedrigen Preis zu erzielen.<\/p>\n<p>Mit den <em>Tubis Basic Griffen<\/em> kannst du <strong>herausfordernde Hindernisse und B\u00f6gen<\/strong> entwerfen, die die Kinder \u00fcberwinden und durchqueren m\u00fcssen, wodurch ihre Kreativit\u00e4t und motorischen F\u00e4higkeiten gef\u00f6rdert werden.<\/p>\n<p>Dieses St\u00fcck ist die g\u00fcnstigste Option in unserer Tubis-Reihe und ist <strong>ideal f\u00fcr Kletterw\u00e4nde, die kindgerechte Parcours anbieten m\u00f6chten, ohne herk\u00f6mmliche Griffe opfern zu m\u00fcssen<\/strong>, da sie mit Schrauben befestigt werden.<\/p>\n<p>Mit Tubis Basic kannst du deine Wand mit Freude und Spa\u00df f\u00fcr die Kleinen f\u00fcllen und eine Vielzahl von Spielen und Aktivit\u00e4ten f\u00fcr ihr Vergn\u00fcgen schaffen.<\/p>\n<p>F\u00fcr die Installation werden <strong>2 Schrauben von 4&#215;40 mm ben\u00f6tigt<\/strong>.<\/p>\n<p>Bitte beachten Sie, dass die Farben des Produkts von dem abgebildeten Bild abweichen k\u00f6nnen. Wenn Sie eine bestimmte Farbe w\u00fcnschen, z\u00f6gern Sie nicht, uns zu kontaktieren.<\/p>\n","protected":false},"excerpt":{"rendered":"<ul>\n<li>Pressen zur Erstellung von wirtschaftlichen und kreativen psychomotorischen Kreisen.<\/li>\n<li>Geeignet f\u00fcr das Einf\u00fchren von Stangen und Rohren mit einem Durchmesser von 25 mm, die du mit Farben personalisieren kannst.<\/li>\n<li>Erm\u00f6glicht es, Hindernisse und B\u00f6gen zu erstellen, um das Spiel und die F\u00e4higkeiten der Kleinen zu f\u00f6rdern.<\/li>\n<li>2 Holzschrauben 4&#215;40 mm f\u00fcr eine schnelle Installation.<\/li>\n<\/ul>\n","protected":false},"featured_media":19035,"comment_status":"open","ping_status":"closed","template":"","meta":[],"product_brand":[],"product_cat":[457],"product_tag":[],"class_list":{"0":"post-16601","1":"product","2":"type-product","3":"status-publish","4":"has-post-thumbnail","6":"product_cat-kinder","8":"first","9":"instock","10":"taxable","11":"shipping-taxable","12":"purchasable","13":"product-type-simple"},"_links":{"self":[{"href":"https:\/\/topholds.com\/de\/wp-json\/wp\/v2\/product\/16601","targetHints":{"allow":["GET"]}}],"collection":[{"href":"https:\/\/topholds.com\/de\/wp-json\/wp\/v2\/product"}],"about":[{"href":"https:\/\/topholds.com\/de\/wp-json\/wp\/v2\/types\/product"}],"replies":[{"embeddable":true,"href":"https:\/\/topholds.com\/de\/wp-json\/wp\/v2\/comments?post=16601"}],"wp:featuredmedia":[{"embeddable":true,"href":"https:\/\/topholds.com\/de\/wp-json\/wp\/v2\/media\/19035"}],"wp:attachment":[{"href":"https:\/\/topholds.com\/de\/wp-json\/wp\/v2\/media?parent=16601"}],"wp:term":[{"taxonomy":"product_brand","embeddable":true,"href":"https:\/\/topholds.com\/de\/wp-json\/wp\/v2\/product_brand?post=16601"},{"taxonomy":"product_cat","embeddable":true,"href":"https:\/\/topholds.com\/de\/wp-json\/wp\/v2\/product_cat?post=16601"},{"taxonomy":"product_tag","embeddable":true,"href":"https:\/\/topholds.com\/de\/wp-json\/wp\/v2\/product_tag?post=16601"}],"curies":[{"name":"wp","href":"https:\/\/api.w.org\/{rel}","templated":true}]}}