{"id":16606,"date":"2017-03-03T06:21:03","date_gmt":"2017-03-03T06:21:03","guid":{"rendered":"https:\/\/topholds.com\/oferta\/presas-escalada\/tubis-ball\/tubis-ball\/"},"modified":"2024-08-26T03:23:12","modified_gmt":"2024-08-26T03:23:12","slug":"tubis-ball","status":"publish","type":"product","link":"https:\/\/topholds.com\/de\/angebot\/klettergriffe\/kinder\/tubis-ball\/","title":{"rendered":"Kinder-Klettergriff Tubis Ball"},"content":{"rendered":"<p><strong>Tubis Ball ist eine Klettergriffe f\u00fcr Kinder<\/strong>, die speziell entwickelt wurde, um psychomotorische Parcours zu erstellen und den Kleinen Spa\u00df und Stimulation zu bieten.<\/p>\n<p>Dieser vielseitige Griff ist <strong>kompatibel mit Rohren und Tuben mit einem Durchmesser von 25 mm<\/strong>, wie sie in der Sanit\u00e4rtechnik verwendet werden. Personalisieren und dekorieren Sie die Rohre mit bunten B\u00e4ndern, um ein \u00e4sthetisches und lustiges Finish zu einem niedrigen Preis zu erzielen.<\/p>\n<p>Mit Tubis Ball k\u00f6nnen Sie <strong>herausfordernde Hindernisse und B\u00f6gen entwerfen<\/strong>, die die Kinder \u00fcberwinden und durchqueren m\u00fcssen, was ihre Kreativit\u00e4t und motorischen F\u00e4higkeiten f\u00f6rdert.<\/p>\n<p>Wenn die Rohre entfernt werden, verwandelt sich Tubis Ball in einen <strong>vollst\u00e4ndig runden Griff mit einem Durchmesser von 7 cm<\/strong>, der einen festen Halt bietet und auf kleine H\u00e4nde abgestimmt ist, um Sicherheit und Freude zu garantieren.<\/p>\n<p>F\u00fcgen Sie Ihrer Wand mit diesem multifunktionalen Griff einen Hauch von Spa\u00df und Farbe hinzu und schaffen Sie eine unendliche Vielfalt an Spielen und Aktivit\u00e4ten f\u00fcr die Kleinsten.<\/p>\n<p>Es wird empfohlen, <strong>M10x40 oder M8x40 Schrauben f\u00fcr die Installation zu verwenden<\/strong>.<\/p>\n<p>Bitte beachten Sie, dass die Farben des Produkts von dem gezeigten Bild abweichen k\u00f6nnen. Wenn Sie eine bestimmte Farbe w\u00fcnschen, z\u00f6gern Sie nicht, uns zu kontaktieren.<\/p>\n","protected":false},"excerpt":{"rendered":"<ul>\n<li>Pressform f\u00fcr die Erstellung von unterhaltsamen und vielf\u00e4ltigen Psychomotorikschaltungen.<\/li>\n<li>Geeignet f\u00fcr F\u00f6rmchen und Rohre mit einem Durchmesser von 25 mm, die Sie mit Farben personalisieren k\u00f6nnen.<\/li>\n<li>Erlaubt das Erstellen von Hindernissen und B\u00f6gen, um die Bewegung und Koordination der Kleinen zu f\u00f6rdern.<\/li>\n<\/ul>\n","protected":false},"featured_media":19050,"comment_status":"open","ping_status":"closed","template":"","meta":[],"product_brand":[],"product_cat":[457],"product_tag":[],"class_list":{"0":"post-16606","1":"product","2":"type-product","3":"status-publish","4":"has-post-thumbnail","6":"product_cat-kinder","8":"first","9":"instock","10":"taxable","11":"shipping-taxable","12":"purchasable","13":"product-type-simple"},"_links":{"self":[{"href":"https:\/\/topholds.com\/de\/wp-json\/wp\/v2\/product\/16606","targetHints":{"allow":["GET"]}}],"collection":[{"href":"https:\/\/topholds.com\/de\/wp-json\/wp\/v2\/product"}],"about":[{"href":"https:\/\/topholds.com\/de\/wp-json\/wp\/v2\/types\/product"}],"replies":[{"embeddable":true,"href":"https:\/\/topholds.com\/de\/wp-json\/wp\/v2\/comments?post=16606"}],"wp:featuredmedia":[{"embeddable":true,"href":"https:\/\/topholds.com\/de\/wp-json\/wp\/v2\/media\/19050"}],"wp:attachment":[{"href":"https:\/\/topholds.com\/de\/wp-json\/wp\/v2\/media?parent=16606"}],"wp:term":[{"taxonomy":"product_brand","embeddable":true,"href":"https:\/\/topholds.com\/de\/wp-json\/wp\/v2\/product_brand?post=16606"},{"taxonomy":"product_cat","embeddable":true,"href":"https:\/\/topholds.com\/de\/wp-json\/wp\/v2\/product_cat?post=16606"},{"taxonomy":"product_tag","embeddable":true,"href":"https:\/\/topholds.com\/de\/wp-json\/wp\/v2\/product_tag?post=16606"}],"curies":[{"name":"wp","href":"https:\/\/api.w.org\/{rel}","templated":true}]}}