{"id":16611,"date":"2017-03-03T06:36:45","date_gmt":"2017-03-03T06:36:45","guid":{"rendered":"https:\/\/topholds.com\/oferta\/presas-escalada\/cazo\/cazo\/"},"modified":"2024-08-26T03:24:47","modified_gmt":"2024-08-26T03:24:47","slug":"cazo","status":"publish","type":"product","link":"https:\/\/topholds.com\/de\/angebot\/hindernisparcours\/trainingc\/griffe\/cazo\/","title":{"rendered":"Griff f\u00fcr Hindernisparcours Cazo"},"content":{"rendered":"<p><strong>Cazo ist ein OCR-Griff<\/strong>, der speziell f\u00fcr <strong>\u00dcbungen und Aufh\u00e4ngungen<\/strong> entwickelt wurde, ideal f\u00fcr den Einsatz an h\u00e4ngenden OCR-Kletterw\u00e4nden, Campus-\u00dcbungen und Boulder-Abfahrtstrecken.<\/p>\n<p>Dieser <em>OCR-Griff<\/em> verf\u00fcgt \u00fcber einen <strong>perfekten Durchmesser von 9 cm, symmetrisch und ohne M\u00e4ngel<\/strong>, der es erm\u00f6glicht, Griffe in verschiedenen Handgelenkwinkeln zu machen, ohne den Griff bewegen zu m\u00fcssen. Sein Design bietet eine gr\u00f6\u00dfere Vielseitigkeit in deinem Training und bei Herausforderungen.<\/p>\n<p>Der Durchmesser der oberen Kante ist <strong>so gestaltet, dass er einen bequemen und optimalen Halt<\/strong> f\u00fcr die Handruhe bietet und so das Erlebnis beim Benutzen des Griffs verbessert.<\/p>\n<p>Dar\u00fcber hinaus verf\u00fcgt der Griff \u00fcber eine weiche Textur f\u00fcr einen angenehmeren und festeren Halt.<\/p>\n<p>F\u00fcr die Installation wird die <strong>Verwendung von Schrauben M10x40 oder M8x40<\/strong> empfohlen.<\/p>\n<p>Bitte beachte, dass die Farben des Produkts von dem dargestellten Bild abweichen k\u00f6nnen. Wenn du eine bestimmte Farbe w\u00fcnschst, z\u00f6gere nicht, uns zu kontaktieren.<\/p>\n","protected":false},"excerpt":{"rendered":"<ul>\n<li>Greif f\u00fcr Z\u00fcge und Aufh\u00e4ngungen.<\/li>\n<li>Ideal f\u00fcr h\u00e4ngende OCR-Klettersteige, Campus und zum Erstellen von Routen zum Absteigen von den Bl\u00f6cken.<\/li>\n<li>Hat einen Durchmesser von 9 cm, ohne Unebenheiten und symmetrisch.<\/li>\n<li>Erlaubt Griffe in verschiedenen Winkeln des Handgelenks, ohne dass der Griff bewegt werden muss.<\/li>\n<li>Der Durchmesser der oberen Kante ist sehr angenehm f\u00fcr eine ideale Ruheposition der Hand.<\/li>\n<\/ul>\n","protected":false},"featured_media":19070,"comment_status":"open","ping_status":"closed","template":"","meta":[],"product_brand":[],"product_cat":[497,403,492,418,458],"product_tag":[],"class_list":{"0":"post-16611","1":"product","2":"type-product","3":"status-publish","4":"has-post-thumbnail","6":"product_cat-griffe","7":"product_cat-hindernisparcours","8":"product_cat-trainingc","9":"product_cat-klettergriffe","10":"product_cat-trainingss","12":"first","13":"instock","14":"sale","15":"taxable","16":"shipping-taxable","17":"purchasable","18":"product-type-simple"},"_links":{"self":[{"href":"https:\/\/topholds.com\/de\/wp-json\/wp\/v2\/product\/16611","targetHints":{"allow":["GET"]}}],"collection":[{"href":"https:\/\/topholds.com\/de\/wp-json\/wp\/v2\/product"}],"about":[{"href":"https:\/\/topholds.com\/de\/wp-json\/wp\/v2\/types\/product"}],"replies":[{"embeddable":true,"href":"https:\/\/topholds.com\/de\/wp-json\/wp\/v2\/comments?post=16611"}],"wp:featuredmedia":[{"embeddable":true,"href":"https:\/\/topholds.com\/de\/wp-json\/wp\/v2\/media\/19070"}],"wp:attachment":[{"href":"https:\/\/topholds.com\/de\/wp-json\/wp\/v2\/media?parent=16611"}],"wp:term":[{"taxonomy":"product_brand","embeddable":true,"href":"https:\/\/topholds.com\/de\/wp-json\/wp\/v2\/product_brand?post=16611"},{"taxonomy":"product_cat","embeddable":true,"href":"https:\/\/topholds.com\/de\/wp-json\/wp\/v2\/product_cat?post=16611"},{"taxonomy":"product_tag","embeddable":true,"href":"https:\/\/topholds.com\/de\/wp-json\/wp\/v2\/product_tag?post=16611"}],"curies":[{"name":"wp","href":"https:\/\/api.w.org\/{rel}","templated":true}]}}