{"id":16616,"date":"2017-03-04T18:01:36","date_gmt":"2017-03-04T18:01:36","guid":{"rendered":"https:\/\/topholds.com\/oferta\/presas-escalada\/tubis-rabbit\/tubis-rabbit\/"},"modified":"2024-08-26T03:26:00","modified_gmt":"2024-08-26T03:26:00","slug":"tubis-rabbit","status":"publish","type":"product","link":"https:\/\/topholds.com\/de\/angebot\/klettergriffe\/kinder\/tubis-rabbit\/","title":{"rendered":"Klettergriff Tubis Rabbit"},"content":{"rendered":"<p><strong>Tubis Rabbit ist eine innovative Klettergriff f\u00fcr Kinder<\/strong>, der speziell entwickelt wurde, um psychomotorische Parcours zu erstellen, die die Entwicklung und den Spa\u00df der Kleinen f\u00f6rdern.<\/p>\n<p>Dieser vielseitige Griff ist <strong>kompatibel mit Rohren und Stangen mit einem Durchmesser von 25 mm<\/strong>, wie sie in der Sanit\u00e4rinstallation verwendet werden. Personalisieren und dekorieren Sie die Rohre mit bunten B\u00e4ndern, um eine perfekte und kosteng\u00fcnstige Optik zu erzielen.<\/p>\n<p>Mit den <em>Tubis Rabbit<\/em> Griffen k\u00f6nnen Sie <strong>herausfordernde Hindernisse und B\u00f6gen gestalten<\/strong>, die die Kinder \u00fcberwinden und durchqueren m\u00fcssen, wodurch ihre Kreativit\u00e4t und motorischen F\u00e4higkeiten gef\u00f6rdert werden.<\/p>\n<p>Wenn die Rohre entfernt werden, verwandelt sich Tubis Rabbit in einen <strong>Griff mit optimalem Halt f\u00fcr kleine H\u00e4nde<\/strong>, was Sicherheit und Spa\u00df garantiert.<\/p>\n<p>F\u00fcgen Sie Ihrer Wand mit diesem multifunktionalen Griff einen Hauch von Spa\u00df und Farbe hinzu und schaffen Sie eine unbegrenzte Vielfalt an Spielen und Aktivit\u00e4ten f\u00fcr die Kleinen.<\/p>\n<p>Es wird empfohlen, <strong>M10x40 oder M8x40 Schrauben f\u00fcr die Installation zu verwenden<\/strong>.<\/p>\n<p>Bitte beachten Sie, dass die Farben des Produkts von dem abgebildeten Bild abweichen k\u00f6nnen. Wenn Sie eine bestimmte Farbe w\u00fcnschen, z\u00f6gern Sie nicht, uns zu kontaktieren.<\/p>\n","protected":false},"excerpt":{"rendered":"<ul>\n<li>Ideal f\u00fcr die Erstellung von Psychomotorik-Schaltungen f\u00fcr Kinder.<\/li>\n<li>Eignet sich f\u00fcr das Einf\u00fchren von St\u00e4ben und beliebigen Rohren mit einem Durchmesser von 25 mm.<\/li>\n<li>Kreativit\u00e4t und motorische F\u00e4higkeiten mit B\u00f6gen.<\/li>\n<li>Optimaler Halt f\u00fcr kleine H\u00e4nde.<\/li>\n<\/ul>\n<p>&nbsp;<\/p>\n","protected":false},"featured_media":19085,"comment_status":"open","ping_status":"closed","template":"","meta":[],"product_brand":[],"product_cat":[457],"product_tag":[],"class_list":{"0":"post-16616","1":"product","2":"type-product","3":"status-publish","4":"has-post-thumbnail","6":"product_cat-kinder","8":"first","9":"instock","10":"taxable","11":"shipping-taxable","12":"purchasable","13":"product-type-simple"},"_links":{"self":[{"href":"https:\/\/topholds.com\/de\/wp-json\/wp\/v2\/product\/16616","targetHints":{"allow":["GET"]}}],"collection":[{"href":"https:\/\/topholds.com\/de\/wp-json\/wp\/v2\/product"}],"about":[{"href":"https:\/\/topholds.com\/de\/wp-json\/wp\/v2\/types\/product"}],"replies":[{"embeddable":true,"href":"https:\/\/topholds.com\/de\/wp-json\/wp\/v2\/comments?post=16616"}],"wp:featuredmedia":[{"embeddable":true,"href":"https:\/\/topholds.com\/de\/wp-json\/wp\/v2\/media\/19085"}],"wp:attachment":[{"href":"https:\/\/topholds.com\/de\/wp-json\/wp\/v2\/media?parent=16616"}],"wp:term":[{"taxonomy":"product_brand","embeddable":true,"href":"https:\/\/topholds.com\/de\/wp-json\/wp\/v2\/product_brand?post=16616"},{"taxonomy":"product_cat","embeddable":true,"href":"https:\/\/topholds.com\/de\/wp-json\/wp\/v2\/product_cat?post=16616"},{"taxonomy":"product_tag","embeddable":true,"href":"https:\/\/topholds.com\/de\/wp-json\/wp\/v2\/product_tag?post=16616"}],"curies":[{"name":"wp","href":"https:\/\/api.w.org\/{rel}","templated":true}]}}