{"id":16621,"date":"2017-03-05T15:29:03","date_gmt":"2017-03-05T15:29:03","guid":{"rendered":"https:\/\/topholds.com\/oferta\/presas-escalada\/bola-de-entrenamiento-9\/trainingskugel-9\/"},"modified":"2026-01-01T14:41:38","modified_gmt":"2026-01-01T14:41:38","slug":"trainingskugel-9","status":"publish","type":"product","link":"https:\/\/topholds.com\/de\/angebot\/hindernisparcours\/trainingc\/aufhangung\/trainingskugel-9\/","title":{"rendered":"Aufh\u00e4ngung f\u00fcr Hindernisparcours Trainingskugel 9"},"content":{"rendered":"<p><strong>Die Trainingsball 9<\/strong> ist ein Ball f\u00fcr das Training von <strong>Suspensionen\/Contraktionen<\/strong>.<\/p>\n<p>Er ist mit einer vollkommen runden Form und ohne unerw\u00fcnschte N\u00e4hte oder W\u00f6lbungen entworfen. Seine makellose Ergonomie und die sanfte Textur machen ihn zu einem <strong>unverzichtbaren Werkzeug f\u00fcr dein Kletter- oder Crossfit-Training<\/strong>.<\/p>\n<p>Dieser innovative Trainingsball hat ein <strong>ultraleichtes Gewicht von nur 325 Gramm<\/strong>, dank seines Designs mit hohlraum. Diese Eigenschaft macht ihn perfekt, um ihn in deinem Rucksack zu transportieren und \u00fcberall und jederzeit zu trainieren.<\/p>\n<p>Dar\u00fcber hinaus haben wir ein vielseitiges Doppelseil von 6 mm aus mehreren Gr\u00fcnden integriert:<\/p>\n<ul>\n<li>Garantiert einen st\u00f6rungsfreien Griff<\/li>\n<li>Erm\u00f6glicht das schnelle Aufh\u00e4ngen an jedem Ast, Klimmzugstange usw. mit einem einfachen Schmetterlingsknoten in nur 3 Sekunden<\/li>\n<li>Vereinfachte Nutzung bei \u00dcberh\u00e4ngen oder \u00dcberh\u00e4ngen mit einem Karabiner<\/li>\n<\/ul>\n<p>Mit der <em>Trainingsball 9<\/em> gibt es keine Ausreden mehr, um deiner t\u00e4glichen Routine nicht eine Herausforderung und Anstrengung hinzuzuf\u00fcgen.<\/p>\n<p>Bitte beachte, dass die Farben des Produkts von dem gezeigten Bild abweichen k\u00f6nnen. Wenn du eine bestimmte Farbe w\u00fcnschst, z\u00f6gere nicht, uns zu kontaktieren.<\/p>\n","protected":false},"excerpt":{"rendered":"<ul>\n<li>Ball f\u00fcr Aufh\u00e4ngungen\/Ziehungen.<\/li>\n<li>Durchmesser 90mm<\/li>\n<\/ul>\n<p>&nbsp;<\/p>\n<p>&nbsp;<\/p>\n","protected":false},"featured_media":5490,"comment_status":"open","ping_status":"closed","template":"","meta":[],"product_brand":[],"product_cat":[496,403,492],"product_tag":[],"class_list":{"0":"post-16621","1":"product","2":"type-product","3":"status-publish","4":"has-post-thumbnail","6":"product_cat-aufhangung","7":"product_cat-hindernisparcours","8":"product_cat-trainingc","10":"first","11":"instock","12":"sale","13":"taxable","14":"shipping-taxable","15":"purchasable","16":"product-type-simple"},"_links":{"self":[{"href":"https:\/\/topholds.com\/de\/wp-json\/wp\/v2\/product\/16621","targetHints":{"allow":["GET"]}}],"collection":[{"href":"https:\/\/topholds.com\/de\/wp-json\/wp\/v2\/product"}],"about":[{"href":"https:\/\/topholds.com\/de\/wp-json\/wp\/v2\/types\/product"}],"replies":[{"embeddable":true,"href":"https:\/\/topholds.com\/de\/wp-json\/wp\/v2\/comments?post=16621"}],"wp:featuredmedia":[{"embeddable":true,"href":"https:\/\/topholds.com\/de\/wp-json\/wp\/v2\/media\/5490"}],"wp:attachment":[{"href":"https:\/\/topholds.com\/de\/wp-json\/wp\/v2\/media?parent=16621"}],"wp:term":[{"taxonomy":"product_brand","embeddable":true,"href":"https:\/\/topholds.com\/de\/wp-json\/wp\/v2\/product_brand?post=16621"},{"taxonomy":"product_cat","embeddable":true,"href":"https:\/\/topholds.com\/de\/wp-json\/wp\/v2\/product_cat?post=16621"},{"taxonomy":"product_tag","embeddable":true,"href":"https:\/\/topholds.com\/de\/wp-json\/wp\/v2\/product_tag?post=16621"}],"curies":[{"name":"wp","href":"https:\/\/api.w.org\/{rel}","templated":true}]}}