{"id":16626,"date":"2017-03-11T19:58:17","date_gmt":"2017-03-11T19:58:17","guid":{"rendered":"https:\/\/topholds.com\/oferta\/fijaciones\/set-anclajes-lote-presas-bebe\/set-wandanker-babygriff-paket\/"},"modified":"2024-08-26T03:27:51","modified_gmt":"2024-08-26T03:27:51","slug":"set-wandanker-babygriff-paket","status":"publish","type":"product","link":"https:\/\/topholds.com\/de\/angebot\/befestigungen\/set-wandanker-babygriff-paket\/","title":{"rendered":"Set Wandanker f\u00fcr Babygriff-Paket"},"content":{"rendered":"<p><strong>Set aus Schrauben und Muttern<\/strong> ist das ideale Zubeh\u00f6r, um den <a href=\"https:\/\/topholds.com\/oferta\/presas-escalada\/ninos\/lote-presas-bebe\/\">Satz Babyspritz<\/a> auf Platten mit einer Dicke von 16 bis 19 mm zu installieren. Dieses Set beinhaltet:<\/p>\n<ul>\n<li>13 hochwertige und robuste M10x40 Innensechskantschrauben<\/li>\n<li>6 hochwertige und robuste M10x30 Innensechskantschrauben<\/li>\n<li>19 M10 Spider-Muttern, die sich an jede Form der Platte anpassen<\/li>\n<\/ul>\n<p>Mit diesem Set kannst du <strong>die Babyspritz mit Sicherheit und Leichtigkeit anbringen<\/strong>. Au\u00dferdem kannst du die Anordnung der Spritzen \u00e4ndern, wenn du dem Brett weitere Muttern hinzuf\u00fcgst. Wir empfehlen die Verwendung von M10-Schrauben, du kannst jedoch auch M8 verwenden, wenn du es vorziehst.<\/p>\n<p>Wenn du die Spritzen auf anderen Oberfl\u00e4chen wie Beton oder Ziegel installieren m\u00f6chtest, kontaktiere uns und wir beraten dich gerne.<\/p>\n","protected":false},"excerpt":{"rendered":"<ul>\n<li>Set aus Schrauben und Muttern, die zur Installation des Baby-Dauerschrauben-Sets ben\u00f6tigt werden.<\/li>\n<li>Ideal f\u00fcr Platten mit einer Dicke zwischen 16 und 19 Millimetern.<\/li>\n<\/ul>\n","protected":false},"featured_media":19120,"comment_status":"open","ping_status":"closed","template":"","meta":[],"product_brand":[],"product_cat":[419,420],"product_tag":[],"class_list":{"0":"post-16626","1":"product","2":"type-product","3":"status-publish","4":"has-post-thumbnail","6":"product_cat-befestigungen","7":"product_cat-materialpakete-kletterwand","9":"first","10":"instock","11":"taxable","12":"shipping-taxable","13":"purchasable","14":"product-type-simple"},"_links":{"self":[{"href":"https:\/\/topholds.com\/de\/wp-json\/wp\/v2\/product\/16626","targetHints":{"allow":["GET"]}}],"collection":[{"href":"https:\/\/topholds.com\/de\/wp-json\/wp\/v2\/product"}],"about":[{"href":"https:\/\/topholds.com\/de\/wp-json\/wp\/v2\/types\/product"}],"replies":[{"embeddable":true,"href":"https:\/\/topholds.com\/de\/wp-json\/wp\/v2\/comments?post=16626"}],"wp:featuredmedia":[{"embeddable":true,"href":"https:\/\/topholds.com\/de\/wp-json\/wp\/v2\/media\/19120"}],"wp:attachment":[{"href":"https:\/\/topholds.com\/de\/wp-json\/wp\/v2\/media?parent=16626"}],"wp:term":[{"taxonomy":"product_brand","embeddable":true,"href":"https:\/\/topholds.com\/de\/wp-json\/wp\/v2\/product_brand?post=16626"},{"taxonomy":"product_cat","embeddable":true,"href":"https:\/\/topholds.com\/de\/wp-json\/wp\/v2\/product_cat?post=16626"},{"taxonomy":"product_tag","embeddable":true,"href":"https:\/\/topholds.com\/de\/wp-json\/wp\/v2\/product_tag?post=16626"}],"curies":[{"name":"wp","href":"https:\/\/api.w.org\/{rel}","templated":true}]}}