{"id":16631,"date":"2017-03-12T07:16:48","date_gmt":"2017-03-12T07:16:48","guid":{"rendered":"https:\/\/topholds.com\/oferta\/fijaciones\/set-anclajes-para-lote-presas-infantiles\/set-wandanker-kindergriff-paket\/"},"modified":"2024-08-26T03:28:42","modified_gmt":"2024-08-26T03:28:42","slug":"set-wandanker-kindergriff-paket","status":"publish","type":"product","link":"https:\/\/topholds.com\/de\/angebot\/befestigungen\/innensechskantschrauben\/set-wandanker-kindergriff-paket\/","title":{"rendered":"Set Wandanker f\u00fcr Kindergriff-Paket"},"content":{"rendered":"<p>Set aus Schrauben und Unterlegscheiben ist das perfekte Zubeh\u00f6r, um das <a href=\"https:\/\/topholds.com\/oferta\/presas-escalada\/ninos\/lote-presas-infantiles\/\">Losset von Kindergriffen<\/a> auf Platten mit einer Dicke von 16 bis 19 mm zu installieren. Dieses Set enth\u00e4lt:<\/p>\n<ul>\n<li>41 hochwertige und strapazierf\u00e4hige M10x40 Inbusschrauben<\/li>\n<li>41 M10 Spider-Muttern, die sich an jede Form der Platte anpassen<\/li>\n<li>Verschiedene Schrauben zur Verst\u00e4rkung der Befestigung<\/li>\n<\/ul>\n<p>Mit diesem Set kannst du die <strong>Kindergriffe sicher und einfach anbringen<\/strong>. Au\u00dferdem hast du die M\u00f6glichkeit, die Anordnung der Griffe zu \u00e4ndern, wenn du weitere Unterlegscheiben zur Platte hinzuf\u00fcgst. Wir empfehlen die Verwendung der M10-Schrauben, du kannst jedoch auch die M8 verwenden, wenn dir das lieber ist.<\/p>\n<p>Wenn du die Griffe auf anderen Oberfl\u00e4chen wie Beton oder Ziegel installieren m\u00f6chtest, kontaktiere uns und wir beraten dich gerne.<\/p>\n","protected":false},"excerpt":{"rendered":"<ul>\n<li>Set aus Schrauben und Muttern, die zum Einbau des Sets f\u00fcr Kinderspiele ben\u00f6tigt werden.<\/li>\n<li>Ideal f\u00fcr Platten mit einer Dicke zwischen 16 und 19 Millimetern.<\/li>\n<\/ul>\n<p>&nbsp;<\/p>\n","protected":false},"featured_media":19125,"comment_status":"open","ping_status":"closed","template":"","meta":[],"product_brand":[],"product_cat":[419,467,420],"product_tag":[],"class_list":{"0":"post-16631","1":"product","2":"type-product","3":"status-publish","4":"has-post-thumbnail","6":"product_cat-befestigungen","7":"product_cat-innensechskantschrauben","8":"product_cat-materialpakete-kletterwand","10":"first","11":"instock","12":"taxable","13":"shipping-taxable","14":"purchasable","15":"product-type-simple"},"_links":{"self":[{"href":"https:\/\/topholds.com\/de\/wp-json\/wp\/v2\/product\/16631","targetHints":{"allow":["GET"]}}],"collection":[{"href":"https:\/\/topholds.com\/de\/wp-json\/wp\/v2\/product"}],"about":[{"href":"https:\/\/topholds.com\/de\/wp-json\/wp\/v2\/types\/product"}],"replies":[{"embeddable":true,"href":"https:\/\/topholds.com\/de\/wp-json\/wp\/v2\/comments?post=16631"}],"wp:featuredmedia":[{"embeddable":true,"href":"https:\/\/topholds.com\/de\/wp-json\/wp\/v2\/media\/19125"}],"wp:attachment":[{"href":"https:\/\/topholds.com\/de\/wp-json\/wp\/v2\/media?parent=16631"}],"wp:term":[{"taxonomy":"product_brand","embeddable":true,"href":"https:\/\/topholds.com\/de\/wp-json\/wp\/v2\/product_brand?post=16631"},{"taxonomy":"product_cat","embeddable":true,"href":"https:\/\/topholds.com\/de\/wp-json\/wp\/v2\/product_cat?post=16631"},{"taxonomy":"product_tag","embeddable":true,"href":"https:\/\/topholds.com\/de\/wp-json\/wp\/v2\/product_tag?post=16631"}],"curies":[{"name":"wp","href":"https:\/\/api.w.org\/{rel}","templated":true}]}}