{"id":16636,"date":"2017-03-12T07:48:40","date_gmt":"2017-03-12T07:48:40","guid":{"rendered":"https:\/\/topholds.com\/oferta\/fijaciones\/set-anclajes-para-lote-presas-infantiles-2\/set-wandanker-kindergriff-paket-2\/"},"modified":"2024-08-26T03:30:00","modified_gmt":"2024-08-26T03:30:00","slug":"set-wandanker-kindergriff-paket-2","status":"publish","type":"product","link":"https:\/\/topholds.com\/de\/angebot\/befestigungen\/set-wandanker-kindergriff-paket-2\/","title":{"rendered":"Set Wandanker f\u00fcr Kindergriff-Paket 2"},"content":{"rendered":"<p>Set aus Schrauben und Muttern ist das ideale Zubeh\u00f6r, um das <a href=\"https:\/\/topholds.com\/oferta\/presas-escalada\/ninos\/lote-presas-infantiles-2\/\">Set mit Kindergriffen 2<\/a> auf Platten mit einer St\u00e4rke von 16 bis 19 mm zu installieren. Dieses Set beinhaltet:<\/p>\n<ul>\n<li>58 hochqualitative und widerstandsf\u00e4hige M10x40 Inbus-Schrauben<\/li>\n<li>58 M10 Spinnenmuttern, die sich jeder Form der Platte anpassen<\/li>\n<li>Verschiedene Holzschrauben zur Verst\u00e4rkung der Befestigung<\/li>\n<\/ul>\n<p>Mit diesem Set kannst du <strong>die Kindergriffe sicher und einfach anbringen<\/strong>. Au\u00dferdem kannst du die Anordnung der Griffe \u00e4ndern, wenn du weitere Muttern an der Platte hinzuf\u00fcgst. Wir empfehlen die Verwendung der M10-Schrauben, du kannst jedoch auch M8 verwenden, wenn du das bevorzugst.<\/p>\n<p>Wenn du die Griffe auf anderen Oberfl\u00e4chen wie Beton oder Ziegel installieren m\u00f6chtest, kontaktiere uns und wir helfen dir weiter.<\/p>\n","protected":false},"excerpt":{"rendered":"<ul>\n<li>Set aus Schrauben und Bolzen, die f\u00fcr die Installation des Kindergriffen-Pakets 2 erforderlich sind<\/li>\n<li>Ideal f\u00fcr Platten mit einer Dicke zwischen 16 und 19 Millimetern.<\/li>\n<\/ul>\n","protected":false},"featured_media":5504,"comment_status":"open","ping_status":"closed","template":"","meta":[],"product_brand":[],"product_cat":[419,420],"product_tag":[],"class_list":{"0":"post-16636","1":"product","2":"type-product","3":"status-publish","4":"has-post-thumbnail","6":"product_cat-befestigungen","7":"product_cat-materialpakete-kletterwand","9":"first","10":"instock","11":"taxable","12":"shipping-taxable","13":"purchasable","14":"product-type-simple"},"_links":{"self":[{"href":"https:\/\/topholds.com\/de\/wp-json\/wp\/v2\/product\/16636","targetHints":{"allow":["GET"]}}],"collection":[{"href":"https:\/\/topholds.com\/de\/wp-json\/wp\/v2\/product"}],"about":[{"href":"https:\/\/topholds.com\/de\/wp-json\/wp\/v2\/types\/product"}],"replies":[{"embeddable":true,"href":"https:\/\/topholds.com\/de\/wp-json\/wp\/v2\/comments?post=16636"}],"wp:featuredmedia":[{"embeddable":true,"href":"https:\/\/topholds.com\/de\/wp-json\/wp\/v2\/media\/5504"}],"wp:attachment":[{"href":"https:\/\/topholds.com\/de\/wp-json\/wp\/v2\/media?parent=16636"}],"wp:term":[{"taxonomy":"product_brand","embeddable":true,"href":"https:\/\/topholds.com\/de\/wp-json\/wp\/v2\/product_brand?post=16636"},{"taxonomy":"product_cat","embeddable":true,"href":"https:\/\/topholds.com\/de\/wp-json\/wp\/v2\/product_cat?post=16636"},{"taxonomy":"product_tag","embeddable":true,"href":"https:\/\/topholds.com\/de\/wp-json\/wp\/v2\/product_tag?post=16636"}],"curies":[{"name":"wp","href":"https:\/\/api.w.org\/{rel}","templated":true}]}}