{"id":16641,"date":"2017-03-18T16:13:51","date_gmt":"2017-03-18T16:13:51","guid":{"rendered":"https:\/\/topholds.com\/oferta\/presas-escalada\/bola-de-entrenamiento-12\/trainingskugel-12\/"},"modified":"2026-01-01T14:41:38","modified_gmt":"2026-01-01T14:41:38","slug":"trainingskugel-12","status":"publish","type":"product","link":"https:\/\/topholds.com\/de\/angebot\/hindernisparcours\/trainingc\/aufhangung\/trainingskugel-12\/","title":{"rendered":"Aufh\u00e4ngung f\u00fcr Hindernisparcours Trainingskugel 12"},"content":{"rendered":"<p><strong>Trainingsball 12 f\u00fcr Suspension\/Traktion<\/strong> ist ein vollst\u00e4ndig kugelf\u00f6rmiger und nahtloser Ball, der sich perfekt an die Form deiner Hand anpasst.<\/p>\n<p>Seine weiche Textur erm\u00f6glicht dir einen <strong>bequemen und festen Griff, um deine Kraft und Ausdauer<\/strong> beim Klettern oder Crossfit zu verbessern.<\/p>\n<p>Der Ball wird mit einer <strong>doppelten Schnur von 6 mm<\/strong> geliefert, die mehrere Vorteile bietet:<\/p>\n<ul>\n<li>Beeintr\u00e4chtigt dich nicht beim Halten des Balls<\/li>\n<li>L\u00e4sst sich leicht \u00fcberall mit einem Schmetterlingsknoten aufh\u00e4ngen<\/li>\n<li>Kann mit einem Karabiner an Decken oder \u00dcberh\u00e4ngen aufgeh\u00e4ngt werden<\/li>\n<\/ul>\n<p>Sein Durchmesser betr\u00e4gt 120 mm.<\/p>\n<p>Mit diesem Ball kannst du trainieren, wo und wie du willst.<\/p>\n<p>Bitte beachte, dass die Farben des Produkts von dem abgebildeten Bild abweichen k\u00f6nnen. Wenn du eine spezifische Farbe w\u00fcnschst, z\u00f6gere nicht, uns zu kontaktieren.<\/p>\n","protected":false},"excerpt":{"rendered":"<ul>\n<li>Ball f\u00fcr Aufh\u00e4ngungen\/Traktionen<\/li>\n<li>Vollst\u00e4ndig sph\u00e4risch, ohne l\u00e4stige N\u00e4hte oder W\u00f6lbungen.<\/li>\n<li>Ideal f\u00fcr unser Kletter- oder Crossfit-Training.<\/li>\n<li>Keine Hindernisse beim Greifen<\/li>\n<li>Mit einem Karabiner h\u00e4ngen wir sie f\u00fcr \u00dcberkopf- oder \u00dcberhang\u00fcbungen auf.<\/li>\n<\/ul>\n","protected":false},"featured_media":5519,"comment_status":"open","ping_status":"closed","template":"","meta":[],"product_brand":[],"product_cat":[496,403,492],"product_tag":[],"class_list":{"0":"post-16641","1":"product","2":"type-product","3":"status-publish","4":"has-post-thumbnail","6":"product_cat-aufhangung","7":"product_cat-hindernisparcours","8":"product_cat-trainingc","10":"first","11":"instock","12":"sale","13":"taxable","14":"shipping-taxable","15":"purchasable","16":"product-type-simple"},"_links":{"self":[{"href":"https:\/\/topholds.com\/de\/wp-json\/wp\/v2\/product\/16641","targetHints":{"allow":["GET"]}}],"collection":[{"href":"https:\/\/topholds.com\/de\/wp-json\/wp\/v2\/product"}],"about":[{"href":"https:\/\/topholds.com\/de\/wp-json\/wp\/v2\/types\/product"}],"replies":[{"embeddable":true,"href":"https:\/\/topholds.com\/de\/wp-json\/wp\/v2\/comments?post=16641"}],"wp:featuredmedia":[{"embeddable":true,"href":"https:\/\/topholds.com\/de\/wp-json\/wp\/v2\/media\/5519"}],"wp:attachment":[{"href":"https:\/\/topholds.com\/de\/wp-json\/wp\/v2\/media?parent=16641"}],"wp:term":[{"taxonomy":"product_brand","embeddable":true,"href":"https:\/\/topholds.com\/de\/wp-json\/wp\/v2\/product_brand?post=16641"},{"taxonomy":"product_cat","embeddable":true,"href":"https:\/\/topholds.com\/de\/wp-json\/wp\/v2\/product_cat?post=16641"},{"taxonomy":"product_tag","embeddable":true,"href":"https:\/\/topholds.com\/de\/wp-json\/wp\/v2\/product_tag?post=16641"}],"curies":[{"name":"wp","href":"https:\/\/api.w.org\/{rel}","templated":true}]}}