{"id":16646,"date":"2017-05-05T06:59:09","date_gmt":"2017-05-05T06:59:09","guid":{"rendered":"https:\/\/topholds.com\/oferta\/presas-escalada\/arcos\/arcos\/"},"modified":"2024-08-26T03:32:02","modified_gmt":"2024-08-26T03:32:02","slug":"arcos","status":"publish","type":"product","link":"https:\/\/topholds.com\/de\/angebot\/klettergriffe\/arcos\/","title":{"rendered":"Klettergriff-Paket Arcos"},"content":{"rendered":"<p><strong>Arcos ist ein Set von 5 Klettergriffen<\/strong> mit einer sanften Sandsteinoberfl\u00e4che.<\/p>\n<p>Diese Griffe bieten dir <strong>sehr bequeme<\/strong> und sichere <strong>Schaufelgriffe<\/strong> f\u00fcr deine H\u00e4nde.<\/p>\n<p>Um sie an der Wand zu befestigen, ben\u00f6tigst du <strong>M10x40 Schrauben (empfohlen) oder M8x40<\/strong>. Dar\u00fcber hinaus haben sie ein zus\u00e4tzliches Loch, damit du eine <strong>Anti-Dreh-Schraube anbringen kannst, um zu verhindern, dass sie sich bewegen<\/strong>.<\/p>\n<p>Bitte beachte, dass die Farben des Produkts von dem gezeigten Bild abweichen k\u00f6nnen. Wenn du eine bestimmte Farbe w\u00fcnschst, z\u00f6gere nicht, uns zu kontaktieren.<\/p>\n","protected":false},"excerpt":{"rendered":"<ul>\n<li>Arcos ist ein Satz von 5 Klettergriffen.<\/li>\n<li>Glatter Sandstein-Belag.<\/li>\n<li>Sehr gute Griffe in der Sch\u00fcssel.<\/li>\n<li>Alle mit einem Loch f\u00fcr eine Anti-Rotationsschraube.<\/li>\n<\/ul>\n","protected":false},"featured_media":19145,"comment_status":"open","ping_status":"closed","template":"","meta":[],"product_brand":[],"product_cat":[418],"product_tag":[],"class_list":{"0":"post-16646","1":"product","2":"type-product","3":"status-publish","4":"has-post-thumbnail","6":"product_cat-klettergriffe","8":"first","9":"instock","10":"taxable","11":"shipping-taxable","12":"purchasable","13":"product-type-simple"},"_links":{"self":[{"href":"https:\/\/topholds.com\/de\/wp-json\/wp\/v2\/product\/16646","targetHints":{"allow":["GET"]}}],"collection":[{"href":"https:\/\/topholds.com\/de\/wp-json\/wp\/v2\/product"}],"about":[{"href":"https:\/\/topholds.com\/de\/wp-json\/wp\/v2\/types\/product"}],"replies":[{"embeddable":true,"href":"https:\/\/topholds.com\/de\/wp-json\/wp\/v2\/comments?post=16646"}],"wp:featuredmedia":[{"embeddable":true,"href":"https:\/\/topholds.com\/de\/wp-json\/wp\/v2\/media\/19145"}],"wp:attachment":[{"href":"https:\/\/topholds.com\/de\/wp-json\/wp\/v2\/media?parent=16646"}],"wp:term":[{"taxonomy":"product_brand","embeddable":true,"href":"https:\/\/topholds.com\/de\/wp-json\/wp\/v2\/product_brand?post=16646"},{"taxonomy":"product_cat","embeddable":true,"href":"https:\/\/topholds.com\/de\/wp-json\/wp\/v2\/product_cat?post=16646"},{"taxonomy":"product_tag","embeddable":true,"href":"https:\/\/topholds.com\/de\/wp-json\/wp\/v2\/product_tag?post=16646"}],"curies":[{"name":"wp","href":"https:\/\/api.w.org\/{rel}","templated":true}]}}