{"id":16651,"date":"2017-05-05T07:09:41","date_gmt":"2017-05-05T07:09:41","guid":{"rendered":"https:\/\/topholds.com\/oferta\/presas-escalada\/placas\/placas\/"},"modified":"2024-08-26T03:32:43","modified_gmt":"2024-08-26T03:32:43","slug":"placas","status":"publish","type":"product","link":"https:\/\/topholds.com\/de\/angebot\/klettergriffe\/placas\/","title":{"rendered":"Klettergriff-Paket Placas"},"content":{"rendered":"<p><strong>Placas ist ein Set aus 14 Klettergriffen<\/strong>, ideal, um deine Fu\u00dftechnik beim Klettern zu verbessern.<\/p>\n<p>Diese Griffe haben eine sanfte Textur und Formen, die dich zwingen, die F\u00fc\u00dfe pr\u00e4zise und im Gleichgewicht zu platzieren. Ihre H\u00f6he variiert zwischen 12 und 16 mm, was sie perfekt f\u00fcr <strong>das Training an vertikalen oder leicht \u00fcberh\u00e4ngenden Platten<\/strong> macht.<\/p>\n<p>F\u00fcr die Installation ben\u00f6tigst du nur Schrauben.<\/p>\n<p>Bitte beachte, dass die Farben des Produkts von dem abgebildeten Bild abweichen k\u00f6nnen. Wenn du eine bestimmte Farbe w\u00fcnschst, z\u00f6gere nicht, uns zu kontaktieren.<\/p>\n","protected":false},"excerpt":{"rendered":"<ul>\n<li>Placas ist eine Charge von 14 Klettergriffen.<\/li>\n<li>Perfekte Texturen und Formen, um die Fu\u00dftechnik zu trainieren.<\/li>\n<li>Greife zwischen 12 und 16 mm H\u00f6he.<\/li>\n<\/ul>\n","protected":false},"featured_media":19165,"comment_status":"open","ping_status":"closed","template":"","meta":[],"product_brand":[],"product_cat":[418],"product_tag":[],"class_list":{"0":"post-16651","1":"product","2":"type-product","3":"status-publish","4":"has-post-thumbnail","6":"product_cat-klettergriffe","8":"first","9":"instock","10":"taxable","11":"shipping-taxable","12":"purchasable","13":"product-type-simple"},"_links":{"self":[{"href":"https:\/\/topholds.com\/de\/wp-json\/wp\/v2\/product\/16651","targetHints":{"allow":["GET"]}}],"collection":[{"href":"https:\/\/topholds.com\/de\/wp-json\/wp\/v2\/product"}],"about":[{"href":"https:\/\/topholds.com\/de\/wp-json\/wp\/v2\/types\/product"}],"replies":[{"embeddable":true,"href":"https:\/\/topholds.com\/de\/wp-json\/wp\/v2\/comments?post=16651"}],"wp:featuredmedia":[{"embeddable":true,"href":"https:\/\/topholds.com\/de\/wp-json\/wp\/v2\/media\/19165"}],"wp:attachment":[{"href":"https:\/\/topholds.com\/de\/wp-json\/wp\/v2\/media?parent=16651"}],"wp:term":[{"taxonomy":"product_brand","embeddable":true,"href":"https:\/\/topholds.com\/de\/wp-json\/wp\/v2\/product_brand?post=16651"},{"taxonomy":"product_cat","embeddable":true,"href":"https:\/\/topholds.com\/de\/wp-json\/wp\/v2\/product_cat?post=16651"},{"taxonomy":"product_tag","embeddable":true,"href":"https:\/\/topholds.com\/de\/wp-json\/wp\/v2\/product_tag?post=16651"}],"curies":[{"name":"wp","href":"https:\/\/api.w.org\/{rel}","templated":true}]}}