{"id":16656,"date":"2017-05-07T16:03:34","date_gmt":"2017-05-07T16:03:34","guid":{"rendered":"https:\/\/topholds.com\/oferta\/presas-escalada\/dual\/dual\/"},"modified":"2024-08-26T03:33:24","modified_gmt":"2024-08-26T03:33:24","slug":"dual","status":"publish","type":"product","link":"https:\/\/topholds.com\/de\/angebot\/klettergriffe\/dual\/","title":{"rendered":"Klettergriff-Paket Dual"},"content":{"rendered":"<p><strong>Dual ist ein Set aus 2 Klettergriffen<\/strong> mit einer sanften, sandstein\u00e4hnlichen Textur.<\/p>\n<p>Diese Griffe bieten dir <strong>zwei Griffoptionen<\/strong> f\u00fcr beide H\u00e4nde: eine Leiste und eine flache Variante.<\/p>\n<p>Um sie an der Wand zu befestigen, ben\u00f6tigst du <strong>M10x40 Schrauben (empfohlen) oder M8x40<\/strong>. Zudem verf\u00fcgen sie \u00fcber zwei zus\u00e4tzliche L\u00f6cher, sodass du sie bei Bedarf mit Spanplattenschrauben verst\u00e4rken kannst.<\/p>\n<p>Bitte beachte, dass die Farben des Produkts von der abgebildeten Darstellung abweichen k\u00f6nnen. Wenn du eine bestimmte Farbe w\u00fcnschst, z\u00f6gere nicht, uns zu kontaktieren.<\/p>\n","protected":false},"excerpt":{"rendered":"<ul>\n<li>Dual ist ein Set aus 2 Klettergriffen.<\/li>\n<li>Sanfte Sandsteintextur.<\/li>\n<li>Sehr gute Griffe f\u00fcr zwei H\u00e4nde.<\/li>\n<li>Kante auf einer Seite und abgerundet auf der anderen.<\/li>\n<li>Beide mit zwei zus\u00e4tzlichen L\u00f6chern ausgestattet, um sie mit Holzschrauben zu befestigen.<\/li>\n<\/ul>\n","protected":false},"featured_media":19175,"comment_status":"open","ping_status":"closed","template":"","meta":[],"product_brand":[],"product_cat":[418],"product_tag":[],"class_list":{"0":"post-16656","1":"product","2":"type-product","3":"status-publish","4":"has-post-thumbnail","6":"product_cat-klettergriffe","8":"first","9":"instock","10":"taxable","11":"shipping-taxable","12":"purchasable","13":"product-type-simple"},"_links":{"self":[{"href":"https:\/\/topholds.com\/de\/wp-json\/wp\/v2\/product\/16656","targetHints":{"allow":["GET"]}}],"collection":[{"href":"https:\/\/topholds.com\/de\/wp-json\/wp\/v2\/product"}],"about":[{"href":"https:\/\/topholds.com\/de\/wp-json\/wp\/v2\/types\/product"}],"replies":[{"embeddable":true,"href":"https:\/\/topholds.com\/de\/wp-json\/wp\/v2\/comments?post=16656"}],"wp:featuredmedia":[{"embeddable":true,"href":"https:\/\/topholds.com\/de\/wp-json\/wp\/v2\/media\/19175"}],"wp:attachment":[{"href":"https:\/\/topholds.com\/de\/wp-json\/wp\/v2\/media?parent=16656"}],"wp:term":[{"taxonomy":"product_brand","embeddable":true,"href":"https:\/\/topholds.com\/de\/wp-json\/wp\/v2\/product_brand?post=16656"},{"taxonomy":"product_cat","embeddable":true,"href":"https:\/\/topholds.com\/de\/wp-json\/wp\/v2\/product_cat?post=16656"},{"taxonomy":"product_tag","embeddable":true,"href":"https:\/\/topholds.com\/de\/wp-json\/wp\/v2\/product_tag?post=16656"}],"curies":[{"name":"wp","href":"https:\/\/api.w.org\/{rel}","templated":true}]}}