{"id":16661,"date":"2017-06-18T06:35:00","date_gmt":"2017-06-18T06:35:00","guid":{"rendered":"https:\/\/topholds.com\/?post_type=product&#038;p=5697\/climbskin-handcreme\/"},"modified":"2024-08-26T03:34:19","modified_gmt":"2024-08-26T03:34:19","slug":"climbskin-handcreme","status":"publish","type":"product","link":"https:\/\/topholds.com\/de\/angebot\/zubehoer\/klettercremes\/climbskin-handcreme\/","title":{"rendered":"Climbskin\u00ae Handcreme"},"content":{"rendered":"<ul class=\"media-list\">\n<li class=\"media\">\n<div class=\"media-body\">\n<h4 class=\"media-heading\">INCI Zutaten<\/h4>\n<\/div>\n<\/li>\n<li class=\"media\">\n<div class=\"pull-left\">Hagebutte (Rosa Mosqueta)<\/div>\n<\/li>\n<li class=\"media\">\n<div class=\"pull-left\">Aloe Vera (Aloe barbadensis)<\/div>\n<\/li>\n<li class=\"media\">\n<div class=\"pull-left\">Sanddorn (Hippophae rhamnoides)<\/div>\n<\/li>\n<li class=\"media\">\n<div class=\"pull-left\">Schafgarbe, Achilleskraut<\/div>\n<\/li>\n<li class=\"media\">\n<div class=\"pull-left\">Sheabutter<\/div>\n<\/li>\n<li class=\"media\">\n<div class=\"pull-left\">Benzoe-Tinktur (Styrax benzo\u00edn)<\/div>\n<\/li>\n<li class=\"media\">\n<div class=\"pull-left\">Centella asiatica, Tigergras oder Gotu kola (3%)<\/div>\n<\/li>\n<li class=\"media\">\n<div class=\"pull-left\">Drachenblut<\/div>\n<\/li>\n<\/ul>\n<p><strong>CLIMBSKIN\u00ae HANDCREME<\/strong> ist die einzige Creme, die vollst\u00e4ndig f\u00fcr Kletterer entwickelt wurde und ihre Eigenschaften maximal anpasst.<\/p>\n<p><strong>1. Einleitung<\/strong><\/p>\n<p>Die H\u00e4nde sind unsere direkte Verbindung zu den Felsen, sie erm\u00f6glichen uns, diese auf besondere Weise zu sp\u00fcren. Eine gepflegte Haut \u2014 mit Hornhaut, ja, aber gleichm\u00e4\u00dfig und elastisch \u2014 wird unsere Empfindungen radikal verbessern und den Unterschied in unserer Leistung beim Klettern ausmachen.<\/p>\n<p>Es sind keine au\u00dfergew\u00f6hnlichen Pflegeaufwendungen erforderlich, nur eine kleine zus\u00e4tzliche Routine, die du zu deinem Klettertraining hinzuf\u00fcgen kannst, wird dir helfen, deine Haut besser zu pflegen und kennenzulernen.<\/p>\n<p>&nbsp;<\/p>\n<p><strong>2. Pflege und Tipps<\/strong><\/p>\n<p><strong>Vor dem Klettern:<\/strong> Bereite die Haut auf das Klettern vor.<\/p>\n<p>&#8211; Bis jetzt war es unvorstellbar, die bestehenden Produkte vor dem Klettern zu verwenden. Benutze die Climbskin Handcreme eine Stunde vor dem Klettern: Eine d\u00fcnne Schicht reicht aus, um der Haut mehr Elastizit\u00e4t zu verleihen. Dies wirkt wie ein \u201eAufw\u00e4rmen\u201c und hilft, verschiedene Hautsch\u00e4den zu verhindern (die Wahrscheinlichkeit von \u201eSmilies\u201c, das Abl\u00f6sen der Hornhaut, Rissen oder dass sich die Haut von den N\u00e4geln l\u00f6st, wird verringert). Die Benzoe-Tinktur und das nat\u00fcrliche Silicium helfen ebenfalls, das Schwitzen zu regulieren, was ein wichtiger Faktor f\u00fcr den Verschlei\u00df der Haut ist.<\/p>\n<p>&nbsp;<\/p>\n<p><strong>W\u00e4hrend des Kletterns:<\/strong><\/p>\n<p>&#8211; Halte die Haut k\u00fchl und trocken. Ein h\u00e4ufiger Fehler ist, die H\u00e4nde bis kurz vor dem Zug in den Taschen zu lassen. Eine Haut mit etwas Schwitzen und Temperaturerh\u00f6hung leidet unter h\u00f6herem Verschlei\u00df. Lege stattdessen die H\u00e4nde ein paar Sekunden vor dem Zug in Kontakt mit dem Felsen.<\/p>\n<p>Schneide und feile jede aufgeworfene Haut so fr\u00fch wie m\u00f6glich, egal wie klein sie dir erscheint. So vermeidest du gr\u00f6\u00dfere Sch\u00e4den durch H\u00e4ngenbleiben in derselben Gegend.<\/p>\n<p>Wenn sich eine Hornhaut l\u00f6st, stoppe zuerst die Blutung. Danach schneide die Haut und feile die entstandene Kante. Trage Climbskin Handcreme auf die betroffene Stelle auf und lasse sie 20 Minuten einwirken, bevor du sie verstreichst. Zu viel Feuchtigkeit bei dieser Art von Wunde ist kontraproduktiv, da sie die Haut erweicht und die Regeneration verlangsamt. Lasse die Wunde an der Luft und wenn du dich entscheidest, mit dem Klettern fortzufahren \u2013 wahrscheinlich wirst du das tun \u2013 bedecke sie mit mehreren Wicklungen eines feinen, atmungsaktiven Pflasters. Mache dies in der Richtung von vorne nach hinten, so bleibt es l\u00e4nger an Ort und Stelle, aber wenn sich etwas bewegt, wechsle es so schnell wie m\u00f6glich.<\/p>\n<p>Risse, Ritzen oder \u201eSmilies\u201c entstehen normalerweise durch einen Mangel an Elastizit\u00e4t in der Hornhaut und wiederholte Bewegungen auf derselben Kante. Sollte dies geschehen, reinige, schneide und feile so viel wie m\u00f6glich und befolge die Schritte des vorherigen Punktes mit der Wundcreme.<\/p>\n<p><strong>Nach dem Klettern:<\/strong> Gleiche die Haut der H\u00e4nde so gut wie m\u00f6glich nach jeder Sitzung an (Schichtungstheorie).<\/p>\n<p>&#8211; Du solltest alle aufgeworfenen Hautpartien sorgf\u00e4ltig feilen, bevor du deine H\u00e4nde w\u00e4schst! Erst danach solltest du sie waschen. Es ist wichtig, nicht zu viel Zeit verstreichen zu lassen, wenn du besonders trockene Haut hast. Das Feilen der H\u00e4nde noch mit Magnesium wird die Entfernung der R\u00fcckst\u00e4nde vom Feilen erleichtern. Wenn du die Climbskin-Feile verwendest, um deine H\u00e4nde bei etwas Feuchtigkeit oder Fetten zu feilen, benutze die schwarze Schleifband (f\u00fcr Metall); so kannst du die R\u00fcckst\u00e4nde vollst\u00e4ndig entfernen, indem du \u00fcber einen Stoff oder mit einer normalen B\u00fcrste und der Feile feilst, ohne dass die Feile dabei besch\u00e4digt wird.<\/p>\n<p>Feile und gleiche Risse aus, und wenn du erhebliche Abnutzung an den Fingerspitzen hattest, ist es wichtig, die Haut um die N\u00e4gel herum zu feilen, um eine gleichm\u00e4\u00dfige Regeneration zu f\u00f6rdern. Es ist nicht ratsam, zu viel Hornhaut in diesen Regionen zu haben, da dies den Verschlei\u00df der Fingerspitze beg\u00fcnstigt.<\/p>\n<p>Feile die \u00fcbersch\u00fcssige Hornhaut unter den Faltenlinien in jedem Gelenk der Finger; dies wird es erschweren, dass die Hornhaut sich l\u00f6st oder dass es zu Quetschungen an gro\u00dfen Kanten kommt (besonders wichtig, wenn du mit dem Klettern oder Training anf\u00e4ngst).<\/p>\n<p>Wenn du Hornhaut hast, die \u00fcber die N\u00e4gel hinausgeht, solltest du sie auch feilen, um zu vermeiden, dass sie an einigen Griffen scheuert und sich verhakt.<\/p>\n<p>Mit vollst\u00e4ndig ausgeglichener Haut musst du deine H\u00e4nde waschen, um Schmutz und R\u00fcckst\u00e4nde von Magnesium zu entfernen. Trockne sie sehr gut ab. Jetzt ist es Zeit f\u00fcr die Climbskin Handcreme.<\/p>\n<p><strong>Wie man Climbskin auftr\u00e4gt:<\/strong> Nach einer Dusche mit lauwarmem oder hei\u00dfem Wasser und ohne dass sich die H\u00e4nde anschwellen, w\u00e4re der perfekte Zeitpunkt.<\/p>\n<p>Du solltest sie schichtweise auftragen und gut verteilen. Normalerweise sind 1 oder 2 Schichten ausreichend. Die Schichten sollten kaum R\u00fcckst\u00e4nde auf der Haut hinterlassen; wenn die H\u00e4nde etwas fettig bleiben, hast du zu viel Creme verwendet.<\/p>\n<p>Decke Wunden, Risse oder \u201eSmilies\u201c 20 Minuten lang mit der Creme ab, verteile sie dann und lasse sie an der Luft trocknen. Wiederhole den Vorgang 3 Mal am Tag, um die Heilung zu beschleunigen.<\/p>\n<p>Du kannst die <strong>CLIMBSKIN\u00ae HANDCREME<\/strong> mehrmals t\u00e4glich verwenden, vor und nach jeder Klettersitzung, ohne Probleme.<\/p>\n<p>Integriere eine Routine zur Pflege der Haut deiner H\u00e4nde, du wirst in kurzer Zeit den gro\u00dfen Unterschied sehen.<\/p>\n<p>Klettere mehr! Trainiere mehr! und erweitere deine Grenzen mit einer besseren Haut als je zuvor! Genie\u00dfe das Klettern noch mehr, entdecke Climbskin!<\/p>\n<p>&nbsp;<\/p>\n<p>&#8222;Es ist ein gro\u00dfartiges Produkt, es hydratisiert und rekonstruiert deine Haut. Es ist nicht wie die Produkte auf Wachs- oder \u00d6l-Basis; du kannst es sogar vor dem Klettern verwenden, was eine der erstaunlichsten Dinge ist. Es wird wirklich das Klettern der Menschen ver\u00e4ndern. Es ist bei weitem das beste Produkt auf dem Markt.&#8220; \u2014 <strong>Chris Sharma<\/strong><\/p>\n","protected":false},"excerpt":{"rendered":"<ul>\n<li>Pflegt die Haut der Kletterer und unterst\u00fctzt deren Regeneration und Heilung.<\/li>\n<li>Ohne k\u00fcnstliche Zusatzstoffe, die die Haut reizen oder sch\u00e4digen k\u00f6nnten.<\/li>\n<li>Dichte und nicht \u00f6lige Textur, die schnell einzieht und keine R\u00fcckst\u00e4nde hinterl\u00e4sst.<\/li>\n<li>Umwelt- und tierfreundlich.<\/li>\n<\/ul>\n","protected":false},"featured_media":5702,"comment_status":"open","ping_status":"closed","template":"","meta":[],"product_brand":[],"product_cat":[487,421],"product_tag":[],"class_list":{"0":"post-16661","1":"product","2":"type-product","3":"status-publish","4":"has-post-thumbnail","6":"product_cat-klettercremes","7":"product_cat-zubehoer","8":"product_shipping_class-economy-versand","10":"first","11":"instock","12":"sale","13":"taxable","14":"shipping-taxable","15":"purchasable","16":"product-type-simple"},"_links":{"self":[{"href":"https:\/\/topholds.com\/de\/wp-json\/wp\/v2\/product\/16661","targetHints":{"allow":["GET"]}}],"collection":[{"href":"https:\/\/topholds.com\/de\/wp-json\/wp\/v2\/product"}],"about":[{"href":"https:\/\/topholds.com\/de\/wp-json\/wp\/v2\/types\/product"}],"replies":[{"embeddable":true,"href":"https:\/\/topholds.com\/de\/wp-json\/wp\/v2\/comments?post=16661"}],"wp:featuredmedia":[{"embeddable":true,"href":"https:\/\/topholds.com\/de\/wp-json\/wp\/v2\/media\/5702"}],"wp:attachment":[{"href":"https:\/\/topholds.com\/de\/wp-json\/wp\/v2\/media?parent=16661"}],"wp:term":[{"taxonomy":"product_brand","embeddable":true,"href":"https:\/\/topholds.com\/de\/wp-json\/wp\/v2\/product_brand?post=16661"},{"taxonomy":"product_cat","embeddable":true,"href":"https:\/\/topholds.com\/de\/wp-json\/wp\/v2\/product_cat?post=16661"},{"taxonomy":"product_tag","embeddable":true,"href":"https:\/\/topholds.com\/de\/wp-json\/wp\/v2\/product_tag?post=16661"}],"curies":[{"name":"wp","href":"https:\/\/api.w.org\/{rel}","templated":true}]}}