{"id":16666,"date":"2017-06-22T18:37:51","date_gmt":"2017-06-22T18:37:51","guid":{"rendered":"https:\/\/topholds.com\/?post_type=product&#038;p=5713\/vocales\/"},"modified":"2024-08-26T03:35:15","modified_gmt":"2024-08-26T03:35:15","slug":"vocales","status":"publish","type":"product","link":"https:\/\/topholds.com\/de\/angebot\/klettergriffe\/kinder\/vocales\/","title":{"rendered":"Kinder-Klettergriff-Paket Vocales"},"content":{"rendered":"<p><strong>Vocales ist ein Set aus 5 Klettergriffen<\/strong> mit einer sanften Sandsteinhaptik.<\/p>\n<p>Speziell f\u00fcr Kinder entwickelt, <strong>bieten diese Griffe ausgezeichneten Halt<\/strong>, sodass die kleinen Kletterer F\u00e4higkeiten und Selbstvertrauen entwickeln k\u00f6nnen, w\u00e4hrend sie Spa\u00df beim Klettern an der Wand haben.<\/p>\n<p>Diese Griffe sind ideal, um <strong>kreative und herausfordernde Spiele an der Wand zu entwerfen und zu bauen<\/strong>, wobei das Interesse und die Vorstellungskraft der Kinder angeregt werden.<\/p>\n<p>Jeder Griff verf\u00fcgt \u00fcber ein <strong>Anti-Drehloch f\u00fcr die Schraube<\/strong>, das eine sichere und stabile Befestigung zu jeder Zeit gew\u00e4hrleistet. Es wird empfohlen, Schrauben M10x40 zu verwenden, obwohl auch Schrauben M8x40 verwendet werden k\u00f6nnen.<\/p>\n<p>Das <em>Set von Griffen &#8222;Vocales&#8220;<\/em> enth\u00e4lt einen Griff in jeder Farbe, aber beachten Sie, dass die Farben von der abgebildeten Farbe abweichen k\u00f6nnen. Wenn Sie alle Griffe in einer einzigen Farbe erhalten m\u00f6chten, z\u00f6gern Sie nicht, uns zu kontaktieren.<\/p>\n","protected":false},"excerpt":{"rendered":"<ul>\n<li>Vocales ist ein Set von 5 Kinder-Klettergriffen.<\/li>\n<li>Sandstein-Textur.<\/li>\n<li>Griffe mit sehr gutem Halt, speziell f\u00fcr Kinder entwickelt.<\/li>\n<li>Ideal, um Spiele an der Wand zu kreieren.<\/li>\n<li>Alle mit einem Loch f\u00fcr anti-rotierende Senkkopfschrauben ausgestattet.<\/li>\n<\/ul>\n","protected":false},"featured_media":19210,"comment_status":"open","ping_status":"closed","template":"","meta":[],"product_brand":[],"product_cat":[457],"product_tag":[],"class_list":{"0":"post-16666","1":"product","2":"type-product","3":"status-publish","4":"has-post-thumbnail","6":"product_cat-kinder","8":"first","9":"instock","10":"sale","11":"taxable","12":"shipping-taxable","13":"purchasable","14":"product-type-simple"},"_links":{"self":[{"href":"https:\/\/topholds.com\/de\/wp-json\/wp\/v2\/product\/16666","targetHints":{"allow":["GET"]}}],"collection":[{"href":"https:\/\/topholds.com\/de\/wp-json\/wp\/v2\/product"}],"about":[{"href":"https:\/\/topholds.com\/de\/wp-json\/wp\/v2\/types\/product"}],"replies":[{"embeddable":true,"href":"https:\/\/topholds.com\/de\/wp-json\/wp\/v2\/comments?post=16666"}],"wp:featuredmedia":[{"embeddable":true,"href":"https:\/\/topholds.com\/de\/wp-json\/wp\/v2\/media\/19210"}],"wp:attachment":[{"href":"https:\/\/topholds.com\/de\/wp-json\/wp\/v2\/media?parent=16666"}],"wp:term":[{"taxonomy":"product_brand","embeddable":true,"href":"https:\/\/topholds.com\/de\/wp-json\/wp\/v2\/product_brand?post=16666"},{"taxonomy":"product_cat","embeddable":true,"href":"https:\/\/topholds.com\/de\/wp-json\/wp\/v2\/product_cat?post=16666"},{"taxonomy":"product_tag","embeddable":true,"href":"https:\/\/topholds.com\/de\/wp-json\/wp\/v2\/product_tag?post=16666"}],"curies":[{"name":"wp","href":"https:\/\/api.w.org\/{rel}","templated":true}]}}