{"id":16671,"date":"2017-06-23T07:34:35","date_gmt":"2017-06-23T07:34:35","guid":{"rendered":"https:\/\/topholds.com\/?post_type=product&#038;p=5719\/psyche\/"},"modified":"2024-08-26T03:35:58","modified_gmt":"2024-08-26T03:35:58","slug":"psyche","status":"publish","type":"product","link":"https:\/\/topholds.com\/de\/angebot\/klettergriffe\/psyche\/","title":{"rendered":"Klettergriff-Paket Psyche"},"content":{"rendered":"<p>Das <strong>Pack mit Klettergriffen Psyche<\/strong> besteht aus einem Set von zw\u00f6lf Griffen mit einer Doppeltextur, die eine breite Palette von Griffm\u00f6glichkeiten bietet. Diese Griffe beinhalten Slopers mit positivem Kante, was sie <strong>ideal f\u00fcr jede Art von Neigung macht<\/strong>, und sie sind perfekt zum Trainieren dank ihrer abgerundeten Kanten.<\/p>\n<p>Diese Griffe sind <strong>besonders f\u00fcr Wettk\u00e4mpfe entwickelt<\/strong> worden, da <strong>jeder Griff eine unterschiedliche Greifschwierigkeit hat<\/strong>, was es erm\u00f6glicht, deine Kletterf\u00e4higkeiten herauszufordern und zu verbessern.<\/p>\n<p>Es wird empfohlen, <strong>Schrauben M10x40 oder M8x40<\/strong> f\u00fcr eine sichere Befestigung an der Wand zu verwenden. Zudem kommt jeder Griff mit einem Anti-Rotationsschraubenloch, das eine sichere Befestigung an jeder Kletterwand gew\u00e4hrleistet.<\/p>\n<p>Bitte beachte, dass die Farben des Produkts von dem angezeigten Bild abweichen k\u00f6nnen. Wenn du eine bestimmte Farbe w\u00fcnschst, z\u00f6gere nicht, uns zu kontaktieren.<\/p>\n","protected":false},"excerpt":{"rendered":"<ul>\n<li>Psyche ist ein Set von 12 Klettergriffen mit dualer Textur.<\/li>\n<li>Griffe mit positivem Ansatz.<\/li>\n<li>Geeignet f\u00fcr jede Art von Neigung.<\/li>\n<li>Ideal f\u00fcr das Training dank ihrer abgerundeten Kanten.<\/li>\n<li>Jeder Griff hat einen anderen Schwierigkeitsgrad im Halten als die anderen.<\/li>\n<\/ul>\n","protected":false},"featured_media":19220,"comment_status":"open","ping_status":"closed","template":"","meta":[],"product_brand":[],"product_cat":[418],"product_tag":[],"class_list":{"0":"post-16671","1":"product","2":"type-product","3":"status-publish","4":"has-post-thumbnail","6":"product_cat-klettergriffe","8":"first","9":"instock","10":"sale","11":"taxable","12":"shipping-taxable","13":"purchasable","14":"product-type-simple"},"_links":{"self":[{"href":"https:\/\/topholds.com\/de\/wp-json\/wp\/v2\/product\/16671","targetHints":{"allow":["GET"]}}],"collection":[{"href":"https:\/\/topholds.com\/de\/wp-json\/wp\/v2\/product"}],"about":[{"href":"https:\/\/topholds.com\/de\/wp-json\/wp\/v2\/types\/product"}],"replies":[{"embeddable":true,"href":"https:\/\/topholds.com\/de\/wp-json\/wp\/v2\/comments?post=16671"}],"wp:featuredmedia":[{"embeddable":true,"href":"https:\/\/topholds.com\/de\/wp-json\/wp\/v2\/media\/19220"}],"wp:attachment":[{"href":"https:\/\/topholds.com\/de\/wp-json\/wp\/v2\/media?parent=16671"}],"wp:term":[{"taxonomy":"product_brand","embeddable":true,"href":"https:\/\/topholds.com\/de\/wp-json\/wp\/v2\/product_brand?post=16671"},{"taxonomy":"product_cat","embeddable":true,"href":"https:\/\/topholds.com\/de\/wp-json\/wp\/v2\/product_cat?post=16671"},{"taxonomy":"product_tag","embeddable":true,"href":"https:\/\/topholds.com\/de\/wp-json\/wp\/v2\/product_tag?post=16671"}],"curies":[{"name":"wp","href":"https:\/\/api.w.org\/{rel}","templated":true}]}}