{"id":16676,"date":"2017-07-01T19:52:30","date_gmt":"2017-07-01T19:52:30","guid":{"rendered":"https:\/\/topholds.com\/?post_type=product&#038;p=5741\/sicherheitschraube-10x80\/"},"modified":"2024-11-28T23:00:48","modified_gmt":"2024-11-28T23:00:48","slug":"sicherheitschraube-10x80","status":"publish","type":"product","link":"https:\/\/topholds.com\/de\/angebot\/befestigungen\/wandanker\/sicherheitschraube-10x80\/","title":{"rendered":"Sicherheitschraube 10\u00d780"},"content":{"rendered":"<p>Metallanker mit der M\u00f6glichkeit, ihn unzerst\u00f6rbar zu machen, sobald er festgezogen ist, indem man den Stern auf den Kopf setzt.<\/p>\n<p>Preise f\u00fcr gro\u00dfe Mengen auf Anfrage.<\/p>\n","protected":false},"excerpt":{"rendered":"<ul>\n<li>Sicher und robust<\/li>\n<li>Die M\u00f6glichkeit, es unverletzbar zu machen.<\/li>\n<\/ul>\n","protected":false},"featured_media":4952,"comment_status":"open","ping_status":"closed","template":"","meta":[],"product_brand":[],"product_cat":[419,469],"product_tag":[],"class_list":{"0":"post-16676","1":"product","2":"type-product","3":"status-publish","4":"has-post-thumbnail","6":"product_cat-befestigungen","7":"product_cat-wandanker","9":"first","10":"instock","11":"taxable","12":"shipping-taxable","13":"purchasable","14":"product-type-simple"},"_links":{"self":[{"href":"https:\/\/topholds.com\/de\/wp-json\/wp\/v2\/product\/16676","targetHints":{"allow":["GET"]}}],"collection":[{"href":"https:\/\/topholds.com\/de\/wp-json\/wp\/v2\/product"}],"about":[{"href":"https:\/\/topholds.com\/de\/wp-json\/wp\/v2\/types\/product"}],"replies":[{"embeddable":true,"href":"https:\/\/topholds.com\/de\/wp-json\/wp\/v2\/comments?post=16676"}],"wp:featuredmedia":[{"embeddable":true,"href":"https:\/\/topholds.com\/de\/wp-json\/wp\/v2\/media\/4952"}],"wp:attachment":[{"href":"https:\/\/topholds.com\/de\/wp-json\/wp\/v2\/media?parent=16676"}],"wp:term":[{"taxonomy":"product_brand","embeddable":true,"href":"https:\/\/topholds.com\/de\/wp-json\/wp\/v2\/product_brand?post=16676"},{"taxonomy":"product_cat","embeddable":true,"href":"https:\/\/topholds.com\/de\/wp-json\/wp\/v2\/product_cat?post=16676"},{"taxonomy":"product_tag","embeddable":true,"href":"https:\/\/topholds.com\/de\/wp-json\/wp\/v2\/product_tag?post=16676"}],"curies":[{"name":"wp","href":"https:\/\/api.w.org\/{rel}","templated":true}]}}