{"id":16686,"date":"2017-07-30T16:00:28","date_gmt":"2017-07-30T16:00:28","guid":{"rendered":"https:\/\/topholds.com\/?post_type=product&#038;p=5808\/grieta\/"},"modified":"2024-08-26T03:40:40","modified_gmt":"2024-08-26T03:40:40","slug":"grieta","status":"publish","type":"product","link":"https:\/\/topholds.com\/de\/angebot\/klettergriffe\/grieta\/","title":{"rendered":"Klettergriff-Paket Grieta"},"content":{"rendered":"<p>Das <strong>Grieta Grifffst\u00fcckset<\/strong> enth\u00e4lt 2 Griffe mit <strong>sanfter Sandsteintextur.<\/strong><\/p>\n<p>Diese Griffe bieten eine <strong>Vielfalt an Haltem\u00f6glichkeiten<\/strong> und k\u00f6nnen in einer breiten Palette von Konfigurationen an der Wand verwendet werden.<\/p>\n<p>Wenn sie separat verwendet werden, bieten diese Griffe gro\u00dfe Kanten f\u00fcr einen sicheren Halt. Werden sie zusammen angebracht, k\u00f6nnen sie eine Rinne oder einen Riss bilden, um eine zus\u00e4tzliche Herausforderung an der Wand zu bieten.<\/p>\n<p>Diese Griffe k\u00f6nnen <strong>mit Inbus-Schrauben oder mit drei Holzschrauben installiert werden<\/strong>. Es wird empfohlen, M10x40 oder M8x40 Schrauben f\u00fcr eine optimale Befestigung zu verwenden. Dar\u00fcber hinaus kommt jeder Griff mit zwei zus\u00e4tzlichen L\u00f6chern, um die Installation mit Holzschrauben zu erm\u00f6glichen, falls gew\u00fcnscht.<\/p>\n<p>Bitte beachten Sie, dass die Farben des Produkts von dem gezeigten Bild abweichen k\u00f6nnen. Wenn Sie eine bestimmte Farbe w\u00fcnschen, z\u00f6gern Sie nicht, uns zu kontaktieren.<\/p>\n","protected":false},"excerpt":{"rendered":"<ul>\n<li>Grieta ist ein Set aus 2 Klettergriffen.<\/li>\n<li>Sanfte Sandsteintextur.<\/li>\n<li>Wenn wir sie separat verwenden, haben wir gro\u00dfe Kanten.<\/li>\n<li>Wenn wir sie zusammenf\u00fcgen, k\u00f6nnen wir eine Rinne oder einen Riss formen.<\/li>\n<li>Es besteht die M\u00f6glichkeit, sie mit Allen-Schrauben oder durch 3 Schrauben zu montieren.<\/li>\n<li>Ausgestattet mit zwei zus\u00e4tzlichen L\u00f6chern, um sie auch mit Schrauben zu versehen.<\/li>\n<\/ul>\n","protected":false},"featured_media":5798,"comment_status":"open","ping_status":"closed","template":"","meta":[],"product_brand":[],"product_cat":[418],"product_tag":[],"class_list":{"0":"post-16686","1":"product","2":"type-product","3":"status-publish","4":"has-post-thumbnail","6":"product_cat-klettergriffe","8":"first","9":"instock","10":"taxable","11":"shipping-taxable","12":"purchasable","13":"product-type-simple"},"_links":{"self":[{"href":"https:\/\/topholds.com\/de\/wp-json\/wp\/v2\/product\/16686","targetHints":{"allow":["GET"]}}],"collection":[{"href":"https:\/\/topholds.com\/de\/wp-json\/wp\/v2\/product"}],"about":[{"href":"https:\/\/topholds.com\/de\/wp-json\/wp\/v2\/types\/product"}],"replies":[{"embeddable":true,"href":"https:\/\/topholds.com\/de\/wp-json\/wp\/v2\/comments?post=16686"}],"wp:featuredmedia":[{"embeddable":true,"href":"https:\/\/topholds.com\/de\/wp-json\/wp\/v2\/media\/5798"}],"wp:attachment":[{"href":"https:\/\/topholds.com\/de\/wp-json\/wp\/v2\/media?parent=16686"}],"wp:term":[{"taxonomy":"product_brand","embeddable":true,"href":"https:\/\/topholds.com\/de\/wp-json\/wp\/v2\/product_brand?post=16686"},{"taxonomy":"product_cat","embeddable":true,"href":"https:\/\/topholds.com\/de\/wp-json\/wp\/v2\/product_cat?post=16686"},{"taxonomy":"product_tag","embeddable":true,"href":"https:\/\/topholds.com\/de\/wp-json\/wp\/v2\/product_tag?post=16686"}],"curies":[{"name":"wp","href":"https:\/\/api.w.org\/{rel}","templated":true}]}}