{"id":16696,"date":"2017-07-31T17:58:08","date_gmt":"2017-07-31T17:58:08","guid":{"rendered":"https:\/\/topholds.com\/?post_type=product&#038;p=5832\/numeros\/"},"modified":"2026-01-28T15:46:18","modified_gmt":"2026-01-28T15:46:18","slug":"numeros","status":"publish","type":"product","link":"https:\/\/topholds.com\/de\/angebot\/klettergriffe\/kinder\/numeros\/","title":{"rendered":"Kinder-Klettergriff-Paket Numeros"},"content":{"rendered":"<p>Der <strong>Griffset N\u00fameros<\/strong> ist speziell <strong>f\u00fcr Kinder und Anf\u00e4nger<\/strong> konzipiert, die ihre Kletterf\u00e4higkeiten verbessern m\u00f6chten. Dieses Set besteht aus zehn Griffen mit einer <strong>weichen Sandsteinhaptik<\/strong>, die einen sicheren und komfortablen Halt f\u00fcr kleine H\u00e4nde bietet.<\/p>\n<p>Jeder Griff ist mit einem <strong>Antidrehloch f\u00fcr Schrauben ausgestattet, das eine sichere Befestigung<\/strong> an jeder Kletterwand gew\u00e4hrleistet. Es wird empfohlen, M10x40- oder M8x40-Schrauben f\u00fcr eine optimale Befestigung zu verwenden.<\/p>\n<p>Bitte beachten Sie, dass die Farben des Produkts von dem angezeigten Bild abweichen k\u00f6nnen. Wenn Sie eine bestimmte Farbe w\u00fcnschen, z\u00f6gern Sie nicht, uns zu kontaktieren.<\/p>\n","protected":false},"excerpt":{"rendered":"<ul>\n<li>Nummer ist ein Set von 10 Kinder-Klettergriffen.<\/li>\n<li>Weiche Sandstein-Textur.<\/li>\n<li>Griffe mit sehr gutem Halt, &#8222;besonders f\u00fcr Kinder entwickelt&#8220;.<\/li>\n<li>Alle mit einem Loch f\u00fcr Schrauben zur Verhinderung des Drehens ausgestattet.<\/li>\n<\/ul>\n","protected":false},"featured_media":19280,"comment_status":"open","ping_status":"closed","template":"","meta":[],"product_brand":[],"product_cat":[457],"product_tag":[],"class_list":{"0":"post-16696","1":"product","2":"type-product","3":"status-publish","4":"has-post-thumbnail","6":"product_cat-kinder","8":"first","9":"instock","10":"taxable","11":"shipping-taxable","12":"purchasable","13":"product-type-simple"},"_links":{"self":[{"href":"https:\/\/topholds.com\/de\/wp-json\/wp\/v2\/product\/16696","targetHints":{"allow":["GET"]}}],"collection":[{"href":"https:\/\/topholds.com\/de\/wp-json\/wp\/v2\/product"}],"about":[{"href":"https:\/\/topholds.com\/de\/wp-json\/wp\/v2\/types\/product"}],"replies":[{"embeddable":true,"href":"https:\/\/topholds.com\/de\/wp-json\/wp\/v2\/comments?post=16696"}],"wp:featuredmedia":[{"embeddable":true,"href":"https:\/\/topholds.com\/de\/wp-json\/wp\/v2\/media\/19280"}],"wp:attachment":[{"href":"https:\/\/topholds.com\/de\/wp-json\/wp\/v2\/media?parent=16696"}],"wp:term":[{"taxonomy":"product_brand","embeddable":true,"href":"https:\/\/topholds.com\/de\/wp-json\/wp\/v2\/product_brand?post=16696"},{"taxonomy":"product_cat","embeddable":true,"href":"https:\/\/topholds.com\/de\/wp-json\/wp\/v2\/product_cat?post=16696"},{"taxonomy":"product_tag","embeddable":true,"href":"https:\/\/topholds.com\/de\/wp-json\/wp\/v2\/product_tag?post=16696"}],"curies":[{"name":"wp","href":"https:\/\/api.w.org\/{rel}","templated":true}]}}