{"id":16701,"date":"2017-08-08T18:39:40","date_gmt":"2017-08-08T18:39:40","guid":{"rendered":"https:\/\/topholds.com\/?post_type=product&#038;p=5846\/prehistoric-m\/"},"modified":"2024-08-26T03:45:06","modified_gmt":"2024-08-26T03:45:06","slug":"prehistoric-m","status":"publish","type":"product","link":"https:\/\/topholds.com\/de\/angebot\/klettergriffe\/prehistoric-m\/","title":{"rendered":"Klettergriff-Paket Prehistoric M"},"content":{"rendered":"<p>Der <strong>Pack von Klettergriffen Prehistoric<\/strong> enth\u00e4lt <strong>10 Griffe mit einer sanften Sandsteitextur<\/strong>, die einen sicheren und bequemen Halt bieten, sodass du mit Vertrauen klettern und neue F\u00e4higkeitsniveaus erreichen kannst.<\/p>\n<p>Jeder Griff ist mit einem <strong>Anti-Rotation-Schraubenloch<\/strong> ausgestattet, das eine sichere Befestigung an jeder Kletterwand gew\u00e4hrleistet. Es wird empfohlen, <strong>M10x50 oder M8x50 Schrauben<\/strong> f\u00fcr eine optimale Befestigung zu verwenden.<\/p>\n<p>Die Griffe von Prehistoric bieten einen <strong>au\u00dfergew\u00f6hnlichen Halt f\u00fcr Kletterer jeden Niveaus<\/strong>. Egal, ob du ein Anf\u00e4nger bist, der seine F\u00e4higkeiten verbessern m\u00f6chte, oder ein fortgeschrittener Kletterer auf der Suche nach einer Herausforderung, dieses <em>Set vongriffen<\/em> ist perfekt f\u00fcr dich.<\/p>\n<p>Bitte beachte, dass die Farben des Produkts von der abgebildeten Darstellung abweichen k\u00f6nnen. Wenn du eine bestimmte Farbe w\u00fcnschst, z\u00f6gere nicht, uns zu kontaktieren.<\/p>\n","protected":false},"excerpt":{"rendered":"<ul>\n<li>Prehistoric ist ein Set von 10 Klettergriffen.<\/li>\n<li>Sanftes Sandstein-Textur.<\/li>\n<li>Griffe mit sehr gutem Halt.<\/li>\n<li>Alle mit Loch f\u00fcr anti-rotation Senkkopf-Schraube ausgestattet.<\/li>\n<\/ul>\n<p>&nbsp;<\/p>\n","protected":false},"featured_media":19295,"comment_status":"open","ping_status":"closed","template":"","meta":[],"product_brand":[],"product_cat":[418],"product_tag":[],"class_list":{"0":"post-16701","1":"product","2":"type-product","3":"status-publish","4":"has-post-thumbnail","6":"product_cat-klettergriffe","8":"first","9":"instock","10":"taxable","11":"shipping-taxable","12":"purchasable","13":"product-type-simple"},"_links":{"self":[{"href":"https:\/\/topholds.com\/de\/wp-json\/wp\/v2\/product\/16701","targetHints":{"allow":["GET"]}}],"collection":[{"href":"https:\/\/topholds.com\/de\/wp-json\/wp\/v2\/product"}],"about":[{"href":"https:\/\/topholds.com\/de\/wp-json\/wp\/v2\/types\/product"}],"replies":[{"embeddable":true,"href":"https:\/\/topholds.com\/de\/wp-json\/wp\/v2\/comments?post=16701"}],"wp:featuredmedia":[{"embeddable":true,"href":"https:\/\/topholds.com\/de\/wp-json\/wp\/v2\/media\/19295"}],"wp:attachment":[{"href":"https:\/\/topholds.com\/de\/wp-json\/wp\/v2\/media?parent=16701"}],"wp:term":[{"taxonomy":"product_brand","embeddable":true,"href":"https:\/\/topholds.com\/de\/wp-json\/wp\/v2\/product_brand?post=16701"},{"taxonomy":"product_cat","embeddable":true,"href":"https:\/\/topholds.com\/de\/wp-json\/wp\/v2\/product_cat?post=16701"},{"taxonomy":"product_tag","embeddable":true,"href":"https:\/\/topholds.com\/de\/wp-json\/wp\/v2\/product_tag?post=16701"}],"curies":[{"name":"wp","href":"https:\/\/api.w.org\/{rel}","templated":true}]}}