{"id":16706,"date":"2017-08-13T18:29:07","date_gmt":"2017-08-13T18:29:07","guid":{"rendered":"https:\/\/topholds.com\/?post_type=product&#038;p=5853\/prehistoric-s\/"},"modified":"2024-08-26T03:46:37","modified_gmt":"2024-08-26T03:46:37","slug":"prehistoric-s","status":"publish","type":"product","link":"https:\/\/topholds.com\/de\/angebot\/klettergriffe\/prehistoric-s\/","title":{"rendered":"Klettergriff-Paket Prehistoric S"},"content":{"rendered":"<p>Der <strong>Pack mit Klettergriffen Prehistoric S<\/strong> kommt mit <strong>12 Griffen, die eine sanfte Sandsteintextur haben<\/strong>, die dir einen sicheren und bequemen Halt bietet, sodass du deine Grenzen herausfordern kannst.<\/p>\n<p>Diese Griffe sind <strong>ideal f\u00fcr jedes Schwierigkeitsniveau<\/strong>, von Anf\u00e4ngern bis zu erfahrenen Kletterern. Au\u00dferdem sind sie sehr vielseitig und k\u00f6nnen an verschiedenen Arten von W\u00e4nden und Oberfl\u00e4chen eingesetzt werden.<\/p>\n<p>Jeder Griff ist mit <strong>einem Anti-Rotations-Schraubenloch ausgestattet, das eine sichere Befestigung<\/strong> an jeder Kletterwand gew\u00e4hrleistet. Es wird empfohlen, M10x50 oder M8x50 Schrauben f\u00fcr eine optimale Befestigung zu verwenden.<\/p>\n<p>Bitte beachte, dass die Farben des Produkts von dem dargestellten Bild abweichen k\u00f6nnen. Wenn du eine bestimmte Farbe w\u00fcnschst, z\u00f6gere nicht, uns zu kontaktieren.<\/p>\n","protected":false},"excerpt":{"rendered":"<ul>\n<li>Prehistoric S ist ein Set von 12 Klettergriffen.<\/li>\n<li>Weiche Sandsteinstruktur.<\/li>\n<li>Alle mit einem Loch f\u00fcr einen Anti-Drehschraubenzug ausgestattet.<\/li>\n<\/ul>\n","protected":false},"featured_media":19310,"comment_status":"open","ping_status":"closed","template":"","meta":[],"product_brand":[],"product_cat":[418],"product_tag":[],"class_list":{"0":"post-16706","1":"product","2":"type-product","3":"status-publish","4":"has-post-thumbnail","6":"product_cat-klettergriffe","8":"first","9":"instock","10":"taxable","11":"shipping-taxable","12":"purchasable","13":"product-type-simple"},"_links":{"self":[{"href":"https:\/\/topholds.com\/de\/wp-json\/wp\/v2\/product\/16706","targetHints":{"allow":["GET"]}}],"collection":[{"href":"https:\/\/topholds.com\/de\/wp-json\/wp\/v2\/product"}],"about":[{"href":"https:\/\/topholds.com\/de\/wp-json\/wp\/v2\/types\/product"}],"replies":[{"embeddable":true,"href":"https:\/\/topholds.com\/de\/wp-json\/wp\/v2\/comments?post=16706"}],"wp:featuredmedia":[{"embeddable":true,"href":"https:\/\/topholds.com\/de\/wp-json\/wp\/v2\/media\/19310"}],"wp:attachment":[{"href":"https:\/\/topholds.com\/de\/wp-json\/wp\/v2\/media?parent=16706"}],"wp:term":[{"taxonomy":"product_brand","embeddable":true,"href":"https:\/\/topholds.com\/de\/wp-json\/wp\/v2\/product_brand?post=16706"},{"taxonomy":"product_cat","embeddable":true,"href":"https:\/\/topholds.com\/de\/wp-json\/wp\/v2\/product_cat?post=16706"},{"taxonomy":"product_tag","embeddable":true,"href":"https:\/\/topholds.com\/de\/wp-json\/wp\/v2\/product_tag?post=16706"}],"curies":[{"name":"wp","href":"https:\/\/api.w.org\/{rel}","templated":true}]}}