{"id":16711,"date":"2017-08-21T18:55:04","date_gmt":"2017-08-21T18:55:04","guid":{"rendered":"https:\/\/topholds.com\/?post_type=product&#038;p=5868\/moana\/"},"modified":"2024-08-26T03:48:11","modified_gmt":"2024-08-26T03:48:11","slug":"moana","status":"publish","type":"product","link":"https:\/\/topholds.com\/de\/angebot\/klettergriffe\/moana\/","title":{"rendered":"Klettergriff-Paket Moana"},"content":{"rendered":"<p>Der <strong>Moana Klettergriff-Set<\/strong> besteht aus sechs Teilen mit einer weichen und sandigen Textur, die einen sicheren und komfortablen Halt bieten. <\/p>\n<p>Sie sind nicht nur <strong>ideal f\u00fcr jedes Kletterniveau<\/strong>, sondern auch sehr vielseitig in der Anwendung auf verschiedenen Wand- und Oberfl\u00e4chenarten. <\/p>\n<p>Jeder Griff ist mit einem <strong>Anti-Dreh-Loch f\u00fcr Schrauben ausgestattet, das eine sichere Befestigung gew\u00e4hrleistet<\/strong>. Die empfohlenen Schrauben f\u00fcr die Verwendung mit diesen Griffen sind M10x40 oder M8x40. <\/p>\n<p>Bitte beachten Sie, dass die Farben des Produkts von dem gezeigten Bild abweichen k\u00f6nnen. Wenn Sie eine bestimmte Farbe w\u00fcnschen, z\u00f6gern Sie nicht, uns zu kontaktieren.<\/p>\n","protected":false},"excerpt":{"rendered":"<ul>\n<li>Moana ist ein Set von 6 Klettergriffen.<\/li>\n<li>Sanfte Sandsteintextur.<\/li>\n<li>Alle mit einem Loch f\u00fcr eine Anti-Rotationsschraube ausgestattet.<\/li>\n<\/ul>\n<p>&nbsp;<\/p>\n","protected":false},"featured_media":19320,"comment_status":"open","ping_status":"closed","template":"","meta":[],"product_brand":[],"product_cat":[418],"product_tag":[],"class_list":{"0":"post-16711","1":"product","2":"type-product","3":"status-publish","4":"has-post-thumbnail","6":"product_cat-klettergriffe","8":"first","9":"instock","10":"taxable","11":"shipping-taxable","12":"purchasable","13":"product-type-simple"},"_links":{"self":[{"href":"https:\/\/topholds.com\/de\/wp-json\/wp\/v2\/product\/16711","targetHints":{"allow":["GET"]}}],"collection":[{"href":"https:\/\/topholds.com\/de\/wp-json\/wp\/v2\/product"}],"about":[{"href":"https:\/\/topholds.com\/de\/wp-json\/wp\/v2\/types\/product"}],"replies":[{"embeddable":true,"href":"https:\/\/topholds.com\/de\/wp-json\/wp\/v2\/comments?post=16711"}],"wp:featuredmedia":[{"embeddable":true,"href":"https:\/\/topholds.com\/de\/wp-json\/wp\/v2\/media\/19320"}],"wp:attachment":[{"href":"https:\/\/topholds.com\/de\/wp-json\/wp\/v2\/media?parent=16711"}],"wp:term":[{"taxonomy":"product_brand","embeddable":true,"href":"https:\/\/topholds.com\/de\/wp-json\/wp\/v2\/product_brand?post=16711"},{"taxonomy":"product_cat","embeddable":true,"href":"https:\/\/topholds.com\/de\/wp-json\/wp\/v2\/product_cat?post=16711"},{"taxonomy":"product_tag","embeddable":true,"href":"https:\/\/topholds.com\/de\/wp-json\/wp\/v2\/product_tag?post=16711"}],"curies":[{"name":"wp","href":"https:\/\/api.w.org\/{rel}","templated":true}]}}