{"id":16716,"date":"2017-09-28T17:56:51","date_gmt":"2017-09-28T17:56:51","guid":{"rendered":"https:\/\/topholds.com\/lenek\/"},"modified":"2024-08-26T03:49:25","modified_gmt":"2024-08-26T03:49:25","slug":"lenek","status":"publish","type":"product","link":"https:\/\/topholds.com\/de\/angebot\/klettergriffe\/lenek\/","title":{"rendered":"Klettergriff-Paket Lenek"},"content":{"rendered":"<p><strong>Lenek ist ein Set von 8 Klettergriffen<\/strong> mit einer sanften Sandstein-Textur.<\/p>\n<p>Die <em>Klettergriffe Lenek<\/em> verf\u00fcgen \u00fcber gute Kanten in einer ihrer Positionen und einen stumpfen Griff mit kleinen Kanten in der anderen. Der stumpfe Griff besitzt ein <strong>extra Relief, um die Haftung zu verbessern und mehr Sicherheit zu bieten<\/strong>.<\/p>\n<p>Jeder Griff ist mit einem <strong>Anti-Rotations-Loch f\u00fcr Senkkopfschrauben<\/strong> ausgestattet, was eine gr\u00f6\u00dfere Stabilit\u00e4t und Sicherheit w\u00e4hrend deiner Klettersessions gew\u00e4hrleistet.<\/p>\n<p>F\u00fcr die Installation der Griffe wird empfohlen, M10x40 oder M8x40 Schrauben zu verwenden (nicht enthalten).<\/p>\n<p>Bitte beachte, dass die Farben des Produkts von den auf dem Foto gezeigten abweichen k\u00f6nnen. Wenn du eine spezifische Farbe w\u00fcnschst, z\u00f6gere nicht, uns zu kontaktieren.<\/p>\n","protected":false},"excerpt":{"rendered":"<ul>\n<li>Lenek ist ein Satz von 8 Klettergriffen.<\/li>\n<li>Weiche Sandsteintextur.<\/li>\n<li>Mit guten Kanten in einer Position und stumpf mit kleinem Kanten in der anderen.<\/li>\n<li>Der stumpfe Griff ist mit einem zus\u00e4tzlichen Relief ausgestattet, um die Haftung zu verbessern.<\/li>\n<li>Alle mit einem Loch f\u00fcr anti-rotierende Schrauben versehen.<\/li>\n<\/ul>\n<p>&nbsp;<\/p>\n","protected":false},"featured_media":19345,"comment_status":"open","ping_status":"closed","template":"","meta":[],"product_brand":[],"product_cat":[418],"product_tag":[],"class_list":{"0":"post-16716","1":"product","2":"type-product","3":"status-publish","4":"has-post-thumbnail","6":"product_cat-klettergriffe","8":"first","9":"instock","10":"taxable","11":"shipping-taxable","12":"purchasable","13":"product-type-simple"},"_links":{"self":[{"href":"https:\/\/topholds.com\/de\/wp-json\/wp\/v2\/product\/16716","targetHints":{"allow":["GET"]}}],"collection":[{"href":"https:\/\/topholds.com\/de\/wp-json\/wp\/v2\/product"}],"about":[{"href":"https:\/\/topholds.com\/de\/wp-json\/wp\/v2\/types\/product"}],"replies":[{"embeddable":true,"href":"https:\/\/topholds.com\/de\/wp-json\/wp\/v2\/comments?post=16716"}],"wp:featuredmedia":[{"embeddable":true,"href":"https:\/\/topholds.com\/de\/wp-json\/wp\/v2\/media\/19345"}],"wp:attachment":[{"href":"https:\/\/topholds.com\/de\/wp-json\/wp\/v2\/media?parent=16716"}],"wp:term":[{"taxonomy":"product_brand","embeddable":true,"href":"https:\/\/topholds.com\/de\/wp-json\/wp\/v2\/product_brand?post=16716"},{"taxonomy":"product_cat","embeddable":true,"href":"https:\/\/topholds.com\/de\/wp-json\/wp\/v2\/product_cat?post=16716"},{"taxonomy":"product_tag","embeddable":true,"href":"https:\/\/topholds.com\/de\/wp-json\/wp\/v2\/product_tag?post=16716"}],"curies":[{"name":"wp","href":"https:\/\/api.w.org\/{rel}","templated":true}]}}