{"id":16721,"date":"2017-09-28T18:20:24","date_gmt":"2017-09-28T18:20:24","guid":{"rendered":"https:\/\/topholds.com\/symmetrical-01\/"},"modified":"2025-04-02T09:06:21","modified_gmt":"2025-04-02T09:06:21","slug":"symmetrical-01","status":"publish","type":"product","link":"https:\/\/topholds.com\/de\/angebot\/hindernisparcours\/trainingc\/griffe\/symmetrical-01\/","title":{"rendered":"Klettergriff Symmetrical 01"},"content":{"rendered":"<p><strong>Symmetrical 01 ist ein symmetrischer Klettergriff<\/strong>, der f\u00fcr <strong>Zug- und H\u00e4ngetraining<\/strong> entwickelt wurde und perfekt geeignet ist, um Ihre Kletterf\u00e4higkeiten und Ihr Training zu verbessern. Dieser Griff verf\u00fcgt \u00fcber eine gro\u00dfz\u00fcgige Kante auf einer Seite und einen Leisten auf der anderen, und bietet <strong>vielseitige Optionen f\u00fcr Ihre \u00dcbungen<\/strong>.<\/p>\n<p>Seine <strong>weiche Textur sorgt f\u00fcr einen bequemen und sicheren Halt<\/strong> w\u00e4hrend Ihrer Trainingseinheiten und erm\u00f6glicht eine l\u00e4ngere Nutzung, ohne die H\u00e4nde zu reizen.<\/p>\n<p>Zur Installation des Griffs wird empfohlen, <strong>M10x40 oder M8x40 Schrauben<\/strong> (nicht enthalten) zu verwenden, um eine feste und stabile Befestigung zu gew\u00e4hrleisten.<\/p>\n<p>Bitte beachten Sie, dass die Farben des Produkts von den in der Fotografie dargestellten abweichen k\u00f6nnen. Wenn Sie eine bestimmte Farbe w\u00fcnschen, z\u00f6gern Sie nicht, uns zu kontaktieren.<\/p>\n","protected":false},"excerpt":{"rendered":"<ul>\n<li>Ideal f\u00fcr Z\u00fcge und Aufh\u00e4ngungen.<\/li>\n<li>Symmetrischer Griff mit sehr gutem Kanten in einer seiner Positionen und einer Leiste in der anderen.<\/li>\n<li>Sanfte Textur.<\/li>\n<\/ul>\n","protected":false},"featured_media":5944,"comment_status":"open","ping_status":"closed","template":"","meta":[],"product_brand":[],"product_cat":[497,403,492,418,458],"product_tag":[],"class_list":{"0":"post-16721","1":"product","2":"type-product","3":"status-publish","4":"has-post-thumbnail","6":"product_cat-griffe","7":"product_cat-hindernisparcours","8":"product_cat-trainingc","9":"product_cat-klettergriffe","10":"product_cat-trainingss","12":"first","13":"instock","14":"taxable","15":"shipping-taxable","16":"purchasable","17":"product-type-simple"},"_links":{"self":[{"href":"https:\/\/topholds.com\/de\/wp-json\/wp\/v2\/product\/16721","targetHints":{"allow":["GET"]}}],"collection":[{"href":"https:\/\/topholds.com\/de\/wp-json\/wp\/v2\/product"}],"about":[{"href":"https:\/\/topholds.com\/de\/wp-json\/wp\/v2\/types\/product"}],"replies":[{"embeddable":true,"href":"https:\/\/topholds.com\/de\/wp-json\/wp\/v2\/comments?post=16721"}],"wp:featuredmedia":[{"embeddable":true,"href":"https:\/\/topholds.com\/de\/wp-json\/wp\/v2\/media\/5944"}],"wp:attachment":[{"href":"https:\/\/topholds.com\/de\/wp-json\/wp\/v2\/media?parent=16721"}],"wp:term":[{"taxonomy":"product_brand","embeddable":true,"href":"https:\/\/topholds.com\/de\/wp-json\/wp\/v2\/product_brand?post=16721"},{"taxonomy":"product_cat","embeddable":true,"href":"https:\/\/topholds.com\/de\/wp-json\/wp\/v2\/product_cat?post=16721"},{"taxonomy":"product_tag","embeddable":true,"href":"https:\/\/topholds.com\/de\/wp-json\/wp\/v2\/product_tag?post=16721"}],"curies":[{"name":"wp","href":"https:\/\/api.w.org\/{rel}","templated":true}]}}