{"id":16726,"date":"2017-09-28T18:29:58","date_gmt":"2017-09-28T18:29:58","guid":{"rendered":"https:\/\/topholds.com\/mathematikzeichen\/"},"modified":"2024-08-26T03:52:04","modified_gmt":"2024-08-26T03:52:04","slug":"mathematikzeichen","status":"publish","type":"product","link":"https:\/\/topholds.com\/de\/angebot\/klettergriffe\/kinder\/mathematikzeichen\/","title":{"rendered":"Klettergriff-Paket Mathematikzeichen"},"content":{"rendered":"<p>Ek <strong>Pack von mathematischen Symbolen<\/strong>, es handelt sich um Wanddekorationen in Form verschiedener mathematischer Zeichen, die man an die Wand h\u00e4ngen kann.<\/p>\n<p>Addieren, subtrahieren, multiplizieren und dividieren&#8230; Dieses vielseitige Spieleset ist darauf ausgelegt, <strong>das Lernen und die Unterhaltung sowohl f\u00fcr Kinder als auch f\u00fcr Erwachsene zu f\u00f6rdern<\/strong>. Mit diesen Spielen wird die Entwicklung verschiedener F\u00e4higkeiten angeregt, wie zum Beispiel:<\/p>\n<ul>\n<li>Motorische Probleml\u00f6sung<\/li>\n<li>Schnelle Entscheidungsfindung<\/li>\n<li>Mentales Rechnen<\/li>\n<li>Kreativit\u00e4t<\/li>\n<\/ul>\n<p>Jedes St\u00fcck ist <strong>mit einem Anti-Rotations-D\u00fcbel-Loch ausgestattet<\/strong>, das somit f\u00fcr mehr Sicherheit und Stabilit\u00e4t bei der Benutzung sorgt.<\/p>\n<p><iframe src=\"https:\/\/www.youtube.com\/embed\/2OvYcDufpHY\" width=\"560\" height=\"315\" frameborder=\"0\" allowfullscreen=\"allowfullscreen\" data-mce-fragment=\"1\"><\/iframe><\/p>\n<p>F\u00fcr die Installation der Teile wird empfohlen, <strong>M10x40 oder M8x40 Schrauben<\/strong> (nicht im Lieferumfang enthalten) zu verwenden.<\/p>\n<p>Die Farben des Produkts k\u00f6nnen von den auf dem Foto gezeigten abweichen, aber sie werden immer in einer Vielzahl attraktiver Farben angeboten. Wenn du m\u00f6chtest, dass alle Teile die gleiche Farbe haben, z\u00f6gere nicht, uns zu kontaktieren.<\/p>\n","protected":false},"excerpt":{"rendered":"<ul>\n<li>Set von Klettergriffen f\u00fcr Kinder in Form von mathematischen Zeichen.<\/li>\n<li>Erm\u00f6glicht das \u00dcben der Grundoperationen: Addition, Subtraktion, Multiplikation und Division.<\/li>\n<li>Entwickelt motorische F\u00e4higkeiten.<\/li>\n<li>Verbessert die Entscheidungsfindung.<\/li>\n<li>St\u00e4rkt das Kopfrechnen.<\/li>\n<\/ul>\n","protected":false},"featured_media":19380,"comment_status":"open","ping_status":"closed","template":"","meta":[],"product_brand":[],"product_cat":[457],"product_tag":[],"class_list":{"0":"post-16726","1":"product","2":"type-product","3":"status-publish","4":"has-post-thumbnail","6":"product_cat-kinder","8":"first","9":"instock","10":"taxable","11":"shipping-taxable","12":"purchasable","13":"product-type-simple"},"_links":{"self":[{"href":"https:\/\/topholds.com\/de\/wp-json\/wp\/v2\/product\/16726","targetHints":{"allow":["GET"]}}],"collection":[{"href":"https:\/\/topholds.com\/de\/wp-json\/wp\/v2\/product"}],"about":[{"href":"https:\/\/topholds.com\/de\/wp-json\/wp\/v2\/types\/product"}],"replies":[{"embeddable":true,"href":"https:\/\/topholds.com\/de\/wp-json\/wp\/v2\/comments?post=16726"}],"wp:featuredmedia":[{"embeddable":true,"href":"https:\/\/topholds.com\/de\/wp-json\/wp\/v2\/media\/19380"}],"wp:attachment":[{"href":"https:\/\/topholds.com\/de\/wp-json\/wp\/v2\/media?parent=16726"}],"wp:term":[{"taxonomy":"product_brand","embeddable":true,"href":"https:\/\/topholds.com\/de\/wp-json\/wp\/v2\/product_brand?post=16726"},{"taxonomy":"product_cat","embeddable":true,"href":"https:\/\/topholds.com\/de\/wp-json\/wp\/v2\/product_cat?post=16726"},{"taxonomy":"product_tag","embeddable":true,"href":"https:\/\/topholds.com\/de\/wp-json\/wp\/v2\/product_tag?post=16726"}],"curies":[{"name":"wp","href":"https:\/\/api.w.org\/{rel}","templated":true}]}}