{"id":16736,"date":"2018-01-26T20:15:02","date_gmt":"2018-01-26T20:15:02","guid":{"rendered":"https:\/\/topholds.com\/spartan-grips\/"},"modified":"2026-01-01T14:41:38","modified_gmt":"2026-01-01T14:41:38","slug":"spartan-grips","status":"publish","type":"product","link":"https:\/\/topholds.com\/de\/angebot\/hindernisparcours\/trainingc\/aufhangung\/spartan-grips\/","title":{"rendered":"Aufh\u00e4ngung f\u00fcr Hindernisparcours Spartan Grips"},"content":{"rendered":"<p><strong>Spartan Grips ist eine Kombination aus Ball und Zylinder f\u00fcr das Training der Suspension\/Traktion<\/strong>, ein vielseitiger Griff, der f\u00fcr eine oder zwei H\u00e4nde konzipiert ist.<\/p>\n<p>Die <em>Spartan Grips Suspension<\/em> bieten drei Schwierigkeitsstufen: einen Ballgriff mit 10 oben, einen Zylindergriff mit 10 in der Mitte und einen Griff mit 9 unten. W\u00e4hle die Herausforderung, die am besten zu dir passt!<\/p>\n<p>Mit einer perfekten Ergonomie f\u00fcr die Hand und einer angenehmen Textur ist dieser Griff ein hervorragendes Werkzeug f\u00fcr <strong>Klettertraining, OCR oder Crossfit<\/strong>.<\/p>\n<p>Trotz ihrer Robustheit sind diese Griffe leicht und ideal f\u00fcr den Transport in deinem Rucksack, um \u00fcberall zu trainieren.<\/p>\n<p>Ausgestattet mit einem doppelten 5 mm Seil, bieten sie mehrere Vorteile:<\/p>\n<ul>\n<li>Beeintr\u00e4chtigt nicht den Griff.<\/li>\n<li>Lassen sich leicht an \u00c4ste, Klimmzugstangen usw. h\u00e4ngen, indem man in nur 3 Sekunden einen Lark&#8217;s Head-Knoten bindet.<\/li>\n<li>Mit einem Karabiner kann man sie f\u00fcr \u00dcberh\u00e4nge oder Sturz-Training aufh\u00e4ngen.<\/li>\n<\/ul>\n<p>Es gibt keine Ausreden, um in deinem t\u00e4glichen Training nicht ein wenig Herausforderung hinzuzuf\u00fcgen.<\/p>\n<p>Bitte beachte, dass die Farben des Produkts m\u00f6glicherweise nicht mit denen auf dem Foto \u00fcbereinstimmen. Wenn du eine bestimmte Farbe w\u00fcnschst, z\u00f6gere nicht, uns zu kontaktieren.<\/p>\n","protected":false},"excerpt":{"rendered":"<ul>\n<li>Ball und Zylinder f\u00fcr Aufh\u00e4ngungen\/Tractions.<\/li>\n<li>Griff f\u00fcr eine oder zwei H\u00e4nde.<\/li>\n<li>Ideal f\u00fcr Klettertraining, OCR oder Crossfit.<\/li>\n<li>Keine Hindernisse im Griff.<\/li>\n<li>Mit einem Karabiner h\u00e4ngen wir sie f\u00fcr \u00dcberh\u00e4nge oder Abst\u00fcrze auf.<\/li>\n<\/ul>\n","protected":false},"featured_media":6185,"comment_status":"open","ping_status":"closed","template":"","meta":[],"product_brand":[],"product_cat":[496,403,492],"product_tag":[],"class_list":{"0":"post-16736","1":"product","2":"type-product","3":"status-publish","4":"has-post-thumbnail","6":"product_cat-aufhangung","7":"product_cat-hindernisparcours","8":"product_cat-trainingc","10":"first","11":"instock","12":"taxable","13":"shipping-taxable","14":"purchasable","15":"product-type-simple"},"_links":{"self":[{"href":"https:\/\/topholds.com\/de\/wp-json\/wp\/v2\/product\/16736","targetHints":{"allow":["GET"]}}],"collection":[{"href":"https:\/\/topholds.com\/de\/wp-json\/wp\/v2\/product"}],"about":[{"href":"https:\/\/topholds.com\/de\/wp-json\/wp\/v2\/types\/product"}],"replies":[{"embeddable":true,"href":"https:\/\/topholds.com\/de\/wp-json\/wp\/v2\/comments?post=16736"}],"wp:featuredmedia":[{"embeddable":true,"href":"https:\/\/topholds.com\/de\/wp-json\/wp\/v2\/media\/6185"}],"wp:attachment":[{"href":"https:\/\/topholds.com\/de\/wp-json\/wp\/v2\/media?parent=16736"}],"wp:term":[{"taxonomy":"product_brand","embeddable":true,"href":"https:\/\/topholds.com\/de\/wp-json\/wp\/v2\/product_brand?post=16736"},{"taxonomy":"product_cat","embeddable":true,"href":"https:\/\/topholds.com\/de\/wp-json\/wp\/v2\/product_cat?post=16736"},{"taxonomy":"product_tag","embeddable":true,"href":"https:\/\/topholds.com\/de\/wp-json\/wp\/v2\/product_tag?post=16736"}],"curies":[{"name":"wp","href":"https:\/\/api.w.org\/{rel}","templated":true}]}}