{"id":16741,"date":"2018-01-27T18:32:31","date_gmt":"2018-01-27T18:32:31","guid":{"rendered":"https:\/\/topholds.com\/cone-grips\/"},"modified":"2026-01-01T14:41:38","modified_gmt":"2026-01-01T14:41:38","slug":"cone-grips","status":"publish","type":"product","link":"https:\/\/topholds.com\/de\/angebot\/hindernisparcours\/trainingc\/aufhangung\/cone-grips\/","title":{"rendered":"Aufh\u00e4ngung f\u00fcr Hindernisparcours Cone Grips"},"content":{"rendered":"<p><strong>Cone Grips ist ein Aufh\u00e4ngungs-\/Zugelement<\/strong>, ein einh\u00e4ndiger Griff in Kegelform mit einer H\u00f6he von 10 cm und einer Breite, die zwischen 5,5 und 6,8 cm variiert. Dieser ergonomische Griff und seine glatte Textur machen ihn zu einem au\u00dfergew\u00f6hnlichen Werkzeug f\u00fcr <strong>Klettertraining, OCR oder Crossfit<\/strong>.<\/p>\n<p>Das Design der <em>suspension OCR Cone Grips<\/em> ist leicht und ideal, um es zu Trainingseinheiten an jedem Ort mitzunehmen. Ausgestattet mit einem doppelten 5 mm Kordel, bietet es zus\u00e4tzliche Vorteile:<\/p>\n<ul>\n<li>Beeintr\u00e4chtigt nicht den Griff.<\/li>\n<li>Kann leicht an \u00c4sten, Klimmzugstangen usw. mit einem Lark&#8217;s Head-Knoten in nur 3 Sekunden aufgeh\u00e4ngt werden.<\/li>\n<li>Mit einem Karabiner k\u00f6nnen sie f\u00fcr \u00dcberh\u00e4nge oder Abst\u00fcrze aufgeh\u00e4ngt werden.<\/li>\n<\/ul>\n<p>Bitte beachten Sie, dass die Farben des Produkts m\u00f6glicherweise nicht mit denen auf dem Foto \u00fcbereinstimmen. Wenn Sie eine spezifische Farbe w\u00fcnschen, z\u00f6gern Sie nicht, uns zu kontaktieren.<\/p>\n","protected":false},"excerpt":{"rendered":"<ul>\n<li>Kegel f\u00fcr Aufh\u00e4ngungen\/Zugkr\u00e4fte.<\/li>\n<li>Einhandgriff in Kegelform.<\/li>\n<li>Ideal f\u00fcr Klettertraining, OCR oder Crossfit.<\/li>\n<li>Keine Hindernisse beim Griff.<\/li>\n<li>Mit einem Karabinerhaken h\u00e4ngen wir sie f\u00fcr \u00dcberhang- oder \u00dcberkopf-Trainings.<\/li>\n<\/ul>\n","protected":false},"featured_media":6188,"comment_status":"open","ping_status":"closed","template":"","meta":[],"product_brand":[],"product_cat":[496,403,492],"product_tag":[],"class_list":{"0":"post-16741","1":"product","2":"type-product","3":"status-publish","4":"has-post-thumbnail","6":"product_cat-aufhangung","7":"product_cat-hindernisparcours","8":"product_cat-trainingc","10":"first","11":"instock","12":"taxable","13":"shipping-taxable","14":"purchasable","15":"product-type-simple"},"_links":{"self":[{"href":"https:\/\/topholds.com\/de\/wp-json\/wp\/v2\/product\/16741","targetHints":{"allow":["GET"]}}],"collection":[{"href":"https:\/\/topholds.com\/de\/wp-json\/wp\/v2\/product"}],"about":[{"href":"https:\/\/topholds.com\/de\/wp-json\/wp\/v2\/types\/product"}],"replies":[{"embeddable":true,"href":"https:\/\/topholds.com\/de\/wp-json\/wp\/v2\/comments?post=16741"}],"wp:featuredmedia":[{"embeddable":true,"href":"https:\/\/topholds.com\/de\/wp-json\/wp\/v2\/media\/6188"}],"wp:attachment":[{"href":"https:\/\/topholds.com\/de\/wp-json\/wp\/v2\/media?parent=16741"}],"wp:term":[{"taxonomy":"product_brand","embeddable":true,"href":"https:\/\/topholds.com\/de\/wp-json\/wp\/v2\/product_brand?post=16741"},{"taxonomy":"product_cat","embeddable":true,"href":"https:\/\/topholds.com\/de\/wp-json\/wp\/v2\/product_cat?post=16741"},{"taxonomy":"product_tag","embeddable":true,"href":"https:\/\/topholds.com\/de\/wp-json\/wp\/v2\/product_tag?post=16741"}],"curies":[{"name":"wp","href":"https:\/\/api.w.org\/{rel}","templated":true}]}}