{"id":16746,"date":"2018-03-17T18:03:17","date_gmt":"2018-03-17T18:03:17","guid":{"rendered":"https:\/\/topholds.com\/daina\/"},"modified":"2024-08-26T03:57:30","modified_gmt":"2024-08-26T03:57:30","slug":"daina","status":"publish","type":"product","link":"https:\/\/topholds.com\/de\/angebot\/klettergriffe\/daina\/","title":{"rendered":"Klettergriff-Paket Daina"},"content":{"rendered":"<p><strong>Daina ist ein Set aus 5 Klettergriffen<\/strong> mit einer sanften Sandsteinoberfl\u00e4che.<\/p>\n<p>Jeder Griff <strong>bietet zahlreiche Griffm\u00f6glichkeiten<\/strong>, wie Pinch, Leiste und L\u00f6cher, was sie zu einem unverzichtbaren Element macht, um dein Training zu diversifizieren und zu verbessern.<\/p>\n<p>Diese Griffe bieten einen au\u00dfergew\u00f6hnlichen Halt und erm\u00f6glichen ihren <strong>Einsatz in allen Arten von \u00dcberh\u00e4ngen oder Neigungen<\/strong>, wobei sie sich an die Bed\u00fcrfnisse von Kletterern aller Niveaus anpassen.<\/p>\n<p>Au\u00dferdem sind alle <em>Daina-Griffe<\/em> <strong>mit einem Anti-Rotationsloch f\u00fcr Senkkopfschrauben ausgestattet<\/strong>, was eine h\u00f6here Sicherheit und Stabilit\u00e4t w\u00e4hrend der Nutzung gew\u00e4hrleistet.<\/p>\n<p>F\u00fcr die Installation wird empfohlen, Schrauben M10x40 oder M8x40 zu verwenden (nicht im Lieferumfang enthalten).<\/p>\n<p>Bitte beachten Sie, dass die Farben des Produkts von den auf dem Foto dargestellten abweichen k\u00f6nnen. Wenn Sie eine bestimmte Farbe w\u00fcnschen, z\u00f6gern Sie nicht, uns zu kontaktieren.<\/p>\n","protected":false},"excerpt":{"rendered":"<ul>\n<li>Daina ist ein Set von 5 Klettergriffen.<\/li>\n<li>Weiche Sandsteintextur.<\/li>\n<li>Griffe mit mehreren Griffm\u00f6glichkeiten: Pinch, Leiste und Loch.<\/li>\n<li>Eignen sich f\u00fcr jeden Arten von \u00dcberhang.<\/li>\n<li>Alle mit einem Loch f\u00fcr die Anti-Rotations-Schraube versehen.<\/li>\n<\/ul>\n","protected":false},"featured_media":6261,"comment_status":"open","ping_status":"closed","template":"","meta":[],"product_brand":[],"product_cat":[418],"product_tag":[],"class_list":{"0":"post-16746","1":"product","2":"type-product","3":"status-publish","4":"has-post-thumbnail","6":"product_cat-klettergriffe","8":"first","9":"instock","10":"taxable","11":"shipping-taxable","12":"purchasable","13":"product-type-simple"},"_links":{"self":[{"href":"https:\/\/topholds.com\/de\/wp-json\/wp\/v2\/product\/16746","targetHints":{"allow":["GET"]}}],"collection":[{"href":"https:\/\/topholds.com\/de\/wp-json\/wp\/v2\/product"}],"about":[{"href":"https:\/\/topholds.com\/de\/wp-json\/wp\/v2\/types\/product"}],"replies":[{"embeddable":true,"href":"https:\/\/topholds.com\/de\/wp-json\/wp\/v2\/comments?post=16746"}],"wp:featuredmedia":[{"embeddable":true,"href":"https:\/\/topholds.com\/de\/wp-json\/wp\/v2\/media\/6261"}],"wp:attachment":[{"href":"https:\/\/topholds.com\/de\/wp-json\/wp\/v2\/media?parent=16746"}],"wp:term":[{"taxonomy":"product_brand","embeddable":true,"href":"https:\/\/topholds.com\/de\/wp-json\/wp\/v2\/product_brand?post=16746"},{"taxonomy":"product_cat","embeddable":true,"href":"https:\/\/topholds.com\/de\/wp-json\/wp\/v2\/product_cat?post=16746"},{"taxonomy":"product_tag","embeddable":true,"href":"https:\/\/topholds.com\/de\/wp-json\/wp\/v2\/product_tag?post=16746"}],"curies":[{"name":"wp","href":"https:\/\/api.w.org\/{rel}","templated":true}]}}