{"id":16751,"date":"2018-03-23T16:22:43","date_gmt":"2018-03-23T16:22:43","guid":{"rendered":"https:\/\/topholds.com\/omega-1\/"},"modified":"2024-08-26T03:58:26","modified_gmt":"2024-08-26T03:58:26","slug":"omega-1","status":"publish","type":"product","link":"https:\/\/topholds.com\/de\/angebot\/klettergriffe\/omega-1\/","title":{"rendered":"Klettergriff-Paket Omega 1"},"content":{"rendered":"<p><strong>Omega 1 ist ein Set von 8 Klettergriffen<\/strong> mit dualer Textur.<\/p>\n<p>Seine Vielseitigkeit erm\u00f6glicht die Verwendung an jeder Art von Neigung und passt sich den Bed\u00fcrfnissen und F\u00e4higkeiten der Kletterer an.<\/p>\n<p>Diese Griffe verf\u00fcgen \u00fcber abgerundete Kanten, was sie <strong>ideal f\u00fcr effektives und intensives Training<\/strong> sowie f\u00fcr Kletterwettbewerbe macht.<\/p>\n<p>Was dieses <em>Set von Griffen<\/em> einzigartig macht, ist die <strong>Vielfalt an Schwierigkeitsgraden<\/strong>, die es bietet, da jeder Griff ein unterschiedliches Herausforderungsniveau im Vergleich zu den anderen hat.<\/p>\n<p>F\u00fcr die Installation werden Schrauben (nicht im Lieferumfang enthalten) ben\u00f6tigt.<\/p>\n<p>Bitte beachten Sie, dass die Farben des Produkts von den auf dem Foto gezeigten abweichen k\u00f6nnen. Wenn Sie eine bestimmte Farbe w\u00fcnschen, z\u00f6gern Sie nicht, uns zu kontaktieren.<\/p>\n","protected":false},"excerpt":{"rendered":"<ul>\n<li>Omega 1 ist ein Set aus 8 Klettergriffen.<\/li>\n<li>Duale Textur.<\/li>\n<li>Sie k\u00f6nnen an allen Arten von Neigungen verwendet werden.<\/li>\n<li>Ideal f\u00fcr das Training dank ihrer abgerundeten Kanten.<\/li>\n<li>Jeder Griff hat einen anderen Schwierigkeitsgrad im Halt als die anderen.<\/li>\n<\/ul>\n","protected":false},"featured_media":19445,"comment_status":"open","ping_status":"closed","template":"","meta":[],"product_brand":[],"product_cat":[418],"product_tag":[],"class_list":{"0":"post-16751","1":"product","2":"type-product","3":"status-publish","4":"has-post-thumbnail","6":"product_cat-klettergriffe","8":"first","9":"instock","10":"taxable","11":"shipping-taxable","12":"purchasable","13":"product-type-simple"},"_links":{"self":[{"href":"https:\/\/topholds.com\/de\/wp-json\/wp\/v2\/product\/16751","targetHints":{"allow":["GET"]}}],"collection":[{"href":"https:\/\/topholds.com\/de\/wp-json\/wp\/v2\/product"}],"about":[{"href":"https:\/\/topholds.com\/de\/wp-json\/wp\/v2\/types\/product"}],"replies":[{"embeddable":true,"href":"https:\/\/topholds.com\/de\/wp-json\/wp\/v2\/comments?post=16751"}],"wp:featuredmedia":[{"embeddable":true,"href":"https:\/\/topholds.com\/de\/wp-json\/wp\/v2\/media\/19445"}],"wp:attachment":[{"href":"https:\/\/topholds.com\/de\/wp-json\/wp\/v2\/media?parent=16751"}],"wp:term":[{"taxonomy":"product_brand","embeddable":true,"href":"https:\/\/topholds.com\/de\/wp-json\/wp\/v2\/product_brand?post=16751"},{"taxonomy":"product_cat","embeddable":true,"href":"https:\/\/topholds.com\/de\/wp-json\/wp\/v2\/product_cat?post=16751"},{"taxonomy":"product_tag","embeddable":true,"href":"https:\/\/topholds.com\/de\/wp-json\/wp\/v2\/product_tag?post=16751"}],"curies":[{"name":"wp","href":"https:\/\/api.w.org\/{rel}","templated":true}]}}