{"id":16761,"date":"2018-03-23T18:09:12","date_gmt":"2018-03-23T18:09:12","guid":{"rendered":"https:\/\/topholds.com\/slippery-12\/"},"modified":"2024-08-26T04:01:36","modified_gmt":"2024-08-26T04:01:36","slug":"slippery-12","status":"publish","type":"product","link":"https:\/\/topholds.com\/de\/angebot\/klettergriffe\/slippery-12\/","title":{"rendered":"Klettergriff-Paket Slippery 12"},"content":{"rendered":"<p><strong>Slippery 12 ist ein Set aus 2 runden Griffen<\/strong> mit exklusivem Design und dualer Textur, jeder mit einem Durchmesser von 120 mm und einer H\u00f6he von 60 mm. Diese Griffe verf\u00fcgen \u00fcber unterschiedliche Griffoberfl\u00e4chen, um eine einzigartige und herausfordernde Trainingserfahrung zu bieten.<\/p>\n<p>Hochgradig technisch und vielseitig, die <em><strong>Slippery 12 Klettergriffe<\/strong><\/em> sind ideal f\u00fcr Trainingseinheiten, Wettbewerbe und Campus-\u00dcbungen.<\/p>\n<p>F\u00fcr die Installation wird empfohlen, M10x60 oder M8x60 Schrauben zu verwenden (nicht im Lieferumfang enthalten).<\/p>\n<p>Bitte beachten Sie, dass die Farben des Produkts von den auf dem Foto gezeigten abweichen k\u00f6nnen. Wenn Sie eine bestimmte Farbe w\u00fcnschen, z\u00f6gern Sie nicht, uns zu kontaktieren.<\/p>\n","protected":false},"excerpt":{"rendered":"<ul>\n<li>Slippery 12 ist ein Satz von 2 runden B\u00e4llen.<\/li>\n<li>Dualtextur.<\/li>\n<li>Jeder von ihnen hat eine unterschiedliche Grifffl\u00e4che.<\/li>\n<li>Sehr technisch und vielseitig, geeignet f\u00fcr Training, Wettkampf und Camps.<\/li>\n<\/ul>\n","protected":false},"featured_media":19475,"comment_status":"open","ping_status":"closed","template":"","meta":[],"product_brand":[],"product_cat":[418],"product_tag":[],"class_list":{"0":"post-16761","1":"product","2":"type-product","3":"status-publish","4":"has-post-thumbnail","6":"product_cat-klettergriffe","8":"first","9":"instock","10":"taxable","11":"shipping-taxable","12":"purchasable","13":"product-type-simple"},"_links":{"self":[{"href":"https:\/\/topholds.com\/de\/wp-json\/wp\/v2\/product\/16761","targetHints":{"allow":["GET"]}}],"collection":[{"href":"https:\/\/topholds.com\/de\/wp-json\/wp\/v2\/product"}],"about":[{"href":"https:\/\/topholds.com\/de\/wp-json\/wp\/v2\/types\/product"}],"replies":[{"embeddable":true,"href":"https:\/\/topholds.com\/de\/wp-json\/wp\/v2\/comments?post=16761"}],"wp:featuredmedia":[{"embeddable":true,"href":"https:\/\/topholds.com\/de\/wp-json\/wp\/v2\/media\/19475"}],"wp:attachment":[{"href":"https:\/\/topholds.com\/de\/wp-json\/wp\/v2\/media?parent=16761"}],"wp:term":[{"taxonomy":"product_brand","embeddable":true,"href":"https:\/\/topholds.com\/de\/wp-json\/wp\/v2\/product_brand?post=16761"},{"taxonomy":"product_cat","embeddable":true,"href":"https:\/\/topholds.com\/de\/wp-json\/wp\/v2\/product_cat?post=16761"},{"taxonomy":"product_tag","embeddable":true,"href":"https:\/\/topholds.com\/de\/wp-json\/wp\/v2\/product_tag?post=16761"}],"curies":[{"name":"wp","href":"https:\/\/api.w.org\/{rel}","templated":true}]}}