{"id":16766,"date":"2018-03-23T18:32:33","date_gmt":"2018-03-23T18:32:33","guid":{"rendered":"https:\/\/topholds.com\/line\/"},"modified":"2024-08-26T04:02:56","modified_gmt":"2024-08-26T04:02:56","slug":"line","status":"publish","type":"product","link":"https:\/\/topholds.com\/de\/angebot\/hindernisparcours\/trainingc\/line\/","title":{"rendered":"Kletterboard Line"},"content":{"rendered":"<div class=\"flex-1 overflow-hidden\">\n<div class=\"react-scroll-to-bottom--css-mbvpb-79elbk h-full dark:bg-gray-800\">\n<div class=\"react-scroll-to-bottom--css-mbvpb-1n7m0yu\">\n<div class=\"flex flex-col items-center text-sm dark:bg-gray-800\">\n<div class=\"group w-full text-gray-800 dark:text-gray-100 border-b border-black\/10 dark:border-gray-900\/50 bg-gray-50 dark:bg-[#444654]\">\n<div class=\"text-base gap-4 md:gap-6 md:max-w-2xl lg:max-w-2xl xl:max-w-3xl p-4 md:py-6 flex lg:px-0 m-auto\">\n<div class=\"relative flex w-[calc(100%-50px)] flex-col gap-1 md:gap-3 lg:w-[calc(100%-115px)]\">\n<div class=\"flex flex-grow flex-col gap-3\">\n<div class=\"min-h-[20px] flex flex-col items-start gap-4 whitespace-pre-wrap\">\n<div class=\"markdown prose w-full break-words dark:prose-invert light\">\n<p><strong>Line ist ein Mehrfachgriffbrett<\/strong> entwickelt f\u00fcr <strong>H\u00e4nge- und Zug\u00fcbungen<\/strong>, perfekt zur Verbesserung deiner Kletterleistung und Kraftgrip. Dieses <em>Mehrfachgriffbrett<\/em> verf\u00fcgt \u00fcber zwei Arten von Griffen: einer mit einem positiven Kantenwinkel von 105 Grad oben und einer mit Griffmulden f\u00fcr die Finger und einem neutralen Kantenwinkel von 90 Grad.<\/p>\n<p><strong>Abmessungen:<\/strong><\/p>\n<ul>\n<li>Tiefe: 35 mm<\/li>\n<li>Breite: 590 mm<\/li>\n<li>H\u00f6he: 50 mm<\/li>\n<\/ul>\n<p>Wenn du andere Tiefen ben\u00f6tigst, z\u00f6gere nicht, uns zu kontaktieren.<\/p>\n<p>Die <strong>Befestigung erfolgt mit Schrauben<\/strong>, aber wir k\u00f6nnen sie auch mit L\u00f6chern f\u00fcr Inbusschrauben liefern, die an den Abstand deines Plattensystems angepasst sind (auf Anfrage).<\/p>\n<p>Bitte beachte, dass die Farben des Produkts von den in den Fotos dargestellten abweichen k\u00f6nnen. Wenn du eine spezifische Farbe suchst, z\u00f6gere nicht, uns zu kontaktieren.<\/p>\n<\/div>\n<\/div>\n<\/div>\n<\/div>\n<\/div>\n<\/div>\n<\/div>\n<\/div>\n<\/div>\n","protected":false},"excerpt":{"rendered":"<ul>\n<li>Ideal f\u00fcr Aufh\u00e4ngungen\/Zugbewegungen.<\/li>\n<li>Gro\u00dfe Vielfalt an \u00dcbungen zum Trainieren.<\/li>\n<li>Ergonomisches Design, das Komfort und Sicherheit gew\u00e4hrleistet.<\/li>\n<li>Personalisierung der Tiefen nach Bedarf.<\/li>\n<li>Anpassbare Befestigung durch Schrauben oder Innensechskantschrauben.<\/li>\n<\/ul>\n","protected":false},"featured_media":19495,"comment_status":"open","ping_status":"closed","template":"","meta":[],"product_brand":[],"product_cat":[403,492,491,418,458],"product_tag":[],"class_list":{"0":"post-16766","1":"product","2":"type-product","3":"status-publish","4":"has-post-thumbnail","6":"product_cat-hindernisparcours","7":"product_cat-trainingc","8":"product_cat-kletterboards","9":"product_cat-klettergriffe","10":"product_cat-trainingss","12":"first","13":"instock","14":"sale","15":"taxable","16":"shipping-taxable","17":"purchasable","18":"product-type-simple"},"_links":{"self":[{"href":"https:\/\/topholds.com\/de\/wp-json\/wp\/v2\/product\/16766","targetHints":{"allow":["GET"]}}],"collection":[{"href":"https:\/\/topholds.com\/de\/wp-json\/wp\/v2\/product"}],"about":[{"href":"https:\/\/topholds.com\/de\/wp-json\/wp\/v2\/types\/product"}],"replies":[{"embeddable":true,"href":"https:\/\/topholds.com\/de\/wp-json\/wp\/v2\/comments?post=16766"}],"wp:featuredmedia":[{"embeddable":true,"href":"https:\/\/topholds.com\/de\/wp-json\/wp\/v2\/media\/19495"}],"wp:attachment":[{"href":"https:\/\/topholds.com\/de\/wp-json\/wp\/v2\/media?parent=16766"}],"wp:term":[{"taxonomy":"product_brand","embeddable":true,"href":"https:\/\/topholds.com\/de\/wp-json\/wp\/v2\/product_brand?post=16766"},{"taxonomy":"product_cat","embeddable":true,"href":"https:\/\/topholds.com\/de\/wp-json\/wp\/v2\/product_cat?post=16766"},{"taxonomy":"product_tag","embeddable":true,"href":"https:\/\/topholds.com\/de\/wp-json\/wp\/v2\/product_tag?post=16766"}],"curies":[{"name":"wp","href":"https:\/\/api.w.org\/{rel}","templated":true}]}}