{"id":16771,"date":"2018-04-22T18:19:46","date_gmt":"2018-04-22T18:19:46","guid":{"rendered":"https:\/\/topholds.com\/cylinder-grips\/"},"modified":"2025-07-03T07:03:15","modified_gmt":"2025-07-03T07:03:15","slug":"cylinder-grips","status":"publish","type":"product","link":"https:\/\/topholds.com\/de\/angebot\/hindernisparcours\/trainingc\/aufhangung\/cylinder-grips\/","title":{"rendered":"Aufh\u00e4ngung f\u00fcr Hindernisparcours Cylinder Grips"},"content":{"rendered":"<p><strong>Cylinder Grips ist ein Trainingsgriff f\u00fcr das Training mit H\u00e4nge- und Zug\u00fcbungen.<\/strong><\/p>\n<p>Die <em>OCR Cylinder Grips H\u00e4ngematte<\/em> wurde entwickelt, um dein <strong>Training im Klettern, OCR und CrossFit<\/strong> auf die n\u00e4chste Stufe zu bringen. Mit einer H\u00f6he von 17 cm und einem Durchmesser von 5,5 cm bietet dieser Zylinder eine perfekte Ergonomie f\u00fcr die Hand, kombiniert mit einer sanften, aber griffigen Textur, die <strong>ein optimales Greifen garantiert<\/strong>.<\/p>\n<p>Die <strong>Cylinder Grips<\/strong> sind extrem leicht, was sie zur <strong>idealen Wahl macht, um sie \u00fcberall zu deinen Trainingseinheiten mitzunehmen<\/strong>. Dar\u00fcber hinaus haben wir uns aus mehreren Gr\u00fcnden f\u00fcr eine doppelte Schnur mit 6 mm Durchmesser entschieden:<\/p>\n<ul>\n<li>Es gibt keine Hindernisse, die den Grip beeintr\u00e4chtigen<\/li>\n<li>In nur 3 Sekunden kannst du einen Albrecht-Knoten verwenden, um sie an einem beliebigen Ast, einer Klimmzugstange usw. aufzuh\u00e4ngen.<\/li>\n<li>Verwende einen Karabiner, um sie bei \u00dcberhang- oder Dachausg\u00e4ngen aufzuh\u00e4ngen<\/li>\n<\/ul>\n<p>Bitte beachte, dass die Farben des Produkts von dem gezeigten Bild abweichen k\u00f6nnen. Wenn du eine bestimmte Farbe w\u00fcnschst, z\u00f6gere nicht, uns zu kontaktieren.<\/p>\n","protected":false},"excerpt":{"rendered":"<ul>\n<li>Zylinder f\u00fcr Aufh\u00e4ngungen\/Ziehungen.<\/li>\n<li>Sehr leicht, ideal, um sie zu Trainings \u00fcberallhin mitzunehmen.<\/li>\n<li>Es gibt keine Hindernisse im Griff.<\/li>\n<li>Mit einem Karabiner h\u00e4ngen wir sie f\u00fcr Dach- oder \u00dcberhangrouten auf.<\/li>\n<\/ul>\n","protected":false},"featured_media":6349,"comment_status":"open","ping_status":"closed","template":"","meta":[],"product_brand":[],"product_cat":[496,403,492],"product_tag":[],"class_list":{"0":"post-16771","1":"product","2":"type-product","3":"status-publish","4":"has-post-thumbnail","6":"product_cat-aufhangung","7":"product_cat-hindernisparcours","8":"product_cat-trainingc","10":"first","11":"instock","12":"sale","13":"taxable","14":"shipping-taxable","15":"purchasable","16":"product-type-simple"},"_links":{"self":[{"href":"https:\/\/topholds.com\/de\/wp-json\/wp\/v2\/product\/16771","targetHints":{"allow":["GET"]}}],"collection":[{"href":"https:\/\/topholds.com\/de\/wp-json\/wp\/v2\/product"}],"about":[{"href":"https:\/\/topholds.com\/de\/wp-json\/wp\/v2\/types\/product"}],"replies":[{"embeddable":true,"href":"https:\/\/topholds.com\/de\/wp-json\/wp\/v2\/comments?post=16771"}],"wp:featuredmedia":[{"embeddable":true,"href":"https:\/\/topholds.com\/de\/wp-json\/wp\/v2\/media\/6349"}],"wp:attachment":[{"href":"https:\/\/topholds.com\/de\/wp-json\/wp\/v2\/media?parent=16771"}],"wp:term":[{"taxonomy":"product_brand","embeddable":true,"href":"https:\/\/topholds.com\/de\/wp-json\/wp\/v2\/product_brand?post=16771"},{"taxonomy":"product_cat","embeddable":true,"href":"https:\/\/topholds.com\/de\/wp-json\/wp\/v2\/product_cat?post=16771"},{"taxonomy":"product_tag","embeddable":true,"href":"https:\/\/topholds.com\/de\/wp-json\/wp\/v2\/product_tag?post=16771"}],"curies":[{"name":"wp","href":"https:\/\/api.w.org\/{rel}","templated":true}]}}