{"id":16776,"date":"2018-04-22T18:20:54","date_gmt":"2018-04-22T18:20:54","guid":{"rendered":"https:\/\/topholds.com\/big-gravity\/"},"modified":"2024-08-26T04:04:13","modified_gmt":"2024-08-26T04:04:13","slug":"big-gravity","status":"publish","type":"product","link":"https:\/\/topholds.com\/de\/angebot\/klettergriffe\/big-gravity\/","title":{"rendered":"Klettergriff Big Gravity"},"content":{"rendered":"<p><strong>Big Gravity ist ein \u00e4u\u00dferst vielseitiger Klettervolumen<\/strong>, der eine breite Palette von Griffen f\u00fcr eine oder zwei H\u00e4nde bietet, die gleichm\u00e4\u00dfig \u00fcber seinen gesamten Umfang verteilt sind. Dieses Volumen verf\u00fcgt \u00fcber eine <strong>attraktive, sanfte Sandsteinstruktur<\/strong>, die ideal f\u00fcr einen bequemen und sicheren Griff ist.<\/p>\n<p>Big Gravity hat die Abmessungen von 390 mm L\u00e4nge, 170 mm Breite und 100 mm H\u00f6he, was ihm erm\u00f6glicht, sich <strong>an verschiedene Schwierigkeitsgrade<\/strong> und Herausforderungen an deiner Kletterwand anzupassen.<\/p>\n<p>F\u00fcr die Installation empfehlen wir die Verwendung von Schrauben M10x50 oder M8x50. Dar\u00fcber hinaus ist der <strong>Klettergriff Big Gravity<\/strong> mit f\u00fcnf zus\u00e4tzlichen L\u00f6chern f\u00fcr Schrauben ausgestattet, die eine noch festere und sicherere Befestigung gew\u00e4hrleisten.<\/p>\n<p>Bitte beachte, dass die Farben des Produkts von der abgebildeten Darstellung abweichen k\u00f6nnen. Wenn du eine bestimmte Farbe w\u00fcnschst, z\u00f6gere nicht, uns zu kontaktieren.<\/p>\n","protected":false},"excerpt":{"rendered":"<ul>\n<li>Big Gravity ist ein sehr vielseitiger Volumen.<\/li>\n<li>Verschiedene Griffe f\u00fcr eine oder zwei H\u00e4nde, die \u00fcber den gesamten Umfang verteilt sind.<\/li>\n<li>Weiche, sandige Textur.<\/li>\n<li>Ausgestattet mit f\u00fcnf zus\u00e4tzlichen L\u00f6chern f\u00fcr Schrauben.<\/li>\n<\/ul>\n<p>&nbsp;<\/p>\n<p>&nbsp;<\/p>\n","protected":false},"featured_media":19505,"comment_status":"open","ping_status":"closed","template":"","meta":[],"product_brand":[],"product_cat":[418],"product_tag":[],"class_list":{"0":"post-16776","1":"product","2":"type-product","3":"status-publish","4":"has-post-thumbnail","6":"product_cat-klettergriffe","8":"first","9":"instock","10":"sale","11":"taxable","12":"shipping-taxable","13":"purchasable","14":"product-type-simple"},"_links":{"self":[{"href":"https:\/\/topholds.com\/de\/wp-json\/wp\/v2\/product\/16776","targetHints":{"allow":["GET"]}}],"collection":[{"href":"https:\/\/topholds.com\/de\/wp-json\/wp\/v2\/product"}],"about":[{"href":"https:\/\/topholds.com\/de\/wp-json\/wp\/v2\/types\/product"}],"replies":[{"embeddable":true,"href":"https:\/\/topholds.com\/de\/wp-json\/wp\/v2\/comments?post=16776"}],"wp:featuredmedia":[{"embeddable":true,"href":"https:\/\/topholds.com\/de\/wp-json\/wp\/v2\/media\/19505"}],"wp:attachment":[{"href":"https:\/\/topholds.com\/de\/wp-json\/wp\/v2\/media?parent=16776"}],"wp:term":[{"taxonomy":"product_brand","embeddable":true,"href":"https:\/\/topholds.com\/de\/wp-json\/wp\/v2\/product_brand?post=16776"},{"taxonomy":"product_cat","embeddable":true,"href":"https:\/\/topholds.com\/de\/wp-json\/wp\/v2\/product_cat?post=16776"},{"taxonomy":"product_tag","embeddable":true,"href":"https:\/\/topholds.com\/de\/wp-json\/wp\/v2\/product_tag?post=16776"}],"curies":[{"name":"wp","href":"https:\/\/api.w.org\/{rel}","templated":true}]}}