{"id":16781,"date":"2018-04-22T19:28:53","date_gmt":"2018-04-22T19:28:53","guid":{"rendered":"https:\/\/topholds.com\/ninja-grips\/"},"modified":"2026-01-01T14:41:38","modified_gmt":"2026-01-01T14:41:38","slug":"ninja-grips","status":"publish","type":"product","link":"https:\/\/topholds.com\/de\/angebot\/hindernisparcours\/trainingc\/aufhangung\/ninja-grips\/","title":{"rendered":"Aufh\u00e4ngung f\u00fcr Hindernisparcours Ninja Griffe"},"content":{"rendered":"<p><strong>OCR Ninja Grips ist ein Greifger\u00e4t<\/strong> in Kegelform, das es erm\u00f6glicht, <strong>Suspensionstraining\/Traktions\u00fcbungen<\/strong> durchzuf\u00fchren.<\/p>\n<p>Es ist ideal f\u00fcr Trainings, um deine Kraft und Ausdauer in den H\u00e4nden zu verbessern. Es hat eine H\u00f6he von 17 cm und einen Durchmesser von 7,5 cm. Seine Ergonomie und die weiche, aber rutschfeste Textur machen es zu einem bequemen und sicheren Greifger\u00e4t <strong>f\u00fcr das Training im Klettern, OCR und Crossfit<\/strong>.<\/p>\n<p>Es ist ein sehr leichtes Greifger\u00e4t, das du \u00fcberallhin mitnehmen kannst. Es verf\u00fcgt \u00fcber ein doppelt geflochtenes 6mm-Seil, mit dem du es ganz einfach an einem Ast, einer Klimmzugstange oder einem Karabinerhaken aufh\u00e4ngen kannst.<\/p>\n<p>Au\u00dferdem bietet das Seil mehrere Vorteile:<\/p>\n<ul>\n<li>Es gibt keine Hindernisse, die den Griff beeintr\u00e4chtigen<\/li>\n<li>In nur 3 Sekunden kannst du einen Prusik-Knoten verwenden, um es an einem beliebigen Ast, einer Klimmzugstange usw. aufzuh\u00e4ngen.<\/li>\n<li>Verwende einen Karabiner, um es bei Dach- oder \u00dcberhang\u00fcbungen aufzuh\u00e4ngen<\/li>\n<\/ul>\n<p>Bitte beachte, dass die Farben des Produkts von dem auf dem Bild dargestellten abweichen k\u00f6nnen. Wenn du eine bestimmte Farbe w\u00fcnschst, z\u00f6gere nicht, uns zu kontaktieren.<\/p>\n","protected":false},"excerpt":{"rendered":"<ul>\n<li>Cono f\u00fcr Aufh\u00e4ngungen\/Traktionen.<\/li>\n<li>Ideal, um sie zu unseren Trainings \u00fcberallhin mitzunehmen.<\/li>\n<li>Es gibt keine Behinderungen beim Griff.<\/li>\n<li>Mit einem Karabiner h\u00e4ngen wir sie f\u00fcr Roof- oder \u00dcberhangausg\u00e4nge auf.<\/li>\n<\/ul>\n","protected":false},"featured_media":6350,"comment_status":"open","ping_status":"closed","template":"","meta":[],"product_brand":[],"product_cat":[496,403,492],"product_tag":[],"class_list":{"0":"post-16781","1":"product","2":"type-product","3":"status-publish","4":"has-post-thumbnail","6":"product_cat-aufhangung","7":"product_cat-hindernisparcours","8":"product_cat-trainingc","10":"first","11":"instock","12":"sale","13":"taxable","14":"shipping-taxable","15":"purchasable","16":"product-type-simple"},"_links":{"self":[{"href":"https:\/\/topholds.com\/de\/wp-json\/wp\/v2\/product\/16781","targetHints":{"allow":["GET"]}}],"collection":[{"href":"https:\/\/topholds.com\/de\/wp-json\/wp\/v2\/product"}],"about":[{"href":"https:\/\/topholds.com\/de\/wp-json\/wp\/v2\/types\/product"}],"replies":[{"embeddable":true,"href":"https:\/\/topholds.com\/de\/wp-json\/wp\/v2\/comments?post=16781"}],"wp:featuredmedia":[{"embeddable":true,"href":"https:\/\/topholds.com\/de\/wp-json\/wp\/v2\/media\/6350"}],"wp:attachment":[{"href":"https:\/\/topholds.com\/de\/wp-json\/wp\/v2\/media?parent=16781"}],"wp:term":[{"taxonomy":"product_brand","embeddable":true,"href":"https:\/\/topholds.com\/de\/wp-json\/wp\/v2\/product_brand?post=16781"},{"taxonomy":"product_cat","embeddable":true,"href":"https:\/\/topholds.com\/de\/wp-json\/wp\/v2\/product_cat?post=16781"},{"taxonomy":"product_tag","embeddable":true,"href":"https:\/\/topholds.com\/de\/wp-json\/wp\/v2\/product_tag?post=16781"}],"curies":[{"name":"wp","href":"https:\/\/api.w.org\/{rel}","templated":true}]}}