{"id":16791,"date":"2018-06-03T17:45:00","date_gmt":"2018-06-03T17:45:00","guid":{"rendered":"https:\/\/topholds.com\/l1\/"},"modified":"2024-08-26T04:06:04","modified_gmt":"2024-08-26T04:06:04","slug":"l1","status":"publish","type":"product","link":"https:\/\/topholds.com\/de\/angebot\/klettergriffe\/l1\/","title":{"rendered":"Klettergriff-Paket L1"},"content":{"rendered":"<p><strong>L1 ist ein Set aus 10 Klettergriffen<\/strong> mit einer glatten Textur, die Sandstein imitiert. Es sind ideale Henkel f\u00fcr \u00dcberh\u00e4nge bis zu 45 Grad.<\/p>\n<p>Die Griffe <strong verf\u00fcgen \u00fcber ein Loch f\u00fcr den Einbau einer Anti-Rotations-Schraube<\/strong>, um ein Verrutschen zu verhindern. Die empfohlenen Schrauben sind M10x40, aber es k\u00f6nnen auch M8x40 verwendet werden.<\/p>\n<p>Die Farben der Griffe k\u00f6nnen von dem Foto abweichen. Wenn du eine bestimmte Farbe ausw\u00e4hlen m\u00f6chtest, kontaktiere uns bitte.<\/p>\n","protected":false},"excerpt":{"rendered":"<ul>\n<li>L1 ist ein Set aus 10 Klettergriffen.<\/li>\n<li>Weiche Sandstein-Textur.<\/li>\n<li>Schalen-Griffe f\u00fcr \u00dcberh\u00e4nge bis zu 45 Grad.<\/li>\n<li>Alle mit einem Loch f\u00fcr einen Anti-Rotations-Schraubendreher ausgestattet.<\/li>\n<\/ul>\n","protected":false},"featured_media":19560,"comment_status":"open","ping_status":"closed","template":"","meta":[],"product_brand":[],"product_cat":[418],"product_tag":[],"class_list":{"0":"post-16791","1":"product","2":"type-product","3":"status-publish","4":"has-post-thumbnail","6":"product_cat-klettergriffe","8":"first","9":"instock","10":"taxable","11":"shipping-taxable","12":"purchasable","13":"product-type-simple"},"_links":{"self":[{"href":"https:\/\/topholds.com\/de\/wp-json\/wp\/v2\/product\/16791","targetHints":{"allow":["GET"]}}],"collection":[{"href":"https:\/\/topholds.com\/de\/wp-json\/wp\/v2\/product"}],"about":[{"href":"https:\/\/topholds.com\/de\/wp-json\/wp\/v2\/types\/product"}],"replies":[{"embeddable":true,"href":"https:\/\/topholds.com\/de\/wp-json\/wp\/v2\/comments?post=16791"}],"wp:featuredmedia":[{"embeddable":true,"href":"https:\/\/topholds.com\/de\/wp-json\/wp\/v2\/media\/19560"}],"wp:attachment":[{"href":"https:\/\/topholds.com\/de\/wp-json\/wp\/v2\/media?parent=16791"}],"wp:term":[{"taxonomy":"product_brand","embeddable":true,"href":"https:\/\/topholds.com\/de\/wp-json\/wp\/v2\/product_brand?post=16791"},{"taxonomy":"product_cat","embeddable":true,"href":"https:\/\/topholds.com\/de\/wp-json\/wp\/v2\/product_cat?post=16791"},{"taxonomy":"product_tag","embeddable":true,"href":"https:\/\/topholds.com\/de\/wp-json\/wp\/v2\/product_tag?post=16791"}],"curies":[{"name":"wp","href":"https:\/\/api.w.org\/{rel}","templated":true}]}}