{"id":16796,"date":"2018-06-03T18:07:28","date_gmt":"2018-06-03T18:07:28","guid":{"rendered":"https:\/\/topholds.com\/m1-2\/"},"modified":"2024-08-26T04:06:39","modified_gmt":"2024-08-26T04:06:39","slug":"m1-2","status":"publish","type":"product","link":"https:\/\/topholds.com\/de\/angebot\/klettergriffe\/m1-2\/","title":{"rendered":"Klettergriff-Paket M1"},"content":{"rendered":"<p><strong>M1 ist ein Set von 10 Klettergriffen<\/strong> mit einer glatten Textur, die Sandstein imitiert.<\/p>\n<p>Es handelt sich um Griffe mit bequemen und sicheren Kanten zum Greifen.<\/p>\n<p>Die Griffe <strong>haben ein Loch zur Befestigung einer anti-rotierenden Schraube<\/strong>, um zu verhindern, dass sie sich bewegen. Die empfohlenen Schrauben sind M10x40, obwohl auch M8x40 verwendet werden kann.<\/p>\n<p>Die Farben der Griffe k\u00f6nnen von dem Foto abweichen. Wenn du eine bestimmte Farbe ausw\u00e4hlen m\u00f6chtest, kontaktiere uns bitte.<\/p>\n","protected":false},"excerpt":{"rendered":"<ul>\n<li>M1 ist ein Set aus 10 Klettergriffen.<\/li>\n<li>Weiche Sandsteintextur.<\/li>\n<li>Griffe mit guten Kanten.<\/li>\n<li>Alle mit einem Loch f\u00fcr die Antidrehschraube ausgestattet.<\/li>\n<\/ul>\n<p>&nbsp;<\/p>\n","protected":false},"featured_media":6459,"comment_status":"open","ping_status":"closed","template":"","meta":[],"product_brand":[],"product_cat":[418],"product_tag":[],"class_list":{"0":"post-16796","1":"product","2":"type-product","3":"status-publish","4":"has-post-thumbnail","6":"product_cat-klettergriffe","8":"first","9":"instock","10":"taxable","11":"shipping-taxable","12":"purchasable","13":"product-type-simple"},"_links":{"self":[{"href":"https:\/\/topholds.com\/de\/wp-json\/wp\/v2\/product\/16796","targetHints":{"allow":["GET"]}}],"collection":[{"href":"https:\/\/topholds.com\/de\/wp-json\/wp\/v2\/product"}],"about":[{"href":"https:\/\/topholds.com\/de\/wp-json\/wp\/v2\/types\/product"}],"replies":[{"embeddable":true,"href":"https:\/\/topholds.com\/de\/wp-json\/wp\/v2\/comments?post=16796"}],"wp:featuredmedia":[{"embeddable":true,"href":"https:\/\/topholds.com\/de\/wp-json\/wp\/v2\/media\/6459"}],"wp:attachment":[{"href":"https:\/\/topholds.com\/de\/wp-json\/wp\/v2\/media?parent=16796"}],"wp:term":[{"taxonomy":"product_brand","embeddable":true,"href":"https:\/\/topholds.com\/de\/wp-json\/wp\/v2\/product_brand?post=16796"},{"taxonomy":"product_cat","embeddable":true,"href":"https:\/\/topholds.com\/de\/wp-json\/wp\/v2\/product_cat?post=16796"},{"taxonomy":"product_tag","embeddable":true,"href":"https:\/\/topholds.com\/de\/wp-json\/wp\/v2\/product_tag?post=16796"}],"curies":[{"name":"wp","href":"https:\/\/api.w.org\/{rel}","templated":true}]}}