{"id":16801,"date":"2018-07-02T14:34:15","date_gmt":"2018-07-02T14:34:15","guid":{"rendered":"https:\/\/topholds.com\/climb-1\/"},"modified":"2025-05-17T18:47:55","modified_gmt":"2025-05-17T18:47:55","slug":"climb-1","status":"publish","type":"product","link":"https:\/\/topholds.com\/de\/angebot\/hindernisparcours\/trainingc\/aufhangung\/climb-1\/","title":{"rendered":"Aufh\u00e4ngung f\u00fcr Hindernisparcours Climb 1"},"content":{"rendered":"<p>Der <strong>Cazo OCR CLIMB 1, speziell f\u00fcr einfache Suspensionen und Z\u00fcge entworfen<\/strong>. Dieses multifunktionale Werkzeug ist perfekt, um <strong>Klettergriffe bei Hindernisl\u00e4ufen zu simulieren<\/strong>, sowie um dein Klettertraining, OCR und CrossFit zu optimieren.<\/p>\n<p>Die <em>OCR CLIMB Suspensionsserie<\/em> erm\u00f6glicht es dir, <strong>die Schwierigkeit des Griffs zu \u00e4ndern, indem du die Neigung des Teils verstellst<\/strong>, einfach indem du es mit dem Seil von vorne oder hinten h\u00e4ngst. Du entscheidest, welchem Herausforderungslevel du begegnen m\u00f6chtest!<\/p>\n<p>Mit einer perfekten Ergonomie f\u00fcr die Hand und einer sanften Textur wird dieser Cazo zu einem <strong>idealen Hilfsmittel f\u00fcr deine Trainingseinheiten<\/strong>. Trotz seiner Widerstandsf\u00e4higkeit und H\u00e4rte ist es \u00fcberraschend leicht, was es ideal macht, um es in deinem Rucksack mitzunehmen und \u00fcberall zu trainieren.<\/p>\n<p>Die Installation ist schnell und einfach: in nur 3 Sekunden, <strong>verwende einen Schlaufenknoten, um es von jedem Ast<\/strong>, Klimmzugstange oder einer Struktur in einem \u00f6ffentlichen Park aufzuh\u00e4ngen. Eine weitere M\u00f6glichkeit ist die Verwendung eines Karabiners, um es an Dachvorspr\u00fcngen oder \u00dcberh\u00e4ngen aufzuh\u00e4ngen.<\/p>\n<p>Bitte beachte, dass die Farben des Produkts von dem gezeigten Bild abweichen k\u00f6nnen. Wenn du eine bestimmte Farbe w\u00fcnschst, z\u00f6gere nicht, uns zu kontaktieren.<\/p>\n","protected":false},"excerpt":{"rendered":"<ul>\n<li>Topf f\u00fcr H\u00e4ngungen\/Zugbewegungen (einfaches Niveau).<\/li>\n<li>Simulation von Klettergriffen bei Hindernisl\u00e4ufen.<\/li>\n<li>Erh\u00f6hen oder verringern Sie die Schwierigkeit des Griffs, indem Sie ihn mit dem Schn\u00fcrsenkel vorne oder hinten aufh\u00e4ngen.<\/li>\n<li>Ideal f\u00fcr Klettertraining, OCR oder Crossfit.<\/li>\n<li>Mit einem Karabinerhaken h\u00e4ngen wir sie f\u00fcr \u00dcberh\u00e4nge oder Abst\u00fcrze auf.<\/li>\n<\/ul>\n","protected":false},"featured_media":6520,"comment_status":"open","ping_status":"closed","template":"","meta":[],"product_brand":[],"product_cat":[496,403,492],"product_tag":[],"class_list":{"0":"post-16801","1":"product","2":"type-product","3":"status-publish","4":"has-post-thumbnail","6":"product_cat-aufhangung","7":"product_cat-hindernisparcours","8":"product_cat-trainingc","10":"first","11":"instock","12":"sale","13":"taxable","14":"shipping-taxable","15":"purchasable","16":"product-type-simple"},"_links":{"self":[{"href":"https:\/\/topholds.com\/de\/wp-json\/wp\/v2\/product\/16801","targetHints":{"allow":["GET"]}}],"collection":[{"href":"https:\/\/topholds.com\/de\/wp-json\/wp\/v2\/product"}],"about":[{"href":"https:\/\/topholds.com\/de\/wp-json\/wp\/v2\/types\/product"}],"replies":[{"embeddable":true,"href":"https:\/\/topholds.com\/de\/wp-json\/wp\/v2\/comments?post=16801"}],"wp:featuredmedia":[{"embeddable":true,"href":"https:\/\/topholds.com\/de\/wp-json\/wp\/v2\/media\/6520"}],"wp:attachment":[{"href":"https:\/\/topholds.com\/de\/wp-json\/wp\/v2\/media?parent=16801"}],"wp:term":[{"taxonomy":"product_brand","embeddable":true,"href":"https:\/\/topholds.com\/de\/wp-json\/wp\/v2\/product_brand?post=16801"},{"taxonomy":"product_cat","embeddable":true,"href":"https:\/\/topholds.com\/de\/wp-json\/wp\/v2\/product_cat?post=16801"},{"taxonomy":"product_tag","embeddable":true,"href":"https:\/\/topholds.com\/de\/wp-json\/wp\/v2\/product_tag?post=16801"}],"curies":[{"name":"wp","href":"https:\/\/api.w.org\/{rel}","templated":true}]}}