{"id":16806,"date":"2018-07-02T15:20:21","date_gmt":"2018-07-02T15:20:21","guid":{"rendered":"https:\/\/topholds.com\/climb-2\/"},"modified":"2026-01-01T14:41:38","modified_gmt":"2026-01-01T14:41:38","slug":"climb-2","status":"publish","type":"product","link":"https:\/\/topholds.com\/de\/angebot\/hindernisparcours\/trainingc\/aufhangung\/climb-2\/","title":{"rendered":"Aufh\u00e4ngung f\u00fcr Hindernisparcours Climb 2"},"content":{"rendered":"<p><strong>OCR Climb 2 ist eine Griffleiste<\/strong>, die speziell f\u00fcr <strong>den Mittelstufen-Hangatmen und -Zug<\/strong> entwickelt wurde.<\/p>\n<p>Dieses Werkzeug ist perfekt, um <strong>Klettergriffe in Hindernisl\u00e4ufen<\/strong> zu simulieren, sowie um dein Klettertraining, OCR und CrossFit zu verbessern.<\/p>\n<p>Die Serie <em>OCR CLIMB Hanggriffe<\/em> bietet die M\u00f6glichkeit, <strong>die Schwierigkeit des Griffs anzupassen, indem man den Neigungswinkel des Teils \u00e4ndert<\/strong>, indem man es einfach mit dem Schenkelband vorne oder hinten aufh\u00e4ngt. Du entscheidest \u00fcber das Herausforderungsniveau!<\/p>\n<p>Ihr ergonomisches Design passt perfekt zur Hand und zusammen mit ihrer sanften Textur macht diese Griffleiste zu einem unverzichtbaren Teil deines Training. Trotz ihrer Robustheit ist sie <strong>unglaublich leicht<\/strong>, was sie ideal macht, um sie in deinem Rucksack mitzunehmen und \u00fcberall zu trainieren.<\/p>\n<p>Die Installation ist schnell und einfach: In nur 3 Sekunden kannst du sie mit einem Schlaufenknoten an einem beliebigen Ast, einer Klimmzugstange oder einer Struktur in einem \u00f6ffentlichen Park aufh\u00e4ngen. Wenn du m\u00f6chtest, kannst du auch einen Karabiner verwenden, um sie bei Dach- oder \u00dcberhang-Kletterei aufzuh\u00e4ngen.<\/p>\n<p>Bitte beachte, dass die Farben des Produkts von dem abgebildeten Bild abweichen k\u00f6nnen. Wenn du eine bestimmte Farbe w\u00fcnschst, z\u00f6gere nicht, uns zu kontaktieren.<\/p>\n","protected":false},"excerpt":{"rendered":"<ul>\n<li>Regler f\u00fcr H\u00e4ngevorrichtungen\/Ziehen (mittleres Niveau).<\/li>\n<li>Simulation der Klettergriffe bei Hindernisl\u00e4ufen.<\/li>\n<li>Erh\u00f6ht oder verringert den Schwierigkeitsgrad des Griffs, indem er mit dem Schn\u00fcrsenkel vorne oder hinten aufgeh\u00e4ngt wird.<\/li>\n<li>Ideal, um sie im Rucksack zu transportieren und \u00fcberall trainieren zu k\u00f6nnen.<\/li>\n<li>Mit einem Karabinerhaken h\u00e4ngen wir sie f\u00fcr Decken- oder \u00dcberhangausg\u00e4nge auf.<\/li>\n<\/ul>\n","protected":false},"featured_media":6519,"comment_status":"open","ping_status":"closed","template":"","meta":[],"product_brand":[],"product_cat":[496,403,492],"product_tag":[],"class_list":{"0":"post-16806","1":"product","2":"type-product","3":"status-publish","4":"has-post-thumbnail","6":"product_cat-aufhangung","7":"product_cat-hindernisparcours","8":"product_cat-trainingc","10":"first","11":"instock","12":"taxable","13":"shipping-taxable","14":"purchasable","15":"product-type-simple"},"_links":{"self":[{"href":"https:\/\/topholds.com\/de\/wp-json\/wp\/v2\/product\/16806","targetHints":{"allow":["GET"]}}],"collection":[{"href":"https:\/\/topholds.com\/de\/wp-json\/wp\/v2\/product"}],"about":[{"href":"https:\/\/topholds.com\/de\/wp-json\/wp\/v2\/types\/product"}],"replies":[{"embeddable":true,"href":"https:\/\/topholds.com\/de\/wp-json\/wp\/v2\/comments?post=16806"}],"wp:featuredmedia":[{"embeddable":true,"href":"https:\/\/topholds.com\/de\/wp-json\/wp\/v2\/media\/6519"}],"wp:attachment":[{"href":"https:\/\/topholds.com\/de\/wp-json\/wp\/v2\/media?parent=16806"}],"wp:term":[{"taxonomy":"product_brand","embeddable":true,"href":"https:\/\/topholds.com\/de\/wp-json\/wp\/v2\/product_brand?post=16806"},{"taxonomy":"product_cat","embeddable":true,"href":"https:\/\/topholds.com\/de\/wp-json\/wp\/v2\/product_cat?post=16806"},{"taxonomy":"product_tag","embeddable":true,"href":"https:\/\/topholds.com\/de\/wp-json\/wp\/v2\/product_tag?post=16806"}],"curies":[{"name":"wp","href":"https:\/\/api.w.org\/{rel}","templated":true}]}}