{"id":16811,"date":"2018-08-26T15:13:53","date_gmt":"2018-08-26T15:13:53","guid":{"rendered":"https:\/\/topholds.com\/genesis\/"},"modified":"2024-08-26T04:08:39","modified_gmt":"2024-08-26T04:08:39","slug":"genesis","status":"publish","type":"product","link":"https:\/\/topholds.com\/de\/angebot\/klettergriffe\/genesis\/","title":{"rendered":"Klettergriff-Paket Genesis"},"content":{"rendered":"<p><strong>Genesis ist ein Set aus 6 Klettergriffen<\/strong> mit innovativer Dualtextur, die entwickelt wurden, um zahlreiche Griffoptionen zu bieten und sich an deine Bed\u00fcrfnisse anzupassen.<\/p>\n<p>Diese hochgradig technischen und vielseitigen Griffe sind <strong>ideal, um herausfordernde Wettbewerbsprobleme zu erstellen und die Kreativit\u00e4t der Kletterer anzuregen<\/strong>. Ihr Design erm\u00f6glicht die Verwendung an jeder Art von \u00dcberhang und erh\u00f6ht somit die M\u00f6glichkeiten zur Erstellung abwechslungsreicher und spannender Routen.<\/p>\n<p>Jeder Griff im Genesis-Set kommt <strong>mit 2 zus\u00e4tzlichen L\u00f6chern zur Ausr\u00fcstung mit Schrauben<\/strong>, was eine feste und sichere Befestigung an der Kletterwand gew\u00e4hrleistet.<\/p>\n<p>F\u00fcr eine optimale Montage wird empfohlen, <strong>M10x40 oder M8x40 Schrauben zu verwenden<\/strong>.<\/p>\n<p>Bitte beachte, dass die Farben des Produkts von dem gezeigten Bild abweichen k\u00f6nnen. Wenn du eine bestimmte Farbe w\u00fcnschst, z\u00f6gere nicht, uns zu kontaktieren.<\/p>\n","protected":false},"excerpt":{"rendered":"<ul>\n<li>Genesis ist ein Set aus 6 Klettergriffen.<\/li>\n<li>Duale Textur.<\/li>\n<li>Jeder von ihnen bietet unterschiedliche Griffm\u00f6glichkeiten.<\/li>\n<li>Ideal, um Probleme im Wettkampf zu erstellen.<\/li>\n<li>Sie k\u00f6nnen in jedem Typ von \u00dcberhang verwendet werden.<\/li>\n<\/ul>\n","protected":false},"featured_media":6686,"comment_status":"open","ping_status":"closed","template":"","meta":[],"product_brand":[],"product_cat":[418],"product_tag":[],"class_list":{"0":"post-16811","1":"product","2":"type-product","3":"status-publish","4":"has-post-thumbnail","6":"product_cat-klettergriffe","8":"first","9":"instock","10":"sale","11":"taxable","12":"shipping-taxable","13":"purchasable","14":"product-type-simple"},"_links":{"self":[{"href":"https:\/\/topholds.com\/de\/wp-json\/wp\/v2\/product\/16811","targetHints":{"allow":["GET"]}}],"collection":[{"href":"https:\/\/topholds.com\/de\/wp-json\/wp\/v2\/product"}],"about":[{"href":"https:\/\/topholds.com\/de\/wp-json\/wp\/v2\/types\/product"}],"replies":[{"embeddable":true,"href":"https:\/\/topholds.com\/de\/wp-json\/wp\/v2\/comments?post=16811"}],"wp:featuredmedia":[{"embeddable":true,"href":"https:\/\/topholds.com\/de\/wp-json\/wp\/v2\/media\/6686"}],"wp:attachment":[{"href":"https:\/\/topholds.com\/de\/wp-json\/wp\/v2\/media?parent=16811"}],"wp:term":[{"taxonomy":"product_brand","embeddable":true,"href":"https:\/\/topholds.com\/de\/wp-json\/wp\/v2\/product_brand?post=16811"},{"taxonomy":"product_cat","embeddable":true,"href":"https:\/\/topholds.com\/de\/wp-json\/wp\/v2\/product_cat?post=16811"},{"taxonomy":"product_tag","embeddable":true,"href":"https:\/\/topholds.com\/de\/wp-json\/wp\/v2\/product_tag?post=16811"}],"curies":[{"name":"wp","href":"https:\/\/api.w.org\/{rel}","templated":true}]}}