{"id":16816,"date":"2018-08-26T15:26:51","date_gmt":"2018-08-26T15:26:51","guid":{"rendered":"https:\/\/topholds.com\/s1\/"},"modified":"2024-08-26T04:09:29","modified_gmt":"2024-08-26T04:09:29","slug":"s1","status":"publish","type":"product","link":"https:\/\/topholds.com\/de\/angebot\/klettergriffe\/s1\/","title":{"rendered":"Klettergriff-Paket S1"},"content":{"rendered":"<p><strong>S1 ist ein Set mit 10 Klettergriffen<\/strong> mit einer attraktiven Textur aus weichem Sandstein. Diese Griffe sind so konzipiert, dass sie optimalen Halt und Komfort bieten, dank ihrer gro\u00dfz\u00fcgigen Kanten.<\/p>\n<p>Jeder Griff verf\u00fcgt \u00fcber ein <strong>speziell gestaltetes Loch f\u00fcr ein Anti-Rotations-Schraubenzubeh\u00f6r<\/strong>, was eine sichere und langlebige Montage in deiner Kletterhalle gew\u00e4hrleistet. F\u00fcr eine ordnungsgem\u00e4\u00dfe Installation empfehlen wir die Verwendung von Schrauben M10x40 oder alternativ M8x40.<\/p>\n<p>Mit dem <em>S1-Griffset<\/em>, <strong>verwandle deinen Kletterbereich in ein einzigartiges und herausforderndes Erlebnis<\/strong>.<\/p>\n<p>Bitte beachte, dass die Farben des Produkts von dem gezeigten Bild abweichen k\u00f6nnen. Wenn du eine bestimmte Farbe w\u00fcnschst, z\u00f6gere nicht, uns zu kontaktieren.<\/p>\n","protected":false},"excerpt":{"rendered":"<ul>\n<li>S1 ist ein Satz von 10 Klettergriffen.<\/li>\n<li>Weiche Sandsteintextur.<\/li>\n<li>Griffe mit guten Kanten.<\/li>\n<li>Alle mit einem Loch f\u00fcr eine Anti-Rotations-Schraube ausgestattet.<\/li>\n<\/ul>\n","protected":false},"featured_media":6675,"comment_status":"open","ping_status":"closed","template":"","meta":[],"product_brand":[],"product_cat":[418],"product_tag":[],"class_list":{"0":"post-16816","1":"product","2":"type-product","3":"status-publish","4":"has-post-thumbnail","6":"product_cat-klettergriffe","8":"first","9":"instock","10":"taxable","11":"shipping-taxable","12":"purchasable","13":"product-type-simple"},"_links":{"self":[{"href":"https:\/\/topholds.com\/de\/wp-json\/wp\/v2\/product\/16816","targetHints":{"allow":["GET"]}}],"collection":[{"href":"https:\/\/topholds.com\/de\/wp-json\/wp\/v2\/product"}],"about":[{"href":"https:\/\/topholds.com\/de\/wp-json\/wp\/v2\/types\/product"}],"replies":[{"embeddable":true,"href":"https:\/\/topholds.com\/de\/wp-json\/wp\/v2\/comments?post=16816"}],"wp:featuredmedia":[{"embeddable":true,"href":"https:\/\/topholds.com\/de\/wp-json\/wp\/v2\/media\/6675"}],"wp:attachment":[{"href":"https:\/\/topholds.com\/de\/wp-json\/wp\/v2\/media?parent=16816"}],"wp:term":[{"taxonomy":"product_brand","embeddable":true,"href":"https:\/\/topholds.com\/de\/wp-json\/wp\/v2\/product_brand?post=16816"},{"taxonomy":"product_cat","embeddable":true,"href":"https:\/\/topholds.com\/de\/wp-json\/wp\/v2\/product_cat?post=16816"},{"taxonomy":"product_tag","embeddable":true,"href":"https:\/\/topholds.com\/de\/wp-json\/wp\/v2\/product_tag?post=16816"}],"curies":[{"name":"wp","href":"https:\/\/api.w.org\/{rel}","templated":true}]}}