{"id":16821,"date":"2018-11-06T20:06:34","date_gmt":"2018-11-06T20:06:34","guid":{"rendered":"https:\/\/topholds.com\/top-fly\/"},"modified":"2025-07-31T08:26:26","modified_gmt":"2025-07-31T08:26:26","slug":"top-fly","status":"publish","type":"product","link":"https:\/\/topholds.com\/de\/angebot\/hindernisparcours\/trainingc\/aufhangung\/top-fly\/","title":{"rendered":"Aufh\u00e4ngung f\u00fcr Hindernisparcours Top Fly"},"content":{"rendered":"<p><strong>Disco Top Fly f\u00fcr Fly Monkey<\/strong> mit zwei H\u00e4nden ist ein Trainingsgriff, der es dir erm\u00f6glicht, dynamische Bewegungen mit beiden H\u00e4nden in gegen\u00fcberliegenden Schalenpositionen durchzuf\u00fchren. Seine Ergonomie und die sanfte, aber haftende Textur machen ihn zu einem <strong>bequemen und sicheren Griff<\/strong>, der Verletzungen vermeiden hilft, die mit einem flachen Griff auftreten k\u00f6nnten.<\/p>\n<p>Es ist <strong>ein Griff zur Verbesserung deiner Kraft und Ausdauer beim Klettern<\/strong>, OCR, Ninja-Herausforderungen und Crossfit.<\/p>\n<p>Die Farben des Disks k\u00f6nnen von dem Foto abweichen. Wenn du eine spezifische Farbe w\u00e4hlen m\u00f6chtest, kontaktiere uns bitte.<\/p>\n","protected":false},"excerpt":{"rendered":"<ul>\n<li>Platte f\u00fcr Fly Monkey mit zwei H\u00e4nden.<\/li>\n<li>Eine perfekte Ergonomie f\u00fcr einen zweih\u00e4ndigen Griff.<\/li>\n<li>Sanfte, aber sehr haftende Textur.<\/li>\n<li>Ein brutales Werkzeug f\u00fcr unser Klettern, OCR, Ninja-Herausforderungen und Crossfit-Training.<\/li>\n<\/ul>\n","protected":false},"featured_media":7363,"comment_status":"open","ping_status":"closed","template":"","meta":[],"product_brand":[],"product_cat":[496,403,492],"product_tag":[],"class_list":{"0":"post-16821","1":"product","2":"type-product","3":"status-publish","4":"has-post-thumbnail","6":"product_cat-aufhangung","7":"product_cat-hindernisparcours","8":"product_cat-trainingc","10":"first","11":"instock","12":"sale","13":"taxable","14":"shipping-taxable","15":"purchasable","16":"product-type-simple"},"_links":{"self":[{"href":"https:\/\/topholds.com\/de\/wp-json\/wp\/v2\/product\/16821","targetHints":{"allow":["GET"]}}],"collection":[{"href":"https:\/\/topholds.com\/de\/wp-json\/wp\/v2\/product"}],"about":[{"href":"https:\/\/topholds.com\/de\/wp-json\/wp\/v2\/types\/product"}],"replies":[{"embeddable":true,"href":"https:\/\/topholds.com\/de\/wp-json\/wp\/v2\/comments?post=16821"}],"wp:featuredmedia":[{"embeddable":true,"href":"https:\/\/topholds.com\/de\/wp-json\/wp\/v2\/media\/7363"}],"wp:attachment":[{"href":"https:\/\/topholds.com\/de\/wp-json\/wp\/v2\/media?parent=16821"}],"wp:term":[{"taxonomy":"product_brand","embeddable":true,"href":"https:\/\/topholds.com\/de\/wp-json\/wp\/v2\/product_brand?post=16821"},{"taxonomy":"product_cat","embeddable":true,"href":"https:\/\/topholds.com\/de\/wp-json\/wp\/v2\/product_cat?post=16821"},{"taxonomy":"product_tag","embeddable":true,"href":"https:\/\/topholds.com\/de\/wp-json\/wp\/v2\/product_tag?post=16821"}],"curies":[{"name":"wp","href":"https:\/\/api.w.org\/{rel}","templated":true}]}}