{"id":16826,"date":"2018-11-14T20:01:42","date_gmt":"2018-11-14T20:01:42","guid":{"rendered":"https:\/\/topholds.com\/numeradas\/"},"modified":"2025-10-02T14:37:30","modified_gmt":"2025-10-02T14:37:30","slug":"numeradas","status":"publish","type":"product","link":"https:\/\/topholds.com\/de\/angebot\/klettergriffe\/kinder\/numeradas\/","title":{"rendered":"Klettergriff-Paket Nummeriert"},"content":{"rendered":"<p><strong>Numeradas ist ein Set von 10 Klettergriffen<\/strong> mit sanfter Sandsteinstextur, die f\u00fcr verschiedene F\u00e4higkeitsstufen und Griffvorlieben angepasst sind.<\/p>\n<p>Das Set Numeradas bietet <strong>Schalen-Griffe, die ideal f\u00fcr Kinder oder Anf\u00e4nger sind<\/strong>, kann jedoch umgedreht werden, um flache Griffe mit feinen Kanten f\u00fcr diejenigen zu schaffen, die eine gr\u00f6\u00dfere Herausforderung beim Greifen genie\u00dfen.<\/p>\n<p>Die Griffe sind von 1 bis 10 nummeriert, was gezielte Trainings und Spiele f\u00fcr die Kleinen erm\u00f6glicht und Spa\u00df sowie Motivation bringt. Diese Griffe sind f\u00fcr jeden \u00dcberhang geeignet, was sie sowohl f\u00fcr Kletterw\u00e4nde zu Hause als auch im Fitnessstudio ideal macht.<\/p>\n<p>Jeder Griff verf\u00fcgt \u00fcber ein Loch f\u00fcr eine Anti-Rotationsschraube, die w\u00e4hrend der Benutzung zus\u00e4tzliche Stabilit\u00e4t und Sicherheit bietet. Es wird empfohlen, <strong>M10x40 oder M8x40 Schrauben<\/strong> zu verwenden, um eine feste und langlebige Installation zu gew\u00e4hrleisten.<\/p>\n<p>Bitte beachten Sie, dass die Farben des Produkts von der abgebildeten Farbe abweichen k\u00f6nnen. Wenn Sie eine bestimmte Farbe w\u00fcnschen, z\u00f6gerten Sie nicht, uns zu kontaktieren.<\/p>\n","protected":false},"excerpt":{"rendered":"<ul>\n<li>Nummeriert, es ist ein Paket mit 10 Klettergriffen.<\/li>\n<li>Weiche Sandsteintextur.<\/li>\n<li>Griffe in Schaufelform f\u00fcr Kinder oder Anf\u00e4nger.<\/li>\n<li>Nummeriert von 1 bis 10, um gezielte Trainings und Spiele f\u00fcr die Kleinen zu erstellen.<\/li>\n<li>F\u00fcr alle \u00dcberh\u00e4nge.<\/li>\n<\/ul>\n","protected":false},"featured_media":19690,"comment_status":"open","ping_status":"closed","template":"","meta":[],"product_brand":[],"product_cat":[418,457],"product_tag":[],"class_list":{"0":"post-16826","1":"product","2":"type-product","3":"status-publish","4":"has-post-thumbnail","6":"product_cat-klettergriffe","7":"product_cat-kinder","9":"first","10":"instock","11":"taxable","12":"shipping-taxable","13":"purchasable","14":"product-type-simple"},"_links":{"self":[{"href":"https:\/\/topholds.com\/de\/wp-json\/wp\/v2\/product\/16826","targetHints":{"allow":["GET"]}}],"collection":[{"href":"https:\/\/topholds.com\/de\/wp-json\/wp\/v2\/product"}],"about":[{"href":"https:\/\/topholds.com\/de\/wp-json\/wp\/v2\/types\/product"}],"replies":[{"embeddable":true,"href":"https:\/\/topholds.com\/de\/wp-json\/wp\/v2\/comments?post=16826"}],"wp:featuredmedia":[{"embeddable":true,"href":"https:\/\/topholds.com\/de\/wp-json\/wp\/v2\/media\/19690"}],"wp:attachment":[{"href":"https:\/\/topholds.com\/de\/wp-json\/wp\/v2\/media?parent=16826"}],"wp:term":[{"taxonomy":"product_brand","embeddable":true,"href":"https:\/\/topholds.com\/de\/wp-json\/wp\/v2\/product_brand?post=16826"},{"taxonomy":"product_cat","embeddable":true,"href":"https:\/\/topholds.com\/de\/wp-json\/wp\/v2\/product_cat?post=16826"},{"taxonomy":"product_tag","embeddable":true,"href":"https:\/\/topholds.com\/de\/wp-json\/wp\/v2\/product_tag?post=16826"}],"curies":[{"name":"wp","href":"https:\/\/api.w.org\/{rel}","templated":true}]}}