{"id":16831,"date":"2018-11-18T19:20:16","date_gmt":"2018-11-18T19:20:16","guid":{"rendered":"https:\/\/topholds.com\/bestial\/"},"modified":"2025-07-31T08:26:24","modified_gmt":"2025-07-31T08:26:24","slug":"bestial","status":"publish","type":"product","link":"https:\/\/topholds.com\/de\/angebot\/hindernisparcours\/trainingc\/aufhangung\/bestial\/","title":{"rendered":"Aufh\u00e4ngung f\u00fcr Hindernisparcours Bestial"},"content":{"rendered":"<p><strong>Bestial, ein vielseitiges Element f\u00fcr Aufh\u00e4ngungen und Zugkr\u00e4fte<\/strong>, entwickelt f\u00fcr diejenigen, die ihrem Training mehr Aufregung und Herausforderung hinzuf\u00fcgen m\u00f6chten.<\/p>\n<p>Die <em>Bestial OCR Aufh\u00e4ngung<\/em> bietet mehrere Griffm\u00f6glichkeiten f\u00fcr Klimmz\u00fcge, erlaubt jedoch im dynamischen Schritt nur eine, die mehr Technik erfordert als der Ballgriff.<\/p>\n<p>Mit einer perfekten Ergonomie f\u00fcr die Hand und einer <strong>sanften, aber haftenden Textur<\/strong> wird Bestial zu einem <strong>au\u00dfergew\u00f6hnlichen Werkzeug f\u00fcr dein Klettertraining, OCR und Crossfit<\/strong>.<\/p>\n<p>Ihr leichtes Design macht sie ideal f\u00fcr den Transport an jeden Ort und f\u00fcr dein Training im Freien oder im Fitnessstudio.<\/p>\n<p>Wir haben uns aus mehreren Gr\u00fcnden f\u00fcr ein doppelt geflochtenes 6 mm Seil entschieden:<\/p>\n<ul>\n<li>Keine Behinderungen beim Griff.<\/li>\n<li>In nur 3 Sekunden, mit einem Schwanenhalstknoten, kannst du es an jedem Ast, Klimmzugstange usw. aufh\u00e4ngen.<\/li>\n<li>Mit einem Karabiner kannst du es f\u00fcr \u00dcberh\u00e4nge oder \u00dcberh\u00e4nge aufh\u00e4ngen.<\/li>\n<\/ul>\n<p>Die Farben des Produkts k\u00f6nnen von dem gezeigten Bild abweichen. Wenn du eine bestimmte Farbe w\u00fcnschst, z\u00f6gere nicht, uns zu kontaktieren.<\/p>\n","protected":false},"excerpt":{"rendered":"<ul>\n<li>Bestial ist ein Element f\u00fcr Aufh\u00e4ngungen\/Ziehbewegungen.<\/li>\n<li>Sehr leicht, ideal um sie zu unseren Trainingseinheiten \u00fcberallhin mitzunehmen.<\/li>\n<li>Es gibt keine Behinderungen beim Griff.<\/li>\n<li>In 3 Sekunden h\u00e4ngen wir sie mit einem Amselnote an jeden Ast, Klimmzugstange usw.<\/li>\n<li>Mit einem Karabiner h\u00e4ngen wir sie f\u00fcr Dach- oder \u00dcberhang-Ausg\u00e4nge auf.<\/li>\n<\/ul>\n","protected":false},"featured_media":6886,"comment_status":"open","ping_status":"closed","template":"","meta":[],"product_brand":[],"product_cat":[496,403,492],"product_tag":[],"class_list":{"0":"post-16831","1":"product","2":"type-product","3":"status-publish","4":"has-post-thumbnail","6":"product_cat-aufhangung","7":"product_cat-hindernisparcours","8":"product_cat-trainingc","10":"first","11":"instock","12":"taxable","13":"shipping-taxable","14":"purchasable","15":"product-type-simple"},"_links":{"self":[{"href":"https:\/\/topholds.com\/de\/wp-json\/wp\/v2\/product\/16831","targetHints":{"allow":["GET"]}}],"collection":[{"href":"https:\/\/topholds.com\/de\/wp-json\/wp\/v2\/product"}],"about":[{"href":"https:\/\/topholds.com\/de\/wp-json\/wp\/v2\/types\/product"}],"replies":[{"embeddable":true,"href":"https:\/\/topholds.com\/de\/wp-json\/wp\/v2\/comments?post=16831"}],"wp:featuredmedia":[{"embeddable":true,"href":"https:\/\/topholds.com\/de\/wp-json\/wp\/v2\/media\/6886"}],"wp:attachment":[{"href":"https:\/\/topholds.com\/de\/wp-json\/wp\/v2\/media?parent=16831"}],"wp:term":[{"taxonomy":"product_brand","embeddable":true,"href":"https:\/\/topholds.com\/de\/wp-json\/wp\/v2\/product_brand?post=16831"},{"taxonomy":"product_cat","embeddable":true,"href":"https:\/\/topholds.com\/de\/wp-json\/wp\/v2\/product_cat?post=16831"},{"taxonomy":"product_tag","embeddable":true,"href":"https:\/\/topholds.com\/de\/wp-json\/wp\/v2\/product_tag?post=16831"}],"curies":[{"name":"wp","href":"https:\/\/api.w.org\/{rel}","templated":true}]}}