{"id":16836,"date":"2018-12-30T19:18:08","date_gmt":"2018-12-30T19:18:08","guid":{"rendered":"https:\/\/topholds.com\/nunchaku-grips\/"},"modified":"2026-01-01T14:41:38","modified_gmt":"2026-01-01T14:41:38","slug":"nunchaku-grips","status":"publish","type":"product","link":"https:\/\/topholds.com\/de\/angebot\/hindernisparcours\/trainingc\/aufhangung\/nunchaku-grips\/","title":{"rendered":"Aufh\u00e4ngung f\u00fcr Hindernisparcours Nunchaku Griffe"},"content":{"rendered":"<p><strong>Nunchaku Grips sind OCR-Haltegriffe<\/strong>, inspiriert vom Nunchaku, der traditionellen japanischen Waffe. Sie haben eine H\u00f6he von 18 cm und einen Durchmesser von 3,7 cm.<\/p>\n<p>Ihre Ergonomie und die weiche, aber haftende Textur machen sie zu <strong>brutalen Griffen, um deine Kraft und Ausdauer im Klettern, OCR und Crossfit zu verbessern<\/strong>.<\/p>\n<p>Die Nunchaku Grips sind <strong>sehr leicht und einfach zu transportieren<\/strong>. Du kannst sie \u00fcberall mit einem enthaltenen 6mm Doppelseil aufh\u00e4ngen: an einem Ast, einer Klimmzugstange, einem Karabiner\u2026 So kannst du Decken- oder \u00dcberhang\u00fcbungen komfortabler trainieren.<\/p>\n<p>Die Farben der Nunchaku Grips k\u00f6nnen von dem Foto abweichen. Wenn du eine bestimmte Farbe ausw\u00e4hlen m\u00f6chtest, kontaktiere uns bitte.<\/p>\n","protected":false},"excerpt":{"rendered":"<ul>\n<li>Perfekte Ergonomie f\u00fcr die Hand.<\/li>\n<li>Sehr leicht, ideal um sie \u00fcberall zu unseren Trainings mitzunehmen.<\/li>\n<li>In 3 Sekunden mit einem Albatrosknoten h\u00e4ngen wir sie an jeden Ast&#8230;<\/li>\n<li>Mit einem Karabiner h\u00e4ngen wir sie f\u00fcr Ausfl\u00fcge in die H\u00f6he oder \u00dcberh\u00e4nge auf.<\/li>\n<\/ul>\n","protected":false},"featured_media":6975,"comment_status":"open","ping_status":"closed","template":"","meta":[],"product_brand":[],"product_cat":[496,403,492],"product_tag":[],"class_list":{"0":"post-16836","1":"product","2":"type-product","3":"status-publish","4":"has-post-thumbnail","6":"product_cat-aufhangung","7":"product_cat-hindernisparcours","8":"product_cat-trainingc","10":"first","11":"instock","12":"sale","13":"taxable","14":"shipping-taxable","15":"purchasable","16":"product-type-simple"},"_links":{"self":[{"href":"https:\/\/topholds.com\/de\/wp-json\/wp\/v2\/product\/16836","targetHints":{"allow":["GET"]}}],"collection":[{"href":"https:\/\/topholds.com\/de\/wp-json\/wp\/v2\/product"}],"about":[{"href":"https:\/\/topholds.com\/de\/wp-json\/wp\/v2\/types\/product"}],"replies":[{"embeddable":true,"href":"https:\/\/topholds.com\/de\/wp-json\/wp\/v2\/comments?post=16836"}],"wp:featuredmedia":[{"embeddable":true,"href":"https:\/\/topholds.com\/de\/wp-json\/wp\/v2\/media\/6975"}],"wp:attachment":[{"href":"https:\/\/topholds.com\/de\/wp-json\/wp\/v2\/media?parent=16836"}],"wp:term":[{"taxonomy":"product_brand","embeddable":true,"href":"https:\/\/topholds.com\/de\/wp-json\/wp\/v2\/product_brand?post=16836"},{"taxonomy":"product_cat","embeddable":true,"href":"https:\/\/topholds.com\/de\/wp-json\/wp\/v2\/product_cat?post=16836"},{"taxonomy":"product_tag","embeddable":true,"href":"https:\/\/topholds.com\/de\/wp-json\/wp\/v2\/product_tag?post=16836"}],"curies":[{"name":"wp","href":"https:\/\/api.w.org\/{rel}","templated":true}]}}