{"id":16846,"date":"2019-03-28T20:19:28","date_gmt":"2019-03-28T20:19:28","guid":{"rendered":"https:\/\/topholds.com\/terra-3\/"},"modified":"2024-08-26T04:13:26","modified_gmt":"2024-08-26T04:13:26","slug":"terra-3","status":"publish","type":"product","link":"https:\/\/topholds.com\/de\/angebot\/klettergriffe\/terra-3\/","title":{"rendered":"Klettergriff-Paket Terra 3"},"content":{"rendered":"<p><strong>Terra 3 ist ein Set aus 3 Klettergriffen<\/strong> mit einer attraktiven, sanften Sandsteintextur und einem tiefen Relief, die entwickelt wurden, um deine Leistung an der Wand zu verbessern.<\/p>\n<p>Jeder Griff ist <strong>mit einem Anti-Rotations-Schraubenloch ausgestattet<\/strong>, das f\u00fcr eine h\u00f6here Stabilit\u00e4t sorgt und unerw\u00fcnschte Bewegungen w\u00e4hrend der Benutzung verhindert.<\/p>\n<p>F\u00fcr eine sichere und langlebige Befestigung wird empfohlen, <strong>M10x40-Schrauben (empfohlen) oder M8x40 beim Einbau der Griffe zu verwenden<\/strong>.<\/p>\n<p>Bitte beachte, dass die Farben des Produkts von dem Bild abweichen k\u00f6nnen. Wenn du eine spezifische Farbe w\u00fcnschst, z\u00f6gere nicht, uns zu kontaktieren.<\/p>\n","protected":false},"excerpt":{"rendered":"<ul>\n<li>Terra 3 ist ein Set von 3 Klettergriffen.<\/li>\n<li>Weiche Sandsteinoberfl\u00e4che und ein sehr tiefes Relief.<\/li>\n<li>Alle mit einem Loch f\u00fcr eine Anti-Rotationsschraube versehen.<\/li>\n<\/ul>\n<p>&nbsp;<\/p>\n","protected":false},"featured_media":19745,"comment_status":"open","ping_status":"closed","template":"","meta":[],"product_brand":[],"product_cat":[418],"product_tag":[],"class_list":{"0":"post-16846","1":"product","2":"type-product","3":"status-publish","4":"has-post-thumbnail","6":"product_cat-klettergriffe","8":"first","9":"instock","10":"taxable","11":"shipping-taxable","12":"purchasable","13":"product-type-simple"},"_links":{"self":[{"href":"https:\/\/topholds.com\/de\/wp-json\/wp\/v2\/product\/16846","targetHints":{"allow":["GET"]}}],"collection":[{"href":"https:\/\/topholds.com\/de\/wp-json\/wp\/v2\/product"}],"about":[{"href":"https:\/\/topholds.com\/de\/wp-json\/wp\/v2\/types\/product"}],"replies":[{"embeddable":true,"href":"https:\/\/topholds.com\/de\/wp-json\/wp\/v2\/comments?post=16846"}],"wp:featuredmedia":[{"embeddable":true,"href":"https:\/\/topholds.com\/de\/wp-json\/wp\/v2\/media\/19745"}],"wp:attachment":[{"href":"https:\/\/topholds.com\/de\/wp-json\/wp\/v2\/media?parent=16846"}],"wp:term":[{"taxonomy":"product_brand","embeddable":true,"href":"https:\/\/topholds.com\/de\/wp-json\/wp\/v2\/product_brand?post=16846"},{"taxonomy":"product_cat","embeddable":true,"href":"https:\/\/topholds.com\/de\/wp-json\/wp\/v2\/product_cat?post=16846"},{"taxonomy":"product_tag","embeddable":true,"href":"https:\/\/topholds.com\/de\/wp-json\/wp\/v2\/product_tag?post=16846"}],"curies":[{"name":"wp","href":"https:\/\/api.w.org\/{rel}","templated":true}]}}