{"id":16851,"date":"2019-03-29T07:14:43","date_gmt":"2019-03-29T07:14:43","guid":{"rendered":"https:\/\/topholds.com\/terra-35\/"},"modified":"2024-08-26T04:14:03","modified_gmt":"2024-08-26T04:14:03","slug":"terra-35","status":"publish","type":"product","link":"https:\/\/topholds.com\/de\/angebot\/klettergriffe\/terra-35\/","title":{"rendered":"Klettergriff-Paket Terra 35"},"content":{"rendered":"<div class=\"flex-1 overflow-hidden\">\n<div class=\"react-scroll-to-bottom--css-ogubs-79elbk h-full dark:bg-gray-800\">\n<div class=\"react-scroll-to-bottom--css-ogubs-1n7m0yu\">\n<div class=\"flex flex-col items-center text-sm dark:bg-gray-800\">\n<div class=\"group w-full text-gray-800 dark:text-gray-100 border-b border-black\/10 dark:border-gray-900\/50 bg-gray-50 dark:bg-[#444654]\">\n<div class=\"text-base gap-4 md:gap-6 md:max-w-2xl lg:max-w-2xl xl:max-w-3xl p-4 md:py-6 flex lg:px-0 m-auto\">\n<div class=\"relative flex w-[calc(100%-50px)] flex-col gap-1 md:gap-3 lg:w-[calc(100%-115px)]\">\n<div class=\"flex flex-grow flex-col gap-3\">\n<div class=\"min-h-[20px] flex flex-col items-start gap-4 whitespace-pre-wrap\">\n<div class=\"markdown prose w-full break-words dark:prose-invert light\">\n<p><strong>Terra 35 ist ein Set aus 3 Klettergriffen<\/strong> mit einer sanften Sandsteinstruktur und tiefem Relief.<\/p>\n<p>Diese Griffe bieten dir gro\u00dfe Henkel, die du mit beiden H\u00e4nden greifen kannst, <strong>ideal zum \u00dcberwinden von \u00dcberh\u00e4ngen und D\u00e4chern<\/strong>. Wenn du sie umdrehst, findest du herausfordernde Leisten und Scheiben, die dir erlauben, eine gro\u00dfe Vielfalt an Konfigurationen an deiner Kletterwand zu erstellen.<\/p>\n<p>Jeder Griff ist mit einem Anti-Rotationsloch f\u00fcr die Schrauben ausgestattet, was eine <strong>h\u00f6here Stabilit\u00e4t gew\u00e4hrleistet und unerw\u00fcnschte Bewegungen w\u00e4hrend der Benutzung verhindert<\/strong>.<\/p>\n<p>F\u00fcr die Installation empfehlen wir <strong>Schrauben M10x40 (empfohlen) oder M8x40<\/strong> zu verwenden.<\/p>\n<p>Bitte beachte, dass die Farben des Produkts von dem gezeigten Bild abweichen k\u00f6nnen. Wenn du eine spezifische Farbe bevorzugst, z\u00f6gere nicht, uns zu kontaktieren.<\/p>\n<\/div>\n<\/div>\n<\/div>\n<\/div>\n<\/div>\n<\/div>\n<\/div>\n<\/div>\n<\/div>\n","protected":false},"excerpt":{"rendered":"<ul>\n<li>Terra 35 ist ein Set von 3 Klettergriffen.<\/li>\n<li>Weiche Sandsteintextur und sehr tiefe Vertiefungen.<\/li>\n<li>Gro\u00dfe Henkel f\u00fcr beide H\u00e4nde.<\/li>\n<li>Geeignet f\u00fcr jede \u00dcberhang- und Dachstelle.<\/li>\n<li>Alle mit einem Loch f\u00fcr Schrauben gegen das Drehen ausgestattet.<\/li>\n<\/ul>\n","protected":false},"featured_media":19770,"comment_status":"open","ping_status":"closed","template":"","meta":[],"product_brand":[],"product_cat":[418],"product_tag":[],"class_list":{"0":"post-16851","1":"product","2":"type-product","3":"status-publish","4":"has-post-thumbnail","6":"product_cat-klettergriffe","8":"first","9":"instock","10":"taxable","11":"shipping-taxable","12":"purchasable","13":"product-type-simple"},"_links":{"self":[{"href":"https:\/\/topholds.com\/de\/wp-json\/wp\/v2\/product\/16851","targetHints":{"allow":["GET"]}}],"collection":[{"href":"https:\/\/topholds.com\/de\/wp-json\/wp\/v2\/product"}],"about":[{"href":"https:\/\/topholds.com\/de\/wp-json\/wp\/v2\/types\/product"}],"replies":[{"embeddable":true,"href":"https:\/\/topholds.com\/de\/wp-json\/wp\/v2\/comments?post=16851"}],"wp:featuredmedia":[{"embeddable":true,"href":"https:\/\/topholds.com\/de\/wp-json\/wp\/v2\/media\/19770"}],"wp:attachment":[{"href":"https:\/\/topholds.com\/de\/wp-json\/wp\/v2\/media?parent=16851"}],"wp:term":[{"taxonomy":"product_brand","embeddable":true,"href":"https:\/\/topholds.com\/de\/wp-json\/wp\/v2\/product_brand?post=16851"},{"taxonomy":"product_cat","embeddable":true,"href":"https:\/\/topholds.com\/de\/wp-json\/wp\/v2\/product_cat?post=16851"},{"taxonomy":"product_tag","embeddable":true,"href":"https:\/\/topholds.com\/de\/wp-json\/wp\/v2\/product_tag?post=16851"}],"curies":[{"name":"wp","href":"https:\/\/api.w.org\/{rel}","templated":true}]}}